{"id":1826,"date":"2020-12-07T05:43:53","date_gmt":"2020-12-07T04:43:53","guid":{"rendered":"https:\/\/renemaran.com\/?page_id=1826"},"modified":"2020-12-09T10:32:06","modified_gmt":"2020-12-09T09:32:06","slug":"biographie","status":"publish","type":"page","link":"https:\/\/renemaran.com\/index.php\/biographie\/","title":{"rendered":"Biographie"},"content":{"rendered":"\t\t<div data-elementor-type=\"wp-page\" data-elementor-id=\"1826\" class=\"elementor elementor-1826\">\n\t\t\t\t\t\t<div class=\"elementor-inner\">\n\t\t\t\t<div class=\"elementor-section-wrap\">\n\t\t\t\t\t\t\t\t\t<section class=\"elementor-section elementor-top-section elementor-element elementor-element-5a1c304 elementor-section-boxed elementor-section-height-default elementor-section-height-default\" data-id=\"5a1c304\" data-element_type=\"section\">\n\t\t\t\t\t\t<div class=\"elementor-container elementor-column-gap-default\">\n\t\t\t\t\t\t\t<div class=\"elementor-row\">\n\t\t\t\t\t<div class=\"elementor-column elementor-col-100 elementor-top-column elementor-element elementor-element-01d889e\" data-id=\"01d889e\" data-element_type=\"column\">\n\t\t\t<div class=\"elementor-column-wrap elementor-element-populated\">\n\t\t\t\t\t\t\t<div class=\"elementor-widget-wrap\">\n\t\t\t\t\t\t<div class=\"elementor-element elementor-element-ff3de30 elementor-widget elementor-widget-image\" data-id=\"ff3de30\" data-element_type=\"widget\" data-widget_type=\"image.default\">\n\t\t\t\t<div class=\"elementor-widget-container\">\n\t\t\t\t\t\t\t\t<div class=\"elementor-image\">\n\t\t\t\t\t\t\t\t\t\t\t\t<img width=\"854\" height=\"1208\" src=\"https:\/\/renemaran.com\/wp-content\/uploads\/2020\/12\/Rene-maran-biographie-1.png\" class=\"attachment-2048x2048 size-2048x2048 wp-image-2015\" alt=\"\" loading=\"lazy\" srcset=\"https:\/\/renemaran.com\/wp-content\/uploads\/2020\/12\/Rene-maran-biographie-1.png 854w, https:\/\/renemaran.com\/wp-content\/uploads\/2020\/12\/Rene-maran-biographie-1-212x300.png 212w, https:\/\/renemaran.com\/wp-content\/uploads\/2020\/12\/Rene-maran-biographie-1-353x500.png 353w, https:\/\/renemaran.com\/wp-content\/uploads\/2020\/12\/Rene-maran-biographie-1-768x1086.png 768w\" sizes=\"(max-width: 854px) 100vw, 854px\" \/>\t\t\t\t\t\t\t\t\t\t\t\t\t\t<\/div>\n\t\t\t\t\t\t<\/div>\n\t\t\t\t<\/div>\n\t\t\t\t<div class=\"elementor-element elementor-element-33a19cb elementor-widget elementor-widget-image\" data-id=\"33a19cb\" data-element_type=\"widget\" data-widget_type=\"image.default\">\n\t\t\t\t<div class=\"elementor-widget-container\">\n\t\t\t\t\t\t\t\t<div class=\"elementor-image\">\n\t\t\t\t\t\t\t\t\t\t\t\t<img width=\"850\" height=\"1198\" src=\"https:\/\/renemaran.com\/wp-content\/uploads\/2020\/12\/Rene-maran-biographie-2.png\" class=\"attachment-2048x2048 size-2048x2048 wp-image-2016\" alt=\"\" loading=\"lazy\" srcset=\"https:\/\/renemaran.com\/wp-content\/uploads\/2020\/12\/Rene-maran-biographie-2.png 850w, https:\/\/renemaran.com\/wp-content\/uploads\/2020\/12\/Rene-maran-biographie-2-213x300.png 213w, https:\/\/renemaran.com\/wp-content\/uploads\/2020\/12\/Rene-maran-biographie-2-355x500.png 355w, https:\/\/renemaran.com\/wp-content\/uploads\/2020\/12\/Rene-maran-biographie-2-768x1082.png 768w\" sizes=\"(max-width: 850px) 100vw, 850px\" \/>\t\t\t\t\t\t\t\t\t\t\t\t\t\t<\/div>\n\t\t\t\t\t\t<\/div>\n\t\t\t\t<\/div>\n\t\t\t\t<div class=\"elementor-element elementor-element-0d12e80 elementor-widget elementor-widget-image\" data-id=\"0d12e80\" data-element_type=\"widget\" data-widget_type=\"image.default\">\n\t\t\t\t<div class=\"elementor-widget-container\">\n\t\t\t\t\t\t\t\t<div class=\"elementor-image\">\n\t\t\t\t\t\t\t\t\t\t\t\t<img width=\"848\" height=\"1206\" src=\"https:\/\/renemaran.com\/wp-content\/uploads\/2020\/12\/Rene-maran-biographie-3.png\" class=\"attachment-2048x2048 size-2048x2048 wp-image-2017\" alt=\"\" loading=\"lazy\" srcset=\"https:\/\/renemaran.com\/wp-content\/uploads\/2020\/12\/Rene-maran-biographie-3.png 848w, https:\/\/renemaran.com\/wp-content\/uploads\/2020\/12\/Rene-maran-biographie-3-211x300.png 211w, https:\/\/renemaran.com\/wp-content\/uploads\/2020\/12\/Rene-maran-biographie-3-352x500.png 352w, https:\/\/renemaran.com\/wp-content\/uploads\/2020\/12\/Rene-maran-biographie-3-768x1092.png 768w\" sizes=\"(max-width: 848px) 100vw, 848px\" \/>\t\t\t\t\t\t\t\t\t\t\t\t\t\t<\/div>\n\t\t\t\t\t\t<\/div>\n\t\t\t\t<\/div>\n\t\t\t\t<div class=\"elementor-element elementor-element-7949cf0 elementor-widget elementor-widget-image\" data-id=\"7949cf0\" data-element_type=\"widget\" data-widget_type=\"image.default\">\n\t\t\t\t<div class=\"elementor-widget-container\">\n\t\t\t\t\t\t\t\t<div class=\"elementor-image\">\n\t\t\t\t\t\t\t\t\t\t\t\t<img width=\"842\" height=\"1194\" src=\"https:\/\/renemaran.com\/wp-content\/uploads\/2020\/12\/Rene-maran-biographie-4.png\" class=\"attachment-2048x2048 size-2048x2048 wp-image-2018\" alt=\"\" loading=\"lazy\" srcset=\"https:\/\/renemaran.com\/wp-content\/uploads\/2020\/12\/Rene-maran-biographie-4.png 842w, https:\/\/renemaran.com\/wp-content\/uploads\/2020\/12\/Rene-maran-biographie-4-212x300.png 212w, https:\/\/renemaran.com\/wp-content\/uploads\/2020\/12\/Rene-maran-biographie-4-353x500.png 353w, https:\/\/renemaran.com\/wp-content\/uploads\/2020\/12\/Rene-maran-biographie-4-768x1089.png 768w\" sizes=\"(max-width: 842px) 100vw, 842px\" \/>\t\t\t\t\t\t\t\t\t\t\t\t\t\t<\/div>\n\t\t\t\t\t\t<\/div>\n\t\t\t\t<\/div>\n\t\t\t\t\t\t<\/div>\n\t\t\t\t\t<\/div>\n\t\t<\/div>\n\t\t\t\t\t\t\t\t<\/div>\n\t\t\t\t\t<\/div>\n\t\t<\/section>\n\t\t\t\t<section class=\"elementor-section elementor-top-section elementor-element elementor-element-a3814ce elementor-section-boxed elementor-section-height-default elementor-section-height-default\" data-id=\"a3814ce\" data-element_type=\"section\">\n\t\t\t\t\t\t<div class=\"elementor-container elementor-column-gap-default\">\n\t\t\t\t\t\t\t<div class=\"elementor-row\">\n\t\t\t\t\t<div class=\"elementor-column elementor-col-100 elementor-top-column elementor-element elementor-element-31d8b93\" data-id=\"31d8b93\" data-element_type=\"column\">\n\t\t\t<div class=\"elementor-column-wrap elementor-element-populated\">\n\t\t\t\t\t\t\t<div class=\"elementor-widget-wrap\">\n\t\t\t\t\t\t<div class=\"elementor-element elementor-element-0164961 elementor-widget elementor-widget-shortcode\" data-id=\"0164961\" data-element_type=\"widget\" data-widget_type=\"shortcode.default\">\n\t\t\t\t<div class=\"elementor-widget-container\">\n\t\t\t\t\t<div class=\"elementor-shortcode\">\n\t<div class=\"wp-spaios-slider-wrap wp-spaios-row-clearfix\" data-conf=\"&quot;&quot;\">\n\t\t<div class=\"wp-spaios-slider wp-spaios-polaroids-gallery wp-spaios-gallery photostack\" id=\"wp-spaios-polaroids-gallery-1\" style=\"\">\n\t\t\t\t\t\t<div class=\"\">\n\t\t\t\r\n<figure>\r\n\t\t\t<a class=\"wp-spaios-img-link\" href=\"https:\/\/renemaran.com\/wp-content\/uploads\/2020\/12\/Capture-decran-2020-12-09-a-10.10.22-e1608270481131.png\" data-fancybox=\"gallery\" data-options=\"{&quot;loop&quot;:&quot;true&quot;,&quot;transitionEffect&quot;:&quot;slide&quot;}\">\r\n\t\t\t<img class=\"wp-spaios-slider-image\" src=\"https:\/\/renemaran.com\/wp-content\/uploads\/2020\/12\/Capture-decran-2020-12-09-a-10.10.22-e1608270481131.png\" alt=\"\" title=\"REmaranbio1\" \/>\r\n\t\t<\/a>\r\n\t<\/figure>\r\n<figure>\r\n\t\t\t<a class=\"wp-spaios-img-link\" href=\"https:\/\/renemaran.com\/wp-content\/uploads\/2020\/12\/Capture-decran-2020-12-09-a-10.15.34.png\" data-fancybox=\"gallery\" data-options=\"{&quot;loop&quot;:&quot;true&quot;,&quot;transitionEffect&quot;:&quot;slide&quot;}\">\r\n\t\t\t<img class=\"wp-spaios-slider-image\" src=\"https:\/\/renemaran.com\/wp-content\/uploads\/2020\/12\/Capture-decran-2020-12-09-a-10.15.34.png\" alt=\"\" title=\"Capture d\u2019\u00e9cran 2020-12-09 \u00e0 10.15.34\" \/>\r\n\t\t<\/a>\r\n\t<\/figure>\r\n<figure>\r\n\t\t\t<a class=\"wp-spaios-img-link\" href=\"https:\/\/renemaran.com\/wp-content\/uploads\/2021\/04\/GENEALOGIE-RENE-MARAN-scaled.jpg\" data-fancybox=\"gallery\" data-options=\"{&quot;loop&quot;:&quot;true&quot;,&quot;transitionEffect&quot;:&quot;slide&quot;}\">\r\n\t\t\t<img class=\"wp-spaios-slider-image\" src=\"https:\/\/renemaran.com\/wp-content\/uploads\/2021\/04\/GENEALOGIE-RENE-MARAN-scaled.jpg\" alt=\"\" title=\"GENEALOGIE RENE MARAN\" \/>\r\n\t\t<\/a>\r\n\t<\/figure>\t\t\t\t\t\t<\/div>\n\t\t\t\t\t<\/div>\n\t<\/div>\n\t<\/div>\n\t\t\t\t<\/div>\n\t\t\t\t<\/div>\n\t\t\t\t\t\t<\/div>\n\t\t\t\t\t<\/div>\n\t\t<\/div>\n\t\t\t\t\t\t\t\t<\/div>\n\t\t\t\t\t<\/div>\n\t\t<\/section>\n\t\t\t\t\t\t\t\t\t<\/div>\n\t\t\t<\/div>\n\t\t\t\t\t<\/div>\n\t\t","protected":false},"excerpt":{"rendered":"","protected":false},"author":2,"featured_media":0,"parent":0,"menu_order":0,"comment_status":"closed","ping_status":"closed","template":"","meta":{"ocean_post_layout":"","ocean_both_sidebars_style":"","ocean_both_sidebars_content_width":0,"ocean_both_sidebars_sidebars_width":0,"ocean_sidebar":"0","ocean_second_sidebar":"0","ocean_disable_margins":"enable","ocean_add_body_class":"","ocean_shortcode_before_top_bar":"","ocean_shortcode_after_top_bar":"","ocean_shortcode_before_header":"","ocean_shortcode_after_header":"","ocean_has_shortcode":"","ocean_shortcode_after_title":"","ocean_shortcode_before_footer_widgets":"","ocean_shortcode_after_footer_widgets":"","ocean_shortcode_before_footer_bottom":"","ocean_shortcode_after_footer_bottom":"","ocean_display_top_bar":"default","ocean_display_header":"default","ocean_header_style":"","ocean_center_header_left_menu":"0","ocean_custom_header_template":"0","ocean_custom_logo":0,"ocean_custom_retina_logo":0,"ocean_custom_logo_max_width":0,"ocean_custom_logo_tablet_max_width":0,"ocean_custom_logo_mobile_max_width":0,"ocean_custom_logo_max_height":0,"ocean_custom_logo_tablet_max_height":0,"ocean_custom_logo_mobile_max_height":0,"ocean_header_custom_menu":"0","ocean_menu_typo_font_family":"0","ocean_menu_typo_font_subset":"","ocean_menu_typo_font_size":0,"ocean_menu_typo_font_size_tablet":0,"ocean_menu_typo_font_size_mobile":0,"ocean_menu_typo_font_size_unit":"px","ocean_menu_typo_font_weight":"","ocean_menu_typo_font_weight_tablet":"","ocean_menu_typo_font_weight_mobile":"","ocean_menu_typo_transform":"","ocean_menu_typo_transform_tablet":"","ocean_menu_typo_transform_mobile":"","ocean_menu_typo_line_height":0,"ocean_menu_typo_line_height_tablet":0,"ocean_menu_typo_line_height_mobile":0,"ocean_menu_typo_line_height_unit":"","ocean_menu_typo_spacing":0,"ocean_menu_typo_spacing_tablet":0,"ocean_menu_typo_spacing_mobile":0,"ocean_menu_typo_spacing_unit":"","ocean_menu_link_color":"","ocean_menu_link_color_hover":"","ocean_menu_link_color_active":"","ocean_menu_link_background":"","ocean_menu_link_hover_background":"","ocean_menu_link_active_background":"","ocean_menu_social_links_bg":"","ocean_menu_social_hover_links_bg":"","ocean_menu_social_links_color":"","ocean_menu_social_hover_links_color":"","ocean_disable_title":"on","ocean_disable_heading":"default","ocean_post_title":"","ocean_post_subheading":"","ocean_post_title_style":"","ocean_post_title_background_color":"","ocean_post_title_background":0,"ocean_post_title_bg_image_position":"","ocean_post_title_bg_image_attachment":"","ocean_post_title_bg_image_repeat":"","ocean_post_title_bg_image_size":"","ocean_post_title_height":0,"ocean_post_title_bg_overlay":0.5,"ocean_post_title_bg_overlay_color":"","ocean_disable_breadcrumbs":"default","ocean_breadcrumbs_color":"","ocean_breadcrumbs_separator_color":"","ocean_breadcrumbs_links_color":"","ocean_breadcrumbs_links_hover_color":"","ocean_display_footer_widgets":"default","ocean_display_footer_bottom":"default","ocean_custom_footer_template":"0"},"yoast_head":"<!-- This site is optimized with the Yoast SEO plugin v18.4.1 - https:\/\/yoast.com\/wordpress\/plugins\/seo\/ -->\n<title>Biographie - Ren\u00e9 Maran<\/title>\n<meta name=\"robots\" content=\"index, follow, max-snippet:-1, max-image-preview:large, max-video-preview:-1\" \/>\n<link rel=\"canonical\" href=\"https:\/\/renemaran.com\/index.php\/biographie\/\" \/>\n<meta property=\"og:locale\" content=\"fr_FR\" \/>\n<meta property=\"og:type\" content=\"article\" \/>\n<meta property=\"og:title\" content=\"Biographie - Ren\u00e9 Maran\" \/>\n<meta property=\"og:url\" content=\"https:\/\/renemaran.com\/index.php\/biographie\/\" \/>\n<meta property=\"og:site_name\" content=\"Ren\u00e9 Maran\" \/>\n<meta property=\"article:modified_time\" content=\"2020-12-09T09:32:06+00:00\" \/>\n<meta property=\"og:image\" content=\"https:\/\/renemaran.com\/wp-content\/uploads\/2020\/12\/Rene-maran-biographie-1.png\" \/>\n<meta name=\"twitter:card\" content=\"summary_large_image\" \/>\n<script type=\"application\/ld+json\" class=\"yoast-schema-graph\">{\"@context\":\"https:\/\/schema.org\",\"@graph\":[{\"@type\":[\"Person\",\"Organization\"],\"@id\":\"https:\/\/renemaran.com\/#\/schema\/person\/c9f293ce270dbc362db19c0ee539baf5\",\"name\":\"Jimmy Brisset\",\"logo\":{\"@id\":\"https:\/\/renemaran.com\/#personlogo\"}},{\"@type\":\"WebSite\",\"@id\":\"https:\/\/renemaran.com\/#website\",\"url\":\"https:\/\/renemaran.com\/\",\"name\":\"Ren\u00e9 Maran\",\"description\":\"Premier \u00e9crivain noir \u00e0 obtenir le prix Goncourt en 1921\",\"publisher\":{\"@id\":\"https:\/\/renemaran.com\/#\/schema\/person\/c9f293ce270dbc362db19c0ee539baf5\"},\"potentialAction\":[{\"@type\":\"SearchAction\",\"target\":{\"@type\":\"EntryPoint\",\"urlTemplate\":\"https:\/\/renemaran.com\/?s={search_term_string}\"},\"query-input\":\"required name=search_term_string\"}],\"inLanguage\":\"fr-FR\"},{\"@type\":\"ImageObject\",\"@id\":\"https:\/\/renemaran.com\/index.php\/biographie\/#primaryimage\",\"inLanguage\":\"fr-FR\",\"url\":\"https:\/\/renemaran.com\/wp-content\/uploads\/2020\/12\/Rene-maran-biographie-1.png\",\"contentUrl\":\"https:\/\/renemaran.com\/wp-content\/uploads\/2020\/12\/Rene-maran-biographie-1.png\",\"width\":854,\"height\":1208},{\"@type\":\"WebPage\",\"@id\":\"https:\/\/renemaran.com\/index.php\/biographie\/#webpage\",\"url\":\"https:\/\/renemaran.com\/index.php\/biographie\/\",\"name\":\"Biographie - Ren\u00e9 Maran\",\"isPartOf\":{\"@id\":\"https:\/\/renemaran.com\/#website\"},\"primaryImageOfPage\":{\"@id\":\"https:\/\/renemaran.com\/index.php\/biographie\/#primaryimage\"},\"datePublished\":\"2020-12-07T04:43:53+00:00\",\"dateModified\":\"2020-12-09T09:32:06+00:00\",\"breadcrumb\":{\"@id\":\"https:\/\/renemaran.com\/index.php\/biographie\/#breadcrumb\"},\"inLanguage\":\"fr-FR\",\"potentialAction\":[{\"@type\":\"ReadAction\",\"target\":[\"https:\/\/renemaran.com\/index.php\/biographie\/\"]}]},{\"@type\":\"BreadcrumbList\",\"@id\":\"https:\/\/renemaran.com\/index.php\/biographie\/#breadcrumb\",\"itemListElement\":[{\"@type\":\"ListItem\",\"position\":1,\"name\":\"Accueil\",\"item\":\"https:\/\/renemaran.com\/\"},{\"@type\":\"ListItem\",\"position\":2,\"name\":\"Biographie\"}]}]}<\/script>\n<!-- \/ Yoast SEO plugin. -->","yoast_head_json":{"title":"Biographie - Ren\u00e9 Maran","robots":{"index":"index","follow":"follow","max-snippet":"max-snippet:-1","max-image-preview":"max-image-preview:large","max-video-preview":"max-video-preview:-1"},"canonical":"https:\/\/renemaran.com\/index.php\/biographie\/","og_locale":"fr_FR","og_type":"article","og_title":"Biographie - Ren\u00e9 Maran","og_url":"https:\/\/renemaran.com\/index.php\/biographie\/","og_site_name":"Ren\u00e9 Maran","article_modified_time":"2020-12-09T09:32:06+00:00","og_image":[{"url":"https:\/\/renemaran.com\/wp-content\/uploads\/2020\/12\/Rene-maran-biographie-1.png"}],"twitter_card":"summary_large_image","schema":{"@context":"https:\/\/schema.org","@graph":[{"@type":["Person","Organization"],"@id":"https:\/\/renemaran.com\/#\/schema\/person\/c9f293ce270dbc362db19c0ee539baf5","name":"Jimmy Brisset","logo":{"@id":"https:\/\/renemaran.com\/#personlogo"}},{"@type":"WebSite","@id":"https:\/\/renemaran.com\/#website","url":"https:\/\/renemaran.com\/","name":"Ren\u00e9 Maran","description":"Premier \u00e9crivain noir \u00e0 obtenir le prix Goncourt en 1921","publisher":{"@id":"https:\/\/renemaran.com\/#\/schema\/person\/c9f293ce270dbc362db19c0ee539baf5"},"potentialAction":[{"@type":"SearchAction","target":{"@type":"EntryPoint","urlTemplate":"https:\/\/renemaran.com\/?s={search_term_string}"},"query-input":"required name=search_term_string"}],"inLanguage":"fr-FR"},{"@type":"ImageObject","@id":"https:\/\/renemaran.com\/index.php\/biographie\/#primaryimage","inLanguage":"fr-FR","url":"https:\/\/renemaran.com\/wp-content\/uploads\/2020\/12\/Rene-maran-biographie-1.png","contentUrl":"https:\/\/renemaran.com\/wp-content\/uploads\/2020\/12\/Rene-maran-biographie-1.png","width":854,"height":1208},{"@type":"WebPage","@id":"https:\/\/renemaran.com\/index.php\/biographie\/#webpage","url":"https:\/\/renemaran.com\/index.php\/biographie\/","name":"Biographie - Ren\u00e9 Maran","isPartOf":{"@id":"https:\/\/renemaran.com\/#website"},"primaryImageOfPage":{"@id":"https:\/\/renemaran.com\/index.php\/biographie\/#primaryimage"},"datePublished":"2020-12-07T04:43:53+00:00","dateModified":"2020-12-09T09:32:06+00:00","breadcrumb":{"@id":"https:\/\/renemaran.com\/index.php\/biographie\/#breadcrumb"},"inLanguage":"fr-FR","potentialAction":[{"@type":"ReadAction","target":["https:\/\/renemaran.com\/index.php\/biographie\/"]}]},{"@type":"BreadcrumbList","@id":"https:\/\/renemaran.com\/index.php\/biographie\/#breadcrumb","itemListElement":[{"@type":"ListItem","position":1,"name":"Accueil","item":"https:\/\/renemaran.com\/"},{"@type":"ListItem","position":2,"name":"Biographie"}]}]}},"_links":{"self":[{"href":"https:\/\/renemaran.com\/index.php\/wp-json\/wp\/v2\/pages\/1826"}],"collection":[{"href":"https:\/\/renemaran.com\/index.php\/wp-json\/wp\/v2\/pages"}],"about":[{"href":"https:\/\/renemaran.com\/index.php\/wp-json\/wp\/v2\/types\/page"}],"author":[{"embeddable":true,"href":"https:\/\/renemaran.com\/index.php\/wp-json\/wp\/v2\/users\/2"}],"replies":[{"embeddable":true,"href":"https:\/\/renemaran.com\/index.php\/wp-json\/wp\/v2\/comments?post=1826"}],"version-history":[{"count":66,"href":"https:\/\/renemaran.com\/index.php\/wp-json\/wp\/v2\/pages\/1826\/revisions"}],"predecessor-version":[{"id":2262,"href":"https:\/\/renemaran.com\/index.php\/wp-json\/wp\/v2\/pages\/1826\/revisions\/2262"}],"wp:attachment":[{"href":"https:\/\/renemaran.com\/index.php\/wp-json\/wp\/v2\/media?parent=1826"}],"curies":[{"name":"wp","href":"https:\/\/api.w.org\/{rel}","templated":true}]}}