{"id":2087,"date":"2020-12-09T06:31:23","date_gmt":"2020-12-09T05:31:23","guid":{"rendered":"https:\/\/renemaran.com\/?page_id=2087"},"modified":"2021-04-23T13:15:51","modified_gmt":"2021-04-23T11:15:51","slug":"auteurs-du-site","status":"publish","type":"page","link":"https:\/\/renemaran.com\/index.php\/auteurs-du-site\/","title":{"rendered":"Auteurs du site"},"content":{"rendered":"\t\t<div data-elementor-type=\"wp-page\" data-elementor-id=\"2087\" class=\"elementor elementor-2087\">\n\t\t\t\t\t\t<div class=\"elementor-inner\">\n\t\t\t\t<div class=\"elementor-section-wrap\">\n\t\t\t\t\t\t\t\t\t<section class=\"elementor-section elementor-top-section elementor-element elementor-element-d981d85 elementor-section-boxed elementor-section-height-default elementor-section-height-default\" data-id=\"d981d85\" data-element_type=\"section\">\n\t\t\t\t\t\t<div class=\"elementor-container elementor-column-gap-default\">\n\t\t\t\t\t\t\t<div class=\"elementor-row\">\n\t\t\t\t\t<div class=\"elementor-column elementor-col-100 elementor-top-column elementor-element elementor-element-5e7f149\" data-id=\"5e7f149\" data-element_type=\"column\">\n\t\t\t<div class=\"elementor-column-wrap elementor-element-populated\">\n\t\t\t\t\t\t\t<div class=\"elementor-widget-wrap\">\n\t\t\t\t\t\t<div class=\"elementor-element elementor-element-92c8cfe elementor-widget elementor-widget-heading\" data-id=\"92c8cfe\" data-element_type=\"widget\" data-widget_type=\"heading.default\">\n\t\t\t\t<div class=\"elementor-widget-container\">\n\t\t\t<h2 class=\"elementor-heading-title elementor-size-default\">Collaboration renemaran.com<\/h2>\t\t<\/div>\n\t\t\t\t<\/div>\n\t\t\t\t<div class=\"elementor-element elementor-element-c65dbd8 elementor-widget elementor-widget-spacer\" data-id=\"c65dbd8\" data-element_type=\"widget\" data-widget_type=\"spacer.default\">\n\t\t\t\t<div class=\"elementor-widget-container\">\n\t\t\t\t\t<div class=\"elementor-spacer\">\n\t\t\t<div class=\"elementor-spacer-inner\"><\/div>\n\t\t<\/div>\n\t\t\t\t<\/div>\n\t\t\t\t<\/div>\n\t\t\t\t<div class=\"elementor-element elementor-element-add7605 elementor-widget elementor-widget-image\" data-id=\"add7605\" data-element_type=\"widget\" data-widget_type=\"image.default\">\n\t\t\t\t<div class=\"elementor-widget-container\">\n\t\t\t\t\t\t\t\t<div class=\"elementor-image\">\n\t\t\t\t\t\t\t\t\t\t\t\t<img src=\"https:\/\/renemaran.com\/wp-content\/uploads\/elementor\/thumbs\/TAMPON-BATOUALA-p64xkv3tgh89ey6ovhltm1bvq5vzu7963g6codshw8.jpg\" title=\"TAMPON BATOUALA\" alt=\"TAMPON BATOUALA\" loading=\"lazy\" \/>\t\t\t\t\t\t\t\t\t\t\t\t\t\t<\/div>\n\t\t\t\t\t\t<\/div>\n\t\t\t\t<\/div>\n\t\t\t\t<div class=\"elementor-element elementor-element-447183c elementor-widget elementor-widget-spacer\" data-id=\"447183c\" data-element_type=\"widget\" data-widget_type=\"spacer.default\">\n\t\t\t\t<div class=\"elementor-widget-container\">\n\t\t\t\t\t<div class=\"elementor-spacer\">\n\t\t\t<div class=\"elementor-spacer-inner\"><\/div>\n\t\t<\/div>\n\t\t\t\t<\/div>\n\t\t\t\t<\/div>\n\t\t\t\t<div class=\"elementor-element elementor-element-1bb0dec elementor-widget elementor-widget-text-editor\" data-id=\"1bb0dec\" data-element_type=\"widget\" data-widget_type=\"text-editor.default\">\n\t\t\t\t<div class=\"elementor-widget-container\">\n\t\t\t\t\t\t\t\t<div class=\"elementor-text-editor elementor-clearfix\">\n\t\t\t\t<p>Ce site est n\u00e9 d&rsquo;une belle histoire et d&rsquo;une collaboration \u00e0 la demande de Bernard Michel petit-fils de Ren\u00e9 Maran qui a voulu rendre hommage \u00e0 son grand-p\u00e8re en regroupant tout son travail et son histoire m\u00e9connue du grand public pour lui redonner sa juste valeur.<\/p>\t\t\t\t\t<\/div>\n\t\t\t\t\t\t<\/div>\n\t\t\t\t<\/div>\n\t\t\t\t<div class=\"elementor-element elementor-element-f1c08ce elementor-widget elementor-widget-image\" data-id=\"f1c08ce\" data-element_type=\"widget\" id=\"contacts\" data-widget_type=\"image.default\">\n\t\t\t\t<div class=\"elementor-widget-container\">\n\t\t\t\t\t\t\t\t<div class=\"elementor-image\">\n\t\t\t\t\t\t\t\t\t\t\t\t<img width=\"768\" height=\"600\" src=\"https:\/\/renemaran.com\/wp-content\/uploads\/2020\/12\/Sylvia-Bernard-768x600.gif\" class=\"attachment-medium_large size-medium_large wp-image-2090\" alt=\"\" loading=\"lazy\" srcset=\"https:\/\/renemaran.com\/wp-content\/uploads\/2020\/12\/Sylvia-Bernard-768x600.gif 768w, https:\/\/renemaran.com\/wp-content\/uploads\/2020\/12\/Sylvia-Bernard-300x235.gif 300w, https:\/\/renemaran.com\/wp-content\/uploads\/2020\/12\/Sylvia-Bernard-500x391.gif 500w, https:\/\/renemaran.com\/wp-content\/uploads\/2020\/12\/Sylvia-Bernard-1536x1201.gif 1536w, https:\/\/renemaran.com\/wp-content\/uploads\/2020\/12\/Sylvia-Bernard-2048x1601.gif 2048w\" sizes=\"(max-width: 768px) 100vw, 768px\" \/>\t\t\t\t\t\t\t\t\t\t\t\t\t\t<\/div>\n\t\t\t\t\t\t<\/div>\n\t\t\t\t<\/div>\n\t\t\t\t\t\t<\/div>\n\t\t\t\t\t<\/div>\n\t\t<\/div>\n\t\t\t\t\t\t\t\t<\/div>\n\t\t\t\t\t<\/div>\n\t\t<\/section>\n\t\t\t\t<section class=\"elementor-section elementor-top-section elementor-element elementor-element-5105ddc elementor-section-boxed elementor-section-height-default elementor-section-height-default\" data-id=\"5105ddc\" data-element_type=\"section\">\n\t\t\t\t\t\t<div class=\"elementor-container elementor-column-gap-default\">\n\t\t\t\t\t\t\t<div class=\"elementor-row\">\n\t\t\t\t\t<div class=\"elementor-column elementor-col-100 elementor-top-column elementor-element elementor-element-cf21f25\" data-id=\"cf21f25\" data-element_type=\"column\">\n\t\t\t<div class=\"elementor-column-wrap elementor-element-populated\">\n\t\t\t\t\t\t\t<div class=\"elementor-widget-wrap\">\n\t\t\t\t\t\t<div class=\"elementor-element elementor-element-5a9cf21 elementor-widget elementor-widget-text-editor\" data-id=\"5a9cf21\" data-element_type=\"widget\" data-widget_type=\"text-editor.default\">\n\t\t\t\t<div class=\"elementor-widget-container\">\n\t\t\t\t\t\t\t\t<div class=\"elementor-text-editor elementor-clearfix\">\n\t\t\t\t<p>Sylvia et Bernard Michel : famille de Ren\u00e9 Maran&nbsp;<\/p>\t\t\t\t\t<\/div>\n\t\t\t\t\t\t<\/div>\n\t\t\t\t<\/div>\n\t\t\t\t<div class=\"elementor-element elementor-element-b833ca8 elementor-widget-divider--view-line elementor-widget elementor-widget-divider\" data-id=\"b833ca8\" data-element_type=\"widget\" data-widget_type=\"divider.default\">\n\t\t\t\t<div class=\"elementor-widget-container\">\n\t\t\t\t\t<div class=\"elementor-divider\">\n\t\t\t<span class=\"elementor-divider-separator\">\n\t\t\t\t\t\t<\/span>\n\t\t<\/div>\n\t\t\t\t<\/div>\n\t\t\t\t<\/div>\n\t\t\t\t<div class=\"elementor-element elementor-element-06ab633 elementor-widget elementor-widget-image\" data-id=\"06ab633\" data-element_type=\"widget\" data-widget_type=\"image.default\">\n\t\t\t\t<div class=\"elementor-widget-container\">\n\t\t\t\t\t\t\t\t<div class=\"elementor-image\">\n\t\t\t\t\t\t\t\t\t\t\t\t\t<a href=\"https:\/\/www.j-b-webdesign.com\" target=\"_blank\">\n\t\t\t\t\t\t\t<img width=\"736\" height=\"755\" src=\"https:\/\/renemaran.com\/wp-content\/uploads\/2020\/12\/Jimmy-Brisset.gif\" class=\"attachment-2048x2048 size-2048x2048 wp-image-2091\" alt=\"\" loading=\"lazy\" \/>\t\t\t\t\t\t\t\t<\/a>\n\t\t\t\t\t\t\t\t\t\t\t\t\t\t<\/div>\n\t\t\t\t\t\t<\/div>\n\t\t\t\t<\/div>\n\t\t\t\t\t\t<\/div>\n\t\t\t\t\t<\/div>\n\t\t<\/div>\n\t\t\t\t\t\t\t\t<\/div>\n\t\t\t\t\t<\/div>\n\t\t<\/section>\n\t\t\t\t<section class=\"elementor-section elementor-top-section elementor-element elementor-element-e097453 elementor-section-boxed elementor-section-height-default elementor-section-height-default\" data-id=\"e097453\" data-element_type=\"section\">\n\t\t\t\t\t\t<div class=\"elementor-container elementor-column-gap-default\">\n\t\t\t\t\t\t\t<div class=\"elementor-row\">\n\t\t\t\t\t<div class=\"elementor-column elementor-col-100 elementor-top-column elementor-element elementor-element-0a77713\" data-id=\"0a77713\" data-element_type=\"column\">\n\t\t\t<div class=\"elementor-column-wrap elementor-element-populated\">\n\t\t\t\t\t\t\t<div class=\"elementor-widget-wrap\">\n\t\t\t\t\t\t<div class=\"elementor-element elementor-element-5ba1cdc elementor-widget elementor-widget-text-editor\" data-id=\"5ba1cdc\" data-element_type=\"widget\" data-widget_type=\"text-editor.default\">\n\t\t\t\t<div class=\"elementor-widget-container\">\n\t\t\t\t\t\t\t\t<div class=\"elementor-text-editor elementor-clearfix\">\n\t\t\t\t<p><a href=\"https:\/\/www.j-b-webdesign.com\">Jimmy Brisset : Webdesigner&nbsp;<\/a><\/p>\t\t\t\t\t<\/div>\n\t\t\t\t\t\t<\/div>\n\t\t\t\t<\/div>\n\t\t\t\t\t\t<\/div>\n\t\t\t\t\t<\/div>\n\t\t<\/div>\n\t\t\t\t\t\t\t\t<\/div>\n\t\t\t\t\t<\/div>\n\t\t<\/section>\n\t\t\t\t\t\t\t\t\t<\/div>\n\t\t\t<\/div>\n\t\t\t\t\t<\/div>\n\t\t","protected":false},"excerpt":{"rendered":"<p>Collaboration renemaran.com Ce site est n\u00e9 d&rsquo;une belle histoire et d&rsquo;une collaboration \u00e0 la demande de Bernard Michel petit-fils de Ren\u00e9 Maran qui a voulu rendre hommage \u00e0 son grand-p\u00e8re en regroupant tout son travail et son histoire m\u00e9connue du grand public pour lui redonner sa juste valeur. Sylvia et Bernard Michel : famille de [&hellip;]<\/p>\n","protected":false},"author":2,"featured_media":0,"parent":0,"menu_order":0,"comment_status":"closed","ping_status":"closed","template":"","meta":{"ocean_post_layout":"","ocean_both_sidebars_style":"","ocean_both_sidebars_content_width":0,"ocean_both_sidebars_sidebars_width":0,"ocean_sidebar":"0","ocean_second_sidebar":"0","ocean_disable_margins":"enable","ocean_add_body_class":"","ocean_shortcode_before_top_bar":"","ocean_shortcode_after_top_bar":"","ocean_shortcode_before_header":"","ocean_shortcode_after_header":"","ocean_has_shortcode":"","ocean_shortcode_after_title":"","ocean_shortcode_before_footer_widgets":"","ocean_shortcode_after_footer_widgets":"","ocean_shortcode_before_footer_bottom":"","ocean_shortcode_after_footer_bottom":"","ocean_display_top_bar":"default","ocean_display_header":"default","ocean_header_style":"","ocean_center_header_left_menu":"0","ocean_custom_header_template":"0","ocean_custom_logo":0,"ocean_custom_retina_logo":0,"ocean_custom_logo_max_width":0,"ocean_custom_logo_tablet_max_width":0,"ocean_custom_logo_mobile_max_width":0,"ocean_custom_logo_max_height":0,"ocean_custom_logo_tablet_max_height":0,"ocean_custom_logo_mobile_max_height":0,"ocean_header_custom_menu":"0","ocean_menu_typo_font_family":"0","ocean_menu_typo_font_subset":"","ocean_menu_typo_font_size":0,"ocean_menu_typo_font_size_tablet":0,"ocean_menu_typo_font_size_mobile":0,"ocean_menu_typo_font_size_unit":"px","ocean_menu_typo_font_weight":"","ocean_menu_typo_font_weight_tablet":"","ocean_menu_typo_font_weight_mobile":"","ocean_menu_typo_transform":"","ocean_menu_typo_transform_tablet":"","ocean_menu_typo_transform_mobile":"","ocean_menu_typo_line_height":0,"ocean_menu_typo_line_height_tablet":0,"ocean_menu_typo_line_height_mobile":0,"ocean_menu_typo_line_height_unit":"","ocean_menu_typo_spacing":0,"ocean_menu_typo_spacing_tablet":0,"ocean_menu_typo_spacing_mobile":0,"ocean_menu_typo_spacing_unit":"","ocean_menu_link_color":"","ocean_menu_link_color_hover":"","ocean_menu_link_color_active":"","ocean_menu_link_background":"","ocean_menu_link_hover_background":"","ocean_menu_link_active_background":"","ocean_menu_social_links_bg":"","ocean_menu_social_hover_links_bg":"","ocean_menu_social_links_color":"","ocean_menu_social_hover_links_color":"","ocean_disable_title":"on","ocean_disable_heading":"default","ocean_post_title":"","ocean_post_subheading":"","ocean_post_title_style":"","ocean_post_title_background_color":"","ocean_post_title_background":0,"ocean_post_title_bg_image_position":"","ocean_post_title_bg_image_attachment":"","ocean_post_title_bg_image_repeat":"","ocean_post_title_bg_image_size":"","ocean_post_title_height":0,"ocean_post_title_bg_overlay":0.5,"ocean_post_title_bg_overlay_color":"","ocean_disable_breadcrumbs":"default","ocean_breadcrumbs_color":"","ocean_breadcrumbs_separator_color":"","ocean_breadcrumbs_links_color":"","ocean_breadcrumbs_links_hover_color":"","ocean_display_footer_widgets":"default","ocean_display_footer_bottom":"default","ocean_custom_footer_template":"0"},"yoast_head":"<!-- This site is optimized with the Yoast SEO plugin v18.4.1 - https:\/\/yoast.com\/wordpress\/plugins\/seo\/ -->\n<title>Auteurs du site - Ren\u00e9 Maran<\/title>\n<meta name=\"robots\" content=\"index, follow, max-snippet:-1, max-image-preview:large, max-video-preview:-1\" \/>\n<link rel=\"canonical\" href=\"https:\/\/renemaran.com\/index.php\/auteurs-du-site\/\" \/>\n<meta property=\"og:locale\" content=\"fr_FR\" \/>\n<meta property=\"og:type\" content=\"article\" \/>\n<meta property=\"og:title\" content=\"Auteurs du site - Ren\u00e9 Maran\" \/>\n<meta property=\"og:description\" content=\"Collaboration renemaran.com Ce site est n\u00e9 d&rsquo;une belle histoire et d&rsquo;une collaboration \u00e0 la demande de Bernard Michel petit-fils de Ren\u00e9 Maran qui a voulu rendre hommage \u00e0 son grand-p\u00e8re en regroupant tout son travail et son histoire m\u00e9connue du grand public pour lui redonner sa juste valeur. Sylvia et Bernard Michel : famille de [&hellip;]\" \/>\n<meta property=\"og:url\" content=\"https:\/\/renemaran.com\/index.php\/auteurs-du-site\/\" \/>\n<meta property=\"og:site_name\" content=\"Ren\u00e9 Maran\" \/>\n<meta property=\"article:modified_time\" content=\"2021-04-23T11:15:51+00:00\" \/>\n<meta property=\"og:image\" content=\"https:\/\/renemaran.com\/wp-content\/uploads\/elementor\/thumbs\/TAMPON-BATOUALA-p64xkv3tgh89ey6ovhltm1bvq5vzu7963g6codshw8.jpg\" \/>\n<meta name=\"twitter:card\" content=\"summary_large_image\" \/>\n<meta name=\"twitter:label1\" content=\"Dur\u00e9e de lecture estim\u00e9e\" \/>\n\t<meta name=\"twitter:data1\" content=\"1 minute\" \/>\n<script type=\"application\/ld+json\" class=\"yoast-schema-graph\">{\"@context\":\"https:\/\/schema.org\",\"@graph\":[{\"@type\":[\"Person\",\"Organization\"],\"@id\":\"https:\/\/renemaran.com\/#\/schema\/person\/c9f293ce270dbc362db19c0ee539baf5\",\"name\":\"Jimmy Brisset\",\"logo\":{\"@id\":\"https:\/\/renemaran.com\/#personlogo\"}},{\"@type\":\"WebSite\",\"@id\":\"https:\/\/renemaran.com\/#website\",\"url\":\"https:\/\/renemaran.com\/\",\"name\":\"Ren\u00e9 Maran\",\"description\":\"Premier \u00e9crivain noir \u00e0 obtenir le prix Goncourt en 1921\",\"publisher\":{\"@id\":\"https:\/\/renemaran.com\/#\/schema\/person\/c9f293ce270dbc362db19c0ee539baf5\"},\"potentialAction\":[{\"@type\":\"SearchAction\",\"target\":{\"@type\":\"EntryPoint\",\"urlTemplate\":\"https:\/\/renemaran.com\/?s={search_term_string}\"},\"query-input\":\"required name=search_term_string\"}],\"inLanguage\":\"fr-FR\"},{\"@type\":\"ImageObject\",\"@id\":\"https:\/\/renemaran.com\/index.php\/auteurs-du-site\/#primaryimage\",\"inLanguage\":\"fr-FR\",\"url\":\"https:\/\/renemaran.com\/wp-content\/uploads\/elementor\/thumbs\/TAMPON-BATOUALA-p64xkv3tgh89ey6ovhltm1bvq5vzu7963g6codshw8.jpg\",\"contentUrl\":\"https:\/\/renemaran.com\/wp-content\/uploads\/elementor\/thumbs\/TAMPON-BATOUALA-p64xkv3tgh89ey6ovhltm1bvq5vzu7963g6codshw8.jpg\"},{\"@type\":\"WebPage\",\"@id\":\"https:\/\/renemaran.com\/index.php\/auteurs-du-site\/#webpage\",\"url\":\"https:\/\/renemaran.com\/index.php\/auteurs-du-site\/\",\"name\":\"Auteurs du site - Ren\u00e9 Maran\",\"isPartOf\":{\"@id\":\"https:\/\/renemaran.com\/#website\"},\"primaryImageOfPage\":{\"@id\":\"https:\/\/renemaran.com\/index.php\/auteurs-du-site\/#primaryimage\"},\"datePublished\":\"2020-12-09T05:31:23+00:00\",\"dateModified\":\"2021-04-23T11:15:51+00:00\",\"breadcrumb\":{\"@id\":\"https:\/\/renemaran.com\/index.php\/auteurs-du-site\/#breadcrumb\"},\"inLanguage\":\"fr-FR\",\"potentialAction\":[{\"@type\":\"ReadAction\",\"target\":[\"https:\/\/renemaran.com\/index.php\/auteurs-du-site\/\"]}]},{\"@type\":\"BreadcrumbList\",\"@id\":\"https:\/\/renemaran.com\/index.php\/auteurs-du-site\/#breadcrumb\",\"itemListElement\":[{\"@type\":\"ListItem\",\"position\":1,\"name\":\"Accueil\",\"item\":\"https:\/\/renemaran.com\/\"},{\"@type\":\"ListItem\",\"position\":2,\"name\":\"Auteurs du site\"}]}]}<\/script>\n<!-- \/ Yoast SEO plugin. -->","yoast_head_json":{"title":"Auteurs du site - Ren\u00e9 Maran","robots":{"index":"index","follow":"follow","max-snippet":"max-snippet:-1","max-image-preview":"max-image-preview:large","max-video-preview":"max-video-preview:-1"},"canonical":"https:\/\/renemaran.com\/index.php\/auteurs-du-site\/","og_locale":"fr_FR","og_type":"article","og_title":"Auteurs du site - Ren\u00e9 Maran","og_description":"Collaboration renemaran.com Ce site est n\u00e9 d&rsquo;une belle histoire et d&rsquo;une collaboration \u00e0 la demande de Bernard Michel petit-fils de Ren\u00e9 Maran qui a voulu rendre hommage \u00e0 son grand-p\u00e8re en regroupant tout son travail et son histoire m\u00e9connue du grand public pour lui redonner sa juste valeur. Sylvia et Bernard Michel : famille de [&hellip;]","og_url":"https:\/\/renemaran.com\/index.php\/auteurs-du-site\/","og_site_name":"Ren\u00e9 Maran","article_modified_time":"2021-04-23T11:15:51+00:00","og_image":[{"url":"https:\/\/renemaran.com\/wp-content\/uploads\/elementor\/thumbs\/TAMPON-BATOUALA-p64xkv3tgh89ey6ovhltm1bvq5vzu7963g6codshw8.jpg"}],"twitter_card":"summary_large_image","twitter_misc":{"Dur\u00e9e de lecture estim\u00e9e":"1 minute"},"schema":{"@context":"https:\/\/schema.org","@graph":[{"@type":["Person","Organization"],"@id":"https:\/\/renemaran.com\/#\/schema\/person\/c9f293ce270dbc362db19c0ee539baf5","name":"Jimmy Brisset","logo":{"@id":"https:\/\/renemaran.com\/#personlogo"}},{"@type":"WebSite","@id":"https:\/\/renemaran.com\/#website","url":"https:\/\/renemaran.com\/","name":"Ren\u00e9 Maran","description":"Premier \u00e9crivain noir \u00e0 obtenir le prix Goncourt en 1921","publisher":{"@id":"https:\/\/renemaran.com\/#\/schema\/person\/c9f293ce270dbc362db19c0ee539baf5"},"potentialAction":[{"@type":"SearchAction","target":{"@type":"EntryPoint","urlTemplate":"https:\/\/renemaran.com\/?s={search_term_string}"},"query-input":"required name=search_term_string"}],"inLanguage":"fr-FR"},{"@type":"ImageObject","@id":"https:\/\/renemaran.com\/index.php\/auteurs-du-site\/#primaryimage","inLanguage":"fr-FR","url":"https:\/\/renemaran.com\/wp-content\/uploads\/elementor\/thumbs\/TAMPON-BATOUALA-p64xkv3tgh89ey6ovhltm1bvq5vzu7963g6codshw8.jpg","contentUrl":"https:\/\/renemaran.com\/wp-content\/uploads\/elementor\/thumbs\/TAMPON-BATOUALA-p64xkv3tgh89ey6ovhltm1bvq5vzu7963g6codshw8.jpg"},{"@type":"WebPage","@id":"https:\/\/renemaran.com\/index.php\/auteurs-du-site\/#webpage","url":"https:\/\/renemaran.com\/index.php\/auteurs-du-site\/","name":"Auteurs du site - Ren\u00e9 Maran","isPartOf":{"@id":"https:\/\/renemaran.com\/#website"},"primaryImageOfPage":{"@id":"https:\/\/renemaran.com\/index.php\/auteurs-du-site\/#primaryimage"},"datePublished":"2020-12-09T05:31:23+00:00","dateModified":"2021-04-23T11:15:51+00:00","breadcrumb":{"@id":"https:\/\/renemaran.com\/index.php\/auteurs-du-site\/#breadcrumb"},"inLanguage":"fr-FR","potentialAction":[{"@type":"ReadAction","target":["https:\/\/renemaran.com\/index.php\/auteurs-du-site\/"]}]},{"@type":"BreadcrumbList","@id":"https:\/\/renemaran.com\/index.php\/auteurs-du-site\/#breadcrumb","itemListElement":[{"@type":"ListItem","position":1,"name":"Accueil","item":"https:\/\/renemaran.com\/"},{"@type":"ListItem","position":2,"name":"Auteurs du site"}]}]}},"_links":{"self":[{"href":"https:\/\/renemaran.com\/index.php\/wp-json\/wp\/v2\/pages\/2087"}],"collection":[{"href":"https:\/\/renemaran.com\/index.php\/wp-json\/wp\/v2\/pages"}],"about":[{"href":"https:\/\/renemaran.com\/index.php\/wp-json\/wp\/v2\/types\/page"}],"author":[{"embeddable":true,"href":"https:\/\/renemaran.com\/index.php\/wp-json\/wp\/v2\/users\/2"}],"replies":[{"embeddable":true,"href":"https:\/\/renemaran.com\/index.php\/wp-json\/wp\/v2\/comments?post=2087"}],"version-history":[{"count":97,"href":"https:\/\/renemaran.com\/index.php\/wp-json\/wp\/v2\/pages\/2087\/revisions"}],"predecessor-version":[{"id":3709,"href":"https:\/\/renemaran.com\/index.php\/wp-json\/wp\/v2\/pages\/2087\/revisions\/3709"}],"wp:attachment":[{"href":"https:\/\/renemaran.com\/index.php\/wp-json\/wp\/v2\/media?parent=2087"}],"curies":[{"name":"wp","href":"https:\/\/api.w.org\/{rel}","templated":true}]}}