{"id":2145,"date":"2020-12-09T07:21:48","date_gmt":"2020-12-09T06:21:48","guid":{"rendered":"https:\/\/renemaran.com\/?page_id=2145"},"modified":"2020-12-18T07:59:55","modified_gmt":"2020-12-18T06:59:55","slug":"contact","status":"publish","type":"page","link":"https:\/\/renemaran.com\/index.php\/contact\/","title":{"rendered":"Contact"},"content":{"rendered":"\t\t<div data-elementor-type=\"wp-page\" data-elementor-id=\"2145\" class=\"elementor elementor-2145\">\n\t\t\t\t\t\t<div class=\"elementor-inner\">\n\t\t\t\t<div class=\"elementor-section-wrap\">\n\t\t\t\t\t\t\t\t\t<section class=\"elementor-section elementor-top-section elementor-element elementor-element-fed9e8f elementor-section-boxed elementor-section-height-default elementor-section-height-default\" data-id=\"fed9e8f\" data-element_type=\"section\">\n\t\t\t\t\t\t<div class=\"elementor-container elementor-column-gap-default\">\n\t\t\t\t\t\t\t<div class=\"elementor-row\">\n\t\t\t\t\t<div class=\"elementor-column elementor-col-100 elementor-top-column elementor-element elementor-element-cd94d2f\" data-id=\"cd94d2f\" data-element_type=\"column\">\n\t\t\t<div class=\"elementor-column-wrap elementor-element-populated\">\n\t\t\t\t\t\t\t<div class=\"elementor-widget-wrap\">\n\t\t\t\t\t\t<div class=\"elementor-element elementor-element-4e8fd9b elementor-widget elementor-widget-heading\" data-id=\"4e8fd9b\" data-element_type=\"widget\" data-widget_type=\"heading.default\">\n\t\t\t\t<div class=\"elementor-widget-container\">\n\t\t\t<h2 class=\"elementor-heading-title elementor-size-default\">Contactez nous<\/h2>\t\t<\/div>\n\t\t\t\t<\/div>\n\t\t\t\t<div class=\"elementor-element elementor-element-da1e15f elementor-widget elementor-widget-image\" data-id=\"da1e15f\" data-element_type=\"widget\" data-widget_type=\"image.default\">\n\t\t\t\t<div class=\"elementor-widget-container\">\n\t\t\t\t\t\t\t\t<div class=\"elementor-image\">\n\t\t\t\t\t\t\t\t\t\t\t\t<img width=\"300\" height=\"235\" src=\"https:\/\/renemaran.com\/wp-content\/uploads\/2020\/12\/Sylvia-Bernard-300x235.gif\" class=\"attachment-medium size-medium wp-image-2090\" alt=\"\" loading=\"lazy\" srcset=\"https:\/\/renemaran.com\/wp-content\/uploads\/2020\/12\/Sylvia-Bernard-300x235.gif 300w, https:\/\/renemaran.com\/wp-content\/uploads\/2020\/12\/Sylvia-Bernard-500x391.gif 500w, https:\/\/renemaran.com\/wp-content\/uploads\/2020\/12\/Sylvia-Bernard-768x600.gif 768w, https:\/\/renemaran.com\/wp-content\/uploads\/2020\/12\/Sylvia-Bernard-1536x1201.gif 1536w, https:\/\/renemaran.com\/wp-content\/uploads\/2020\/12\/Sylvia-Bernard-2048x1601.gif 2048w\" sizes=\"(max-width: 300px) 100vw, 300px\" \/>\t\t\t\t\t\t\t\t\t\t\t\t\t\t<\/div>\n\t\t\t\t\t\t<\/div>\n\t\t\t\t<\/div>\n\t\t\t\t<div class=\"elementor-element elementor-element-0288a86 elementor-invisible elementor-widget elementor-widget-shortcode\" data-id=\"0288a86\" data-element_type=\"widget\" data-settings=\"{&quot;_animation&quot;:&quot;zoomIn&quot;}\" data-widget_type=\"shortcode.default\">\n\t\t\t\t<div class=\"elementor-widget-container\">\n\t\t\t\t\t<div class=\"elementor-shortcode\"><div class=\"wpforms-container \" id=\"wpforms-2153\"><form id=\"wpforms-form-2153\" class=\"wpforms-validate wpforms-form\" data-formid=\"2153\" method=\"post\" enctype=\"multipart\/form-data\" action=\"\/index.php\/wp-json\/wp\/v2\/pages\/2145\" data-token=\"a5355150da686ee75f1d60fbfd097f7a\" data-token-time=\"1776934106\"><noscript class=\"wpforms-error-noscript\">Veuillez activer JavaScript dans votre navigateur pour remplir ce formulaire.<\/noscript><div class=\"wpforms-field-container\"><div id=\"wpforms-2153-field_4-container\" class=\"wpforms-field wpforms-field-text\" data-field-id=\"4\"><label class=\"wpforms-field-label\" for=\"wpforms-2153-field_4\">Nom <span class=\"wpforms-required-label\">*<\/span><\/label><input type=\"text\" id=\"wpforms-2153-field_4\" class=\"wpforms-field-medium wpforms-field-required\" name=\"wpforms[fields][4]\" required><\/div><div id=\"wpforms-2153-field_3-container\" class=\"wpforms-field wpforms-field-text\" data-field-id=\"3\"><label class=\"wpforms-field-label\" for=\"wpforms-2153-field_3\">Pr\u00e9nom <span class=\"wpforms-required-label\">*<\/span><\/label><input type=\"text\" id=\"wpforms-2153-field_3\" class=\"wpforms-field-medium wpforms-field-required\" name=\"wpforms[fields][3]\" required><\/div><div id=\"wpforms-2153-field_1-container\" class=\"wpforms-field wpforms-field-email\" data-field-id=\"1\"><label class=\"wpforms-field-label\" for=\"wpforms-2153-field_1\">E-mail <span class=\"wpforms-required-label\">*<\/span><\/label><input type=\"email\" id=\"wpforms-2153-field_1\" class=\"wpforms-field-medium wpforms-field-required\" name=\"wpforms[fields][1]\" spellcheck=\"false\" required><\/div><div id=\"wpforms-2153-field_2-container\" class=\"wpforms-field wpforms-field-textarea\" data-field-id=\"2\"><label class=\"wpforms-field-label\" for=\"wpforms-2153-field_2\">Commentaire ou message <span class=\"wpforms-required-label\">*<\/span><\/label><textarea id=\"wpforms-2153-field_2\" class=\"wpforms-field-medium wpforms-field-required\" name=\"wpforms[fields][2]\" required><\/textarea><\/div><\/div><!-- .wpforms-field-container --><div class=\"wpforms-submit-container\" ><input type=\"hidden\" name=\"wpforms[id]\" value=\"2153\"><input type=\"hidden\" name=\"page_title\" value=\"\"><input type=\"hidden\" name=\"page_url\" value=\"https:\/\/renemaran.com\/index.php\/wp-json\/wp\/v2\/pages\/2145\"><input type=\"hidden\" name=\"url_referer\" value=\"\"><button type=\"submit\" name=\"wpforms[submit]\" id=\"wpforms-submit-2153\" class=\"wpforms-submit\" data-alt-text=\"Envoi...\" data-submit-text=\"Envoyer\" aria-live=\"assertive\" value=\"wpforms-submit\">Envoyer<\/button><\/div><\/form><\/div>  <!-- .wpforms-container --><\/div>\n\t\t\t\t<\/div>\n\t\t\t\t<\/div>\n\t\t\t\t<div class=\"elementor-element elementor-element-04ebe23 elementor-widget elementor-widget-menu-anchor\" data-id=\"04ebe23\" data-element_type=\"widget\" data-widget_type=\"menu-anchor.default\">\n\t\t\t\t<div class=\"elementor-widget-container\">\n\t\t\t\t\t<div id=\"mentions\" class=\"elementor-menu-anchor\"><\/div>\n\t\t\t\t<\/div>\n\t\t\t\t<\/div>\n\t\t\t\t<div class=\"elementor-element elementor-element-55b4cf5 elementor-widget elementor-widget-spacer\" data-id=\"55b4cf5\" data-element_type=\"widget\" data-widget_type=\"spacer.default\">\n\t\t\t\t<div class=\"elementor-widget-container\">\n\t\t\t\t\t<div class=\"elementor-spacer\">\n\t\t\t<div class=\"elementor-spacer-inner\"><\/div>\n\t\t<\/div>\n\t\t\t\t<\/div>\n\t\t\t\t<\/div>\n\t\t\t\t<div class=\"elementor-element elementor-element-d21b27e elementor-widget elementor-widget-spacer\" data-id=\"d21b27e\" data-element_type=\"widget\" data-widget_type=\"spacer.default\">\n\t\t\t\t<div class=\"elementor-widget-container\">\n\t\t\t\t\t<div class=\"elementor-spacer\">\n\t\t\t<div class=\"elementor-spacer-inner\"><\/div>\n\t\t<\/div>\n\t\t\t\t<\/div>\n\t\t\t\t<\/div>\n\t\t\t\t\t\t<\/div>\n\t\t\t\t\t<\/div>\n\t\t<\/div>\n\t\t\t\t\t\t\t\t<\/div>\n\t\t\t\t\t<\/div>\n\t\t<\/section>\n\t\t\t\t<section class=\"elementor-section elementor-top-section elementor-element elementor-element-9ee313c elementor-section-boxed elementor-section-height-default elementor-section-height-default\" data-id=\"9ee313c\" data-element_type=\"section\">\n\t\t\t\t\t\t<div class=\"elementor-container elementor-column-gap-default\">\n\t\t\t\t\t\t\t<div class=\"elementor-row\">\n\t\t\t\t\t<div class=\"elementor-column elementor-col-100 elementor-top-column elementor-element elementor-element-9535cd5\" data-id=\"9535cd5\" data-element_type=\"column\">\n\t\t\t<div class=\"elementor-column-wrap elementor-element-populated\">\n\t\t\t\t\t\t\t<div class=\"elementor-widget-wrap\">\n\t\t\t\t\t\t<div class=\"elementor-element elementor-element-a6b99b1 elementor-widget elementor-widget-text-editor\" data-id=\"a6b99b1\" data-element_type=\"widget\" data-widget_type=\"text-editor.default\">\n\t\t\t\t<div class=\"elementor-widget-container\">\n\t\t\t\t\t\t\t\t<div class=\"elementor-text-editor elementor-clearfix\">\n\t\t\t\t<p>\u00a0<\/p><p><strong>Droit d&rsquo;auteur<\/strong>\u00a0<strong>\u2013 Copyright<\/strong><\/p><p><strong>Droits de reproduction<\/strong><\/p><p><strong>\u00a0<\/strong><strong>\u00a0<\/strong><\/p><p>D\u2019une mani\u00e8re g\u00e9n\u00e9rale, la l\u00e9gislation sur le droit d\u2019auteur et la propri\u00e9t\u00e9 intellectuelle s\u2019applique \u00e0 l\u2019ensemble de ce site.<\/p><ul><li><em>Reproduction<\/em>\u00a0Toute reproduction ou repr\u00e9sentation, int\u00e9grale ou substantielle du contenu de ce site, par quelque proc\u00e9d\u00e9 que ce soit, doit faire l\u2019objet d\u2019une autorisation. Pour toute demande \u00e0 ce sujet, s\u2019adresser sur le site renemaran.com (rubrique contact). Les documents in\u00e9dits d\u2019\u00e9poque (images\u00a0: .gif ou .jpeg) proviennent du fonds familial Ren\u00e9 Maran, droits r\u00e9serv\u00e9s (DR)<\/li><\/ul><ul><li><em>Citations<\/em>\u00a0Dans le cadre de communications, d\u2019\u00e9ditions ou d\u2019autres actions \u00e0 usage professionnel, ne sont autoris\u00e9es que les citations, sous r\u00e9serve d\u2019en mentionner l\u2019origine par un lien vers la page cit\u00e9e (ou, \u00e0 d\u00e9faut, la page d\u2019accueil) ou, dans le cas d\u2019une reproduction sur support physique, par la mention de l\u2019auteur et de l\u2019adresse URL de la page cit\u00e9e.<\/li><\/ul><p><strong>\u00a0<\/strong><\/p><p><strong>\u00a0<\/strong><\/p><p><strong>Responsabilit\u00e9<\/strong><\/p><ul><li>Les contenus du pr\u00e9sent site repr\u00e9sentent un volume important d\u2019informations. Celles-ci sont r\u00e9guli\u00e8rement v\u00e9rifi\u00e9es. N\u00e9anmoins des inexactitudes sont susceptibles d\u2019y demeurer. Aussi, l\u2019ensemble des informations divulgu\u00e9 sur le site ne peut en aucun cas engager la responsabilit\u00e9 de renemaran.com<\/li><\/ul><p style=\"text-align: center;\">\u00a0<\/p>\t\t\t\t\t<\/div>\n\t\t\t\t\t\t<\/div>\n\t\t\t\t<\/div>\n\t\t\t\t\t\t<\/div>\n\t\t\t\t\t<\/div>\n\t\t<\/div>\n\t\t\t\t\t\t\t\t<\/div>\n\t\t\t\t\t<\/div>\n\t\t<\/section>\n\t\t\t\t<section class=\"elementor-section elementor-top-section elementor-element elementor-element-0cc4bf0 elementor-section-boxed elementor-section-height-default elementor-section-height-default\" data-id=\"0cc4bf0\" data-element_type=\"section\">\n\t\t\t\t\t\t<div class=\"elementor-container elementor-column-gap-default\">\n\t\t\t\t\t\t\t<div class=\"elementor-row\">\n\t\t\t\t\t<div class=\"elementor-column elementor-col-100 elementor-top-column elementor-element elementor-element-3afd7e7\" data-id=\"3afd7e7\" data-element_type=\"column\">\n\t\t\t<div class=\"elementor-column-wrap\">\n\t\t\t\t\t\t\t<div class=\"elementor-widget-wrap\">\n\t\t\t\t\t\t\t\t<\/div>\n\t\t\t\t\t<\/div>\n\t\t<\/div>\n\t\t\t\t\t\t\t\t<\/div>\n\t\t\t\t\t<\/div>\n\t\t<\/section>\n\t\t\t\t\t\t\t\t\t<\/div>\n\t\t\t<\/div>\n\t\t\t\t\t<\/div>\n\t\t","protected":false},"excerpt":{"rendered":"<p>Contactez nous \u00a0 Droit d&rsquo;auteur\u00a0\u2013 Copyright Droits de reproduction \u00a0\u00a0 D\u2019une mani\u00e8re g\u00e9n\u00e9rale, la l\u00e9gislation sur le droit d\u2019auteur et la propri\u00e9t\u00e9 intellectuelle s\u2019applique \u00e0 l\u2019ensemble de ce site. Reproduction\u00a0Toute reproduction ou repr\u00e9sentation, int\u00e9grale ou substantielle du contenu de ce site, par quelque proc\u00e9d\u00e9 que ce soit, doit faire l\u2019objet d\u2019une autorisation. Pour toute demande [&hellip;]<\/p>\n","protected":false},"author":2,"featured_media":0,"parent":0,"menu_order":0,"comment_status":"closed","ping_status":"closed","template":"","meta":{"ocean_post_layout":"","ocean_both_sidebars_style":"","ocean_both_sidebars_content_width":0,"ocean_both_sidebars_sidebars_width":0,"ocean_sidebar":"0","ocean_second_sidebar":"0","ocean_disable_margins":"enable","ocean_add_body_class":"","ocean_shortcode_before_top_bar":"","ocean_shortcode_after_top_bar":"","ocean_shortcode_before_header":"","ocean_shortcode_after_header":"","ocean_has_shortcode":"","ocean_shortcode_after_title":"","ocean_shortcode_before_footer_widgets":"","ocean_shortcode_after_footer_widgets":"","ocean_shortcode_before_footer_bottom":"","ocean_shortcode_after_footer_bottom":"","ocean_display_top_bar":"default","ocean_display_header":"default","ocean_header_style":"","ocean_center_header_left_menu":"0","ocean_custom_header_template":"0","ocean_custom_logo":0,"ocean_custom_retina_logo":0,"ocean_custom_logo_max_width":0,"ocean_custom_logo_tablet_max_width":0,"ocean_custom_logo_mobile_max_width":0,"ocean_custom_logo_max_height":0,"ocean_custom_logo_tablet_max_height":0,"ocean_custom_logo_mobile_max_height":0,"ocean_header_custom_menu":"0","ocean_menu_typo_font_family":"0","ocean_menu_typo_font_subset":"","ocean_menu_typo_font_size":0,"ocean_menu_typo_font_size_tablet":0,"ocean_menu_typo_font_size_mobile":0,"ocean_menu_typo_font_size_unit":"px","ocean_menu_typo_font_weight":"","ocean_menu_typo_font_weight_tablet":"","ocean_menu_typo_font_weight_mobile":"","ocean_menu_typo_transform":"","ocean_menu_typo_transform_tablet":"","ocean_menu_typo_transform_mobile":"","ocean_menu_typo_line_height":0,"ocean_menu_typo_line_height_tablet":0,"ocean_menu_typo_line_height_mobile":0,"ocean_menu_typo_line_height_unit":"","ocean_menu_typo_spacing":0,"ocean_menu_typo_spacing_tablet":0,"ocean_menu_typo_spacing_mobile":0,"ocean_menu_typo_spacing_unit":"","ocean_menu_link_color":"","ocean_menu_link_color_hover":"","ocean_menu_link_color_active":"","ocean_menu_link_background":"","ocean_menu_link_hover_background":"","ocean_menu_link_active_background":"","ocean_menu_social_links_bg":"","ocean_menu_social_hover_links_bg":"","ocean_menu_social_links_color":"","ocean_menu_social_hover_links_color":"","ocean_disable_title":"on","ocean_disable_heading":"default","ocean_post_title":"","ocean_post_subheading":"","ocean_post_title_style":"","ocean_post_title_background_color":"","ocean_post_title_background":0,"ocean_post_title_bg_image_position":"","ocean_post_title_bg_image_attachment":"","ocean_post_title_bg_image_repeat":"","ocean_post_title_bg_image_size":"","ocean_post_title_height":0,"ocean_post_title_bg_overlay":0.5,"ocean_post_title_bg_overlay_color":"","ocean_disable_breadcrumbs":"default","ocean_breadcrumbs_color":"","ocean_breadcrumbs_separator_color":"","ocean_breadcrumbs_links_color":"","ocean_breadcrumbs_links_hover_color":"","ocean_display_footer_widgets":"default","ocean_display_footer_bottom":"default","ocean_custom_footer_template":"0"},"yoast_head":"<!-- This site is optimized with the Yoast SEO plugin v18.4.1 - https:\/\/yoast.com\/wordpress\/plugins\/seo\/ -->\n<title>Contact - Ren\u00e9 Maran<\/title>\n<meta name=\"robots\" content=\"index, follow, max-snippet:-1, max-image-preview:large, max-video-preview:-1\" \/>\n<link rel=\"canonical\" href=\"https:\/\/renemaran.com\/index.php\/contact\/\" \/>\n<meta property=\"og:locale\" content=\"fr_FR\" \/>\n<meta property=\"og:type\" content=\"article\" \/>\n<meta property=\"og:title\" content=\"Contact - Ren\u00e9 Maran\" \/>\n<meta property=\"og:description\" content=\"Contactez nous \u00a0 Droit d&rsquo;auteur\u00a0\u2013 Copyright Droits de reproduction \u00a0\u00a0 D\u2019une mani\u00e8re g\u00e9n\u00e9rale, la l\u00e9gislation sur le droit d\u2019auteur et la propri\u00e9t\u00e9 intellectuelle s\u2019applique \u00e0 l\u2019ensemble de ce site. Reproduction\u00a0Toute reproduction ou repr\u00e9sentation, int\u00e9grale ou substantielle du contenu de ce site, par quelque proc\u00e9d\u00e9 que ce soit, doit faire l\u2019objet d\u2019une autorisation. Pour toute demande [&hellip;]\" \/>\n<meta property=\"og:url\" content=\"https:\/\/renemaran.com\/index.php\/contact\/\" \/>\n<meta property=\"og:site_name\" content=\"Ren\u00e9 Maran\" \/>\n<meta property=\"article:modified_time\" content=\"2020-12-18T06:59:55+00:00\" \/>\n<meta property=\"og:image\" content=\"https:\/\/renemaran.com\/wp-content\/uploads\/2020\/12\/Sylvia-Bernard-300x235.gif\" \/>\n<meta name=\"twitter:card\" content=\"summary_large_image\" \/>\n<meta name=\"twitter:label1\" content=\"Dur\u00e9e de lecture estim\u00e9e\" \/>\n\t<meta name=\"twitter:data1\" content=\"1 minute\" \/>\n<script type=\"application\/ld+json\" class=\"yoast-schema-graph\">{\"@context\":\"https:\/\/schema.org\",\"@graph\":[{\"@type\":[\"Person\",\"Organization\"],\"@id\":\"https:\/\/renemaran.com\/#\/schema\/person\/c9f293ce270dbc362db19c0ee539baf5\",\"name\":\"Jimmy Brisset\",\"logo\":{\"@id\":\"https:\/\/renemaran.com\/#personlogo\"}},{\"@type\":\"WebSite\",\"@id\":\"https:\/\/renemaran.com\/#website\",\"url\":\"https:\/\/renemaran.com\/\",\"name\":\"Ren\u00e9 Maran\",\"description\":\"Premier \u00e9crivain noir \u00e0 obtenir le prix Goncourt en 1921\",\"publisher\":{\"@id\":\"https:\/\/renemaran.com\/#\/schema\/person\/c9f293ce270dbc362db19c0ee539baf5\"},\"potentialAction\":[{\"@type\":\"SearchAction\",\"target\":{\"@type\":\"EntryPoint\",\"urlTemplate\":\"https:\/\/renemaran.com\/?s={search_term_string}\"},\"query-input\":\"required name=search_term_string\"}],\"inLanguage\":\"fr-FR\"},{\"@type\":\"ImageObject\",\"@id\":\"https:\/\/renemaran.com\/index.php\/contact\/#primaryimage\",\"inLanguage\":\"fr-FR\",\"url\":\"https:\/\/renemaran.com\/wp-content\/uploads\/2020\/12\/Sylvia-Bernard-300x235.gif\",\"contentUrl\":\"https:\/\/renemaran.com\/wp-content\/uploads\/2020\/12\/Sylvia-Bernard-300x235.gif\"},{\"@type\":\"WebPage\",\"@id\":\"https:\/\/renemaran.com\/index.php\/contact\/#webpage\",\"url\":\"https:\/\/renemaran.com\/index.php\/contact\/\",\"name\":\"Contact - Ren\u00e9 Maran\",\"isPartOf\":{\"@id\":\"https:\/\/renemaran.com\/#website\"},\"primaryImageOfPage\":{\"@id\":\"https:\/\/renemaran.com\/index.php\/contact\/#primaryimage\"},\"datePublished\":\"2020-12-09T06:21:48+00:00\",\"dateModified\":\"2020-12-18T06:59:55+00:00\",\"breadcrumb\":{\"@id\":\"https:\/\/renemaran.com\/index.php\/contact\/#breadcrumb\"},\"inLanguage\":\"fr-FR\",\"potentialAction\":[{\"@type\":\"ReadAction\",\"target\":[\"https:\/\/renemaran.com\/index.php\/contact\/\"]}]},{\"@type\":\"BreadcrumbList\",\"@id\":\"https:\/\/renemaran.com\/index.php\/contact\/#breadcrumb\",\"itemListElement\":[{\"@type\":\"ListItem\",\"position\":1,\"name\":\"Accueil\",\"item\":\"https:\/\/renemaran.com\/\"},{\"@type\":\"ListItem\",\"position\":2,\"name\":\"Contact\"}]}]}<\/script>\n<!-- \/ Yoast SEO plugin. -->","yoast_head_json":{"title":"Contact - Ren\u00e9 Maran","robots":{"index":"index","follow":"follow","max-snippet":"max-snippet:-1","max-image-preview":"max-image-preview:large","max-video-preview":"max-video-preview:-1"},"canonical":"https:\/\/renemaran.com\/index.php\/contact\/","og_locale":"fr_FR","og_type":"article","og_title":"Contact - Ren\u00e9 Maran","og_description":"Contactez nous \u00a0 Droit d&rsquo;auteur\u00a0\u2013 Copyright Droits de reproduction \u00a0\u00a0 D\u2019une mani\u00e8re g\u00e9n\u00e9rale, la l\u00e9gislation sur le droit d\u2019auteur et la propri\u00e9t\u00e9 intellectuelle s\u2019applique \u00e0 l\u2019ensemble de ce site. Reproduction\u00a0Toute reproduction ou repr\u00e9sentation, int\u00e9grale ou substantielle du contenu de ce site, par quelque proc\u00e9d\u00e9 que ce soit, doit faire l\u2019objet d\u2019une autorisation. Pour toute demande [&hellip;]","og_url":"https:\/\/renemaran.com\/index.php\/contact\/","og_site_name":"Ren\u00e9 Maran","article_modified_time":"2020-12-18T06:59:55+00:00","og_image":[{"url":"https:\/\/renemaran.com\/wp-content\/uploads\/2020\/12\/Sylvia-Bernard-300x235.gif"}],"twitter_card":"summary_large_image","twitter_misc":{"Dur\u00e9e de lecture estim\u00e9e":"1 minute"},"schema":{"@context":"https:\/\/schema.org","@graph":[{"@type":["Person","Organization"],"@id":"https:\/\/renemaran.com\/#\/schema\/person\/c9f293ce270dbc362db19c0ee539baf5","name":"Jimmy Brisset","logo":{"@id":"https:\/\/renemaran.com\/#personlogo"}},{"@type":"WebSite","@id":"https:\/\/renemaran.com\/#website","url":"https:\/\/renemaran.com\/","name":"Ren\u00e9 Maran","description":"Premier \u00e9crivain noir \u00e0 obtenir le prix Goncourt en 1921","publisher":{"@id":"https:\/\/renemaran.com\/#\/schema\/person\/c9f293ce270dbc362db19c0ee539baf5"},"potentialAction":[{"@type":"SearchAction","target":{"@type":"EntryPoint","urlTemplate":"https:\/\/renemaran.com\/?s={search_term_string}"},"query-input":"required name=search_term_string"}],"inLanguage":"fr-FR"},{"@type":"ImageObject","@id":"https:\/\/renemaran.com\/index.php\/contact\/#primaryimage","inLanguage":"fr-FR","url":"https:\/\/renemaran.com\/wp-content\/uploads\/2020\/12\/Sylvia-Bernard-300x235.gif","contentUrl":"https:\/\/renemaran.com\/wp-content\/uploads\/2020\/12\/Sylvia-Bernard-300x235.gif"},{"@type":"WebPage","@id":"https:\/\/renemaran.com\/index.php\/contact\/#webpage","url":"https:\/\/renemaran.com\/index.php\/contact\/","name":"Contact - Ren\u00e9 Maran","isPartOf":{"@id":"https:\/\/renemaran.com\/#website"},"primaryImageOfPage":{"@id":"https:\/\/renemaran.com\/index.php\/contact\/#primaryimage"},"datePublished":"2020-12-09T06:21:48+00:00","dateModified":"2020-12-18T06:59:55+00:00","breadcrumb":{"@id":"https:\/\/renemaran.com\/index.php\/contact\/#breadcrumb"},"inLanguage":"fr-FR","potentialAction":[{"@type":"ReadAction","target":["https:\/\/renemaran.com\/index.php\/contact\/"]}]},{"@type":"BreadcrumbList","@id":"https:\/\/renemaran.com\/index.php\/contact\/#breadcrumb","itemListElement":[{"@type":"ListItem","position":1,"name":"Accueil","item":"https:\/\/renemaran.com\/"},{"@type":"ListItem","position":2,"name":"Contact"}]}]}},"_links":{"self":[{"href":"https:\/\/renemaran.com\/index.php\/wp-json\/wp\/v2\/pages\/2145"}],"collection":[{"href":"https:\/\/renemaran.com\/index.php\/wp-json\/wp\/v2\/pages"}],"about":[{"href":"https:\/\/renemaran.com\/index.php\/wp-json\/wp\/v2\/types\/page"}],"author":[{"embeddable":true,"href":"https:\/\/renemaran.com\/index.php\/wp-json\/wp\/v2\/users\/2"}],"replies":[{"embeddable":true,"href":"https:\/\/renemaran.com\/index.php\/wp-json\/wp\/v2\/comments?post=2145"}],"version-history":[{"count":124,"href":"https:\/\/renemaran.com\/index.php\/wp-json\/wp\/v2\/pages\/2145\/revisions"}],"predecessor-version":[{"id":3022,"href":"https:\/\/renemaran.com\/index.php\/wp-json\/wp\/v2\/pages\/2145\/revisions\/3022"}],"wp:attachment":[{"href":"https:\/\/renemaran.com\/index.php\/wp-json\/wp\/v2\/media?parent=2145"}],"curies":[{"name":"wp","href":"https:\/\/api.w.org\/{rel}","templated":true}]}}