{"id":23,"date":"2020-11-20T14:21:10","date_gmt":"2020-11-20T13:21:10","guid":{"rendered":"http:\/\/renemaran.com\/?page_id=23"},"modified":"2021-04-29T19:44:48","modified_gmt":"2021-04-29T17:44:48","slug":"elementor-23","status":"publish","type":"page","link":"https:\/\/renemaran.com\/","title":{"rendered":"Accueil"},"content":{"rendered":"\t\t<div data-elementor-type=\"wp-page\" data-elementor-id=\"23\" class=\"elementor elementor-23\">\n\t\t\t\t\t\t<div class=\"elementor-inner\">\n\t\t\t\t<div class=\"elementor-section-wrap\">\n\t\t\t\t\t\t\t\t\t<section class=\"elementor-section elementor-top-section elementor-element elementor-element-a1a2ac2 elementor-section-full_width elementor-section-stretched elementor-section-height-default elementor-section-height-default\" data-id=\"a1a2ac2\" data-element_type=\"section\" data-settings=\"{&quot;stretch_section&quot;:&quot;section-stretched&quot;}\">\n\t\t\t\t\t\t<div class=\"elementor-container elementor-column-gap-default\">\n\t\t\t\t\t\t\t<div class=\"elementor-row\">\n\t\t\t\t\t<div class=\"elementor-column elementor-col-100 elementor-top-column elementor-element elementor-element-cac7aa5\" data-id=\"cac7aa5\" data-element_type=\"column\">\n\t\t\t<div class=\"elementor-column-wrap elementor-element-populated\">\n\t\t\t\t\t\t\t<div class=\"elementor-widget-wrap\">\n\t\t\t\t\t\t<div class=\"elementor-element elementor-element-1a57a31 elementor-widget elementor-widget-spacer\" data-id=\"1a57a31\" data-element_type=\"widget\" data-widget_type=\"spacer.default\">\n\t\t\t\t<div class=\"elementor-widget-container\">\n\t\t\t\t\t<div class=\"elementor-spacer\">\n\t\t\t<div class=\"elementor-spacer-inner\"><\/div>\n\t\t<\/div>\n\t\t\t\t<\/div>\n\t\t\t\t<\/div>\n\t\t\t\t<div class=\"elementor-element elementor-element-a7bba58 elementor-widget elementor-widget-image\" data-id=\"a7bba58\" data-element_type=\"widget\" data-widget_type=\"image.default\">\n\t\t\t\t<div class=\"elementor-widget-container\">\n\t\t\t\t\t\t\t\t<div class=\"elementor-image\">\n\t\t\t\t\t\t\t\t\t\t\t\t<img width=\"1024\" height=\"1334\" src=\"https:\/\/renemaran.com\/wp-content\/uploads\/2020\/11\/Nume\u0301risation_20201120.png\" class=\"attachment-2048x2048 size-2048x2048 wp-image-1131\" alt=\"\" loading=\"lazy\" srcset=\"https:\/\/renemaran.com\/wp-content\/uploads\/2020\/11\/Nume\u0301risation_20201120.png 1024w, https:\/\/renemaran.com\/wp-content\/uploads\/2020\/11\/Nume\u0301risation_20201120-230x300.png 230w, https:\/\/renemaran.com\/wp-content\/uploads\/2020\/11\/Nume\u0301risation_20201120-384x500.png 384w, https:\/\/renemaran.com\/wp-content\/uploads\/2020\/11\/Nume\u0301risation_20201120-768x1001.png 768w\" sizes=\"(max-width: 1024px) 100vw, 1024px\" \/>\t\t\t\t\t\t\t\t\t\t\t\t\t\t<\/div>\n\t\t\t\t\t\t<\/div>\n\t\t\t\t<\/div>\n\t\t\t\t<div class=\"elementor-element elementor-element-71858f4 elementor-widget elementor-widget-image\" data-id=\"71858f4\" data-element_type=\"widget\" data-widget_type=\"image.default\">\n\t\t\t\t<div class=\"elementor-widget-container\">\n\t\t\t\t\t\t\t\t<div class=\"elementor-image\">\n\t\t\t\t\t\t\t\t\t\t\t\t<img width=\"1920\" height=\"371\" src=\"https:\/\/renemaran.com\/wp-content\/uploads\/2020\/11\/banniere-music-1.gif\" class=\"attachment-full size-full wp-image-821\" alt=\"\" loading=\"lazy\" \/>\t\t\t\t\t\t\t\t\t\t\t\t\t\t<\/div>\n\t\t\t\t\t\t<\/div>\n\t\t\t\t<\/div>\n\t\t\t\t<div class=\"elementor-element elementor-element-821e381 elementor-widget elementor-widget-heading\" data-id=\"821e381\" data-element_type=\"widget\" data-widget_type=\"heading.default\">\n\t\t\t\t<div class=\"elementor-widget-container\">\n\t\t\t<h2 class=\"elementor-heading-title elementor-size-default\"><br><strong>BATOUALA<\/strong> le roman Prix GONCOURT 1921 de Ren\u00e9 Maran<\/h2>\t\t<\/div>\n\t\t\t\t<\/div>\n\t\t\t\t<div class=\"elementor-element elementor-element-83ef235 elementor-widget elementor-widget-spacer\" data-id=\"83ef235\" data-element_type=\"widget\" data-widget_type=\"spacer.default\">\n\t\t\t\t<div class=\"elementor-widget-container\">\n\t\t\t\t\t<div class=\"elementor-spacer\">\n\t\t\t<div class=\"elementor-spacer-inner\"><\/div>\n\t\t<\/div>\n\t\t\t\t<\/div>\n\t\t\t\t<\/div>\n\t\t\t\t\t\t<\/div>\n\t\t\t\t\t<\/div>\n\t\t<\/div>\n\t\t\t\t\t\t\t\t<\/div>\n\t\t\t\t\t<\/div>\n\t\t<\/section>\n\t\t\t\t<section class=\"elementor-section elementor-top-section elementor-element elementor-element-26465d3 elementor-section-boxed elementor-section-height-default elementor-section-height-default\" data-id=\"26465d3\" data-element_type=\"section\">\n\t\t\t\t\t\t<div class=\"elementor-container elementor-column-gap-wide\">\n\t\t\t\t\t\t\t<div class=\"elementor-row\">\n\t\t\t\t\t<div class=\"elementor-column elementor-col-50 elementor-top-column elementor-element elementor-element-95e69af\" data-id=\"95e69af\" data-element_type=\"column\">\n\t\t\t<div class=\"elementor-column-wrap elementor-element-populated\">\n\t\t\t\t\t\t\t<div class=\"elementor-widget-wrap\">\n\t\t\t\t\t\t<div class=\"elementor-element elementor-element-63be856 elementor-widget elementor-widget-image\" data-id=\"63be856\" data-element_type=\"widget\" data-widget_type=\"image.default\">\n\t\t\t\t<div class=\"elementor-widget-container\">\n\t\t\t\t\t\t\t\t<div class=\"elementor-image\">\n\t\t\t\t\t\t\t\t\t\t\t\t<img width=\"969\" height=\"1536\" src=\"https:\/\/renemaran.com\/wp-content\/uploads\/2020\/11\/81qh3FC3w9L-2-969x1536.png\" class=\"attachment-1536x1536 size-1536x1536 wp-image-1457\" alt=\"batouala\" loading=\"lazy\" srcset=\"https:\/\/renemaran.com\/wp-content\/uploads\/2020\/11\/81qh3FC3w9L-2-969x1536.png 969w, https:\/\/renemaran.com\/wp-content\/uploads\/2020\/11\/81qh3FC3w9L-2-189x300.png 189w, https:\/\/renemaran.com\/wp-content\/uploads\/2020\/11\/81qh3FC3w9L-2-315x500.png 315w, https:\/\/renemaran.com\/wp-content\/uploads\/2020\/11\/81qh3FC3w9L-2-768x1217.png 768w, https:\/\/renemaran.com\/wp-content\/uploads\/2020\/11\/81qh3FC3w9L-2-1292x2048.png 1292w, https:\/\/renemaran.com\/wp-content\/uploads\/2020\/11\/81qh3FC3w9L-2.png 1542w\" sizes=\"(max-width: 969px) 100vw, 969px\" \/>\t\t\t\t\t\t\t\t\t\t\t\t\t\t<\/div>\n\t\t\t\t\t\t<\/div>\n\t\t\t\t<\/div>\n\t\t\t\t\t\t<\/div>\n\t\t\t\t\t<\/div>\n\t\t<\/div>\n\t\t\t\t<div class=\"elementor-column elementor-col-50 elementor-top-column elementor-element elementor-element-da7e538\" data-id=\"da7e538\" data-element_type=\"column\">\n\t\t\t<div class=\"elementor-column-wrap elementor-element-populated\">\n\t\t\t\t\t\t\t<div class=\"elementor-widget-wrap\">\n\t\t\t\t\t\t<div class=\"elementor-element elementor-element-d941b62 elementor-widget elementor-widget-text-editor\" data-id=\"d941b62\" data-element_type=\"widget\" data-settings=\"{&quot;_animation&quot;:&quot;none&quot;}\" data-widget_type=\"text-editor.default\">\n\t\t\t\t<div class=\"elementor-widget-container\">\n\t\t\t\t\t\t\t\t<div class=\"elementor-text-editor elementor-clearfix\">\n\t\t\t\t<p><em>Batouala, roman de Ren\u00e9 Maran, est publi\u00e9 en 1921 aux Editions\u00a0Albin Michel. Il re\u00e7oit le Prix Goncourt la m\u00eame ann\u00e9e et fait de son auteur le premier \u00e9crivain noir \u00e0 recevoir le prestigieux prix litt\u00e9raire.<\/em><\/p><p><em>Batouala r\u00e9volutionne l&rsquo;\u00e9criture romanesque. Relater l&rsquo;histoire du chef de la tribu d&rsquo;Oubangui-Chari, d&rsquo;Afrique Equatoriale fran\u00e7aise, donne en effet \u00e0 Ren\u00e9 Maran l&rsquo;occasion d&rsquo;un v\u00e9ritable travail ethnologique. Par ailleurs, la pr\u00e9face de Batouala, r\u00e9dig\u00e9e par Ren\u00e9 Maran lui-m\u00eame, fait grand bruit. La critique radicale des pratiques coloniales lui vaudra des probl\u00e8mes successifs avec les autorit\u00e9s du Minist\u00e8re des colonies. Tr\u00e8s \u00e9prouv\u00e9, Ren\u00e9 Maran dira cependant ne rien regretter, la force des mots ayant provoqu\u00e9 la prise de conscience n\u00e9cessaire.\u00a0<\/em><\/p><p><em>L&rsquo;\u0153uvre complexe et riche de Ren\u00e9 Maran, qui se compose de po\u00e8mes, r\u00e9cits et essais, a \u00e9t\u00e9 salu\u00e9e par L\u00e9opold S\u00e9dar Senghor et Aim\u00e9 C\u00e9saire. Elle ouvre le chemin aux \u00e9crivains de la N\u00e9gritude. Apr\u00e8s avoir \u00e9t\u00e9 longtemps ignor\u00e9e, elle est red\u00e9couverte \u00e0 l&rsquo;occasion du centenaire de Batouala.<\/em><\/p><p>\u00a0<\/p>\t\t\t\t\t<\/div>\n\t\t\t\t\t\t<\/div>\n\t\t\t\t<\/div>\n\t\t\t\t\t\t<\/div>\n\t\t\t\t\t<\/div>\n\t\t<\/div>\n\t\t\t\t\t\t\t\t<\/div>\n\t\t\t\t\t<\/div>\n\t\t<\/section>\n\t\t\t\t<section class=\"elementor-section elementor-top-section elementor-element elementor-element-b271144 elementor-section-boxed elementor-section-height-default elementor-section-height-default\" data-id=\"b271144\" data-element_type=\"section\">\n\t\t\t\t\t\t<div class=\"elementor-container elementor-column-gap-default\">\n\t\t\t\t\t\t\t<div class=\"elementor-row\">\n\t\t\t\t\t<div class=\"elementor-column elementor-col-100 elementor-top-column elementor-element elementor-element-968740c\" data-id=\"968740c\" data-element_type=\"column\">\n\t\t\t<div class=\"elementor-column-wrap\">\n\t\t\t\t\t\t\t<div class=\"elementor-widget-wrap\">\n\t\t\t\t\t\t\t\t<\/div>\n\t\t\t\t\t<\/div>\n\t\t<\/div>\n\t\t\t\t\t\t\t\t<\/div>\n\t\t\t\t\t<\/div>\n\t\t<\/section>\n\t\t\t\t\t\t\t\t\t<\/div>\n\t\t\t<\/div>\n\t\t\t\t\t<\/div>\n\t\t","protected":false},"excerpt":{"rendered":"<p>BATOUALA le roman Prix GONCOURT 1921 de Ren\u00e9 Maran Batouala, roman de Ren\u00e9 Maran, est publi\u00e9 en 1921 aux Editions\u00a0Albin Michel. Il re\u00e7oit le Prix Goncourt la m\u00eame ann\u00e9e et fait de son auteur le premier \u00e9crivain noir \u00e0 recevoir le prestigieux prix litt\u00e9raire. Batouala r\u00e9volutionne l&rsquo;\u00e9criture romanesque. Relater l&rsquo;histoire du chef de la tribu [&hellip;]<\/p>\n","protected":false},"author":2,"featured_media":0,"parent":0,"menu_order":0,"comment_status":"closed","ping_status":"closed","template":"","meta":{"ocean_post_layout":"full-screen","ocean_both_sidebars_style":"","ocean_both_sidebars_content_width":0,"ocean_both_sidebars_sidebars_width":0,"ocean_sidebar":"0","ocean_second_sidebar":"0","ocean_disable_margins":"on","ocean_add_body_class":"","ocean_shortcode_before_top_bar":"","ocean_shortcode_after_top_bar":"","ocean_shortcode_before_header":"","ocean_shortcode_after_header":"","ocean_has_shortcode":"","ocean_shortcode_after_title":"","ocean_shortcode_before_footer_widgets":"","ocean_shortcode_after_footer_widgets":"","ocean_shortcode_before_footer_bottom":"","ocean_shortcode_after_footer_bottom":"","ocean_display_top_bar":"default","ocean_display_header":"default","ocean_header_style":"","ocean_center_header_left_menu":"0","ocean_custom_header_template":"0","ocean_custom_logo":0,"ocean_custom_retina_logo":0,"ocean_custom_logo_max_width":0,"ocean_custom_logo_tablet_max_width":0,"ocean_custom_logo_mobile_max_width":0,"ocean_custom_logo_max_height":0,"ocean_custom_logo_tablet_max_height":0,"ocean_custom_logo_mobile_max_height":0,"ocean_header_custom_menu":"0","ocean_menu_typo_font_family":"0","ocean_menu_typo_font_subset":"","ocean_menu_typo_font_size":0,"ocean_menu_typo_font_size_tablet":0,"ocean_menu_typo_font_size_mobile":0,"ocean_menu_typo_font_size_unit":"px","ocean_menu_typo_font_weight":"","ocean_menu_typo_font_weight_tablet":"","ocean_menu_typo_font_weight_mobile":"","ocean_menu_typo_transform":"","ocean_menu_typo_transform_tablet":"","ocean_menu_typo_transform_mobile":"","ocean_menu_typo_line_height":0,"ocean_menu_typo_line_height_tablet":0,"ocean_menu_typo_line_height_mobile":0,"ocean_menu_typo_line_height_unit":"","ocean_menu_typo_spacing":0,"ocean_menu_typo_spacing_tablet":0,"ocean_menu_typo_spacing_mobile":0,"ocean_menu_typo_spacing_unit":"","ocean_menu_link_color":"","ocean_menu_link_color_hover":"","ocean_menu_link_color_active":"","ocean_menu_link_background":"","ocean_menu_link_hover_background":"","ocean_menu_link_active_background":"","ocean_menu_social_links_bg":"","ocean_menu_social_hover_links_bg":"","ocean_menu_social_links_color":"","ocean_menu_social_hover_links_color":"","ocean_disable_title":"on","ocean_disable_heading":"default","ocean_post_title":"","ocean_post_subheading":"","ocean_post_title_style":"","ocean_post_title_background_color":"","ocean_post_title_background":0,"ocean_post_title_bg_image_position":"","ocean_post_title_bg_image_attachment":"","ocean_post_title_bg_image_repeat":"","ocean_post_title_bg_image_size":"","ocean_post_title_height":0,"ocean_post_title_bg_overlay":0.5,"ocean_post_title_bg_overlay_color":"","ocean_disable_breadcrumbs":"default","ocean_breadcrumbs_color":"","ocean_breadcrumbs_separator_color":"","ocean_breadcrumbs_links_color":"","ocean_breadcrumbs_links_hover_color":"","ocean_display_footer_widgets":"default","ocean_display_footer_bottom":"default","ocean_custom_footer_template":"0"},"yoast_head":"<!-- This site is optimized with the Yoast SEO plugin v18.4.1 - https:\/\/yoast.com\/wordpress\/plugins\/seo\/ -->\n<title>Accueil - Ren\u00e9 Maran<\/title>\n<meta name=\"robots\" content=\"index, follow, max-snippet:-1, max-image-preview:large, max-video-preview:-1\" \/>\n<link rel=\"canonical\" href=\"https:\/\/renemaran.com\/\" \/>\n<meta property=\"og:locale\" content=\"fr_FR\" \/>\n<meta property=\"og:type\" content=\"article\" \/>\n<meta property=\"og:title\" content=\"Accueil - Ren\u00e9 Maran\" \/>\n<meta property=\"og:description\" content=\"BATOUALA le roman Prix GONCOURT 1921 de Ren\u00e9 Maran Batouala, roman de Ren\u00e9 Maran, est publi\u00e9 en 1921 aux Editions\u00a0Albin Michel. Il re\u00e7oit le Prix Goncourt la m\u00eame ann\u00e9e et fait de son auteur le premier \u00e9crivain noir \u00e0 recevoir le prestigieux prix litt\u00e9raire. Batouala r\u00e9volutionne l&rsquo;\u00e9criture romanesque. Relater l&rsquo;histoire du chef de la tribu [&hellip;]\" \/>\n<meta property=\"og:url\" content=\"https:\/\/renemaran.com\/\" \/>\n<meta property=\"og:site_name\" content=\"Ren\u00e9 Maran\" \/>\n<meta property=\"article:modified_time\" content=\"2021-04-29T17:44:48+00:00\" \/>\n<meta property=\"og:image\" content=\"https:\/\/renemaran.com\/wp-content\/uploads\/2020\/11\/Nume\u0301risation_20201120.png\" \/>\n<meta name=\"twitter:card\" content=\"summary_large_image\" \/>\n<meta name=\"twitter:label1\" content=\"Dur\u00e9e de lecture estim\u00e9e\" \/>\n\t<meta name=\"twitter:data1\" content=\"2 minutes\" \/>\n<script type=\"application\/ld+json\" class=\"yoast-schema-graph\">{\"@context\":\"https:\/\/schema.org\",\"@graph\":[{\"@type\":[\"Person\",\"Organization\"],\"@id\":\"https:\/\/renemaran.com\/#\/schema\/person\/c9f293ce270dbc362db19c0ee539baf5\",\"name\":\"Jimmy Brisset\",\"logo\":{\"@id\":\"https:\/\/renemaran.com\/#personlogo\"}},{\"@type\":\"WebSite\",\"@id\":\"https:\/\/renemaran.com\/#website\",\"url\":\"https:\/\/renemaran.com\/\",\"name\":\"Ren\u00e9 Maran\",\"description\":\"Premier \u00e9crivain noir \u00e0 obtenir le prix Goncourt en 1921\",\"publisher\":{\"@id\":\"https:\/\/renemaran.com\/#\/schema\/person\/c9f293ce270dbc362db19c0ee539baf5\"},\"potentialAction\":[{\"@type\":\"SearchAction\",\"target\":{\"@type\":\"EntryPoint\",\"urlTemplate\":\"https:\/\/renemaran.com\/?s={search_term_string}\"},\"query-input\":\"required name=search_term_string\"}],\"inLanguage\":\"fr-FR\"},{\"@type\":\"ImageObject\",\"@id\":\"https:\/\/renemaran.com\/#primaryimage\",\"inLanguage\":\"fr-FR\",\"url\":\"https:\/\/renemaran.com\/wp-content\/uploads\/2020\/11\/Nume\u0301risation_20201120.png\",\"contentUrl\":\"https:\/\/renemaran.com\/wp-content\/uploads\/2020\/11\/Nume\u0301risation_20201120.png\",\"width\":1024,\"height\":1334},{\"@type\":\"WebPage\",\"@id\":\"https:\/\/renemaran.com\/#webpage\",\"url\":\"https:\/\/renemaran.com\/\",\"name\":\"Accueil - Ren\u00e9 Maran\",\"isPartOf\":{\"@id\":\"https:\/\/renemaran.com\/#website\"},\"primaryImageOfPage\":{\"@id\":\"https:\/\/renemaran.com\/#primaryimage\"},\"datePublished\":\"2020-11-20T13:21:10+00:00\",\"dateModified\":\"2021-04-29T17:44:48+00:00\",\"breadcrumb\":{\"@id\":\"https:\/\/renemaran.com\/#breadcrumb\"},\"inLanguage\":\"fr-FR\",\"potentialAction\":[{\"@type\":\"ReadAction\",\"target\":[\"https:\/\/renemaran.com\/\"]}]},{\"@type\":\"BreadcrumbList\",\"@id\":\"https:\/\/renemaran.com\/#breadcrumb\",\"itemListElement\":[{\"@type\":\"ListItem\",\"position\":1,\"name\":\"Accueil\",\"item\":\"https:\/\/renemaran.com\/\"},{\"@type\":\"ListItem\",\"position\":2,\"name\":\"Accueil\"}]}]}<\/script>\n<!-- \/ Yoast SEO plugin. -->","yoast_head_json":{"title":"Accueil - Ren\u00e9 Maran","robots":{"index":"index","follow":"follow","max-snippet":"max-snippet:-1","max-image-preview":"max-image-preview:large","max-video-preview":"max-video-preview:-1"},"canonical":"https:\/\/renemaran.com\/","og_locale":"fr_FR","og_type":"article","og_title":"Accueil - Ren\u00e9 Maran","og_description":"BATOUALA le roman Prix GONCOURT 1921 de Ren\u00e9 Maran Batouala, roman de Ren\u00e9 Maran, est publi\u00e9 en 1921 aux Editions\u00a0Albin Michel. Il re\u00e7oit le Prix Goncourt la m\u00eame ann\u00e9e et fait de son auteur le premier \u00e9crivain noir \u00e0 recevoir le prestigieux prix litt\u00e9raire. Batouala r\u00e9volutionne l&rsquo;\u00e9criture romanesque. Relater l&rsquo;histoire du chef de la tribu [&hellip;]","og_url":"https:\/\/renemaran.com\/","og_site_name":"Ren\u00e9 Maran","article_modified_time":"2021-04-29T17:44:48+00:00","og_image":[{"url":"https:\/\/renemaran.com\/wp-content\/uploads\/2020\/11\/Nume\u0301risation_20201120.png"}],"twitter_card":"summary_large_image","twitter_misc":{"Dur\u00e9e de lecture estim\u00e9e":"2 minutes"},"schema":{"@context":"https:\/\/schema.org","@graph":[{"@type":["Person","Organization"],"@id":"https:\/\/renemaran.com\/#\/schema\/person\/c9f293ce270dbc362db19c0ee539baf5","name":"Jimmy Brisset","logo":{"@id":"https:\/\/renemaran.com\/#personlogo"}},{"@type":"WebSite","@id":"https:\/\/renemaran.com\/#website","url":"https:\/\/renemaran.com\/","name":"Ren\u00e9 Maran","description":"Premier \u00e9crivain noir \u00e0 obtenir le prix Goncourt en 1921","publisher":{"@id":"https:\/\/renemaran.com\/#\/schema\/person\/c9f293ce270dbc362db19c0ee539baf5"},"potentialAction":[{"@type":"SearchAction","target":{"@type":"EntryPoint","urlTemplate":"https:\/\/renemaran.com\/?s={search_term_string}"},"query-input":"required name=search_term_string"}],"inLanguage":"fr-FR"},{"@type":"ImageObject","@id":"https:\/\/renemaran.com\/#primaryimage","inLanguage":"fr-FR","url":"https:\/\/renemaran.com\/wp-content\/uploads\/2020\/11\/Nume\u0301risation_20201120.png","contentUrl":"https:\/\/renemaran.com\/wp-content\/uploads\/2020\/11\/Nume\u0301risation_20201120.png","width":1024,"height":1334},{"@type":"WebPage","@id":"https:\/\/renemaran.com\/#webpage","url":"https:\/\/renemaran.com\/","name":"Accueil - Ren\u00e9 Maran","isPartOf":{"@id":"https:\/\/renemaran.com\/#website"},"primaryImageOfPage":{"@id":"https:\/\/renemaran.com\/#primaryimage"},"datePublished":"2020-11-20T13:21:10+00:00","dateModified":"2021-04-29T17:44:48+00:00","breadcrumb":{"@id":"https:\/\/renemaran.com\/#breadcrumb"},"inLanguage":"fr-FR","potentialAction":[{"@type":"ReadAction","target":["https:\/\/renemaran.com\/"]}]},{"@type":"BreadcrumbList","@id":"https:\/\/renemaran.com\/#breadcrumb","itemListElement":[{"@type":"ListItem","position":1,"name":"Accueil","item":"https:\/\/renemaran.com\/"},{"@type":"ListItem","position":2,"name":"Accueil"}]}]}},"_links":{"self":[{"href":"https:\/\/renemaran.com\/index.php\/wp-json\/wp\/v2\/pages\/23"}],"collection":[{"href":"https:\/\/renemaran.com\/index.php\/wp-json\/wp\/v2\/pages"}],"about":[{"href":"https:\/\/renemaran.com\/index.php\/wp-json\/wp\/v2\/types\/page"}],"author":[{"embeddable":true,"href":"https:\/\/renemaran.com\/index.php\/wp-json\/wp\/v2\/users\/2"}],"replies":[{"embeddable":true,"href":"https:\/\/renemaran.com\/index.php\/wp-json\/wp\/v2\/comments?post=23"}],"version-history":[{"count":536,"href":"https:\/\/renemaran.com\/index.php\/wp-json\/wp\/v2\/pages\/23\/revisions"}],"predecessor-version":[{"id":3055,"href":"https:\/\/renemaran.com\/index.php\/wp-json\/wp\/v2\/pages\/23\/revisions\/3055"}],"wp:attachment":[{"href":"https:\/\/renemaran.com\/index.php\/wp-json\/wp\/v2\/media?parent=23"}],"curies":[{"name":"wp","href":"https:\/\/api.w.org\/{rel}","templated":true}]}}