{"id":2314,"date":"2020-12-10T11:58:50","date_gmt":"2020-12-10T10:58:50","guid":{"rendered":"https:\/\/renemaran.com\/?page_id=2314"},"modified":"2021-04-29T20:24:24","modified_gmt":"2021-04-29T18:24:24","slug":"theses","status":"publish","type":"page","link":"https:\/\/renemaran.com\/index.php\/theses\/","title":{"rendered":"Th\u00e8ses"},"content":{"rendered":"\t\t<div data-elementor-type=\"wp-page\" data-elementor-id=\"2314\" class=\"elementor elementor-2314\">\n\t\t\t\t\t\t<div class=\"elementor-inner\">\n\t\t\t\t<div class=\"elementor-section-wrap\">\n\t\t\t\t\t\t\t\t\t<section class=\"elementor-section elementor-top-section elementor-element elementor-element-b66688d elementor-section-boxed elementor-section-height-default elementor-section-height-default\" data-id=\"b66688d\" data-element_type=\"section\">\n\t\t\t\t\t\t<div class=\"elementor-container elementor-column-gap-default\">\n\t\t\t\t\t\t\t<div class=\"elementor-row\">\n\t\t\t\t\t<div class=\"elementor-column elementor-col-100 elementor-top-column elementor-element elementor-element-0e38d22\" data-id=\"0e38d22\" data-element_type=\"column\">\n\t\t\t<div class=\"elementor-column-wrap elementor-element-populated\">\n\t\t\t\t\t\t\t<div class=\"elementor-widget-wrap\">\n\t\t\t\t\t\t<section class=\"elementor-section elementor-inner-section elementor-element elementor-element-48473fe elementor-section-boxed elementor-section-height-default elementor-section-height-default\" data-id=\"48473fe\" data-element_type=\"section\">\n\t\t\t\t\t\t<div class=\"elementor-container elementor-column-gap-default\">\n\t\t\t\t\t\t\t<div class=\"elementor-row\">\n\t\t\t\t\t<div class=\"elementor-column elementor-col-100 elementor-inner-column elementor-element elementor-element-ca1fe11\" data-id=\"ca1fe11\" data-element_type=\"column\">\n\t\t\t<div class=\"elementor-column-wrap elementor-element-populated\">\n\t\t\t\t\t\t\t<div class=\"elementor-widget-wrap\">\n\t\t\t\t\t\t<div class=\"elementor-element elementor-element-e8f637c elementor-widget elementor-widget-heading\" data-id=\"e8f637c\" data-element_type=\"widget\" data-widget_type=\"heading.default\">\n\t\t\t\t<div class=\"elementor-widget-container\">\n\t\t\t<h2 class=\"elementor-heading-title elementor-size-default\">Th\u00e8ses autour de Ren\u00e9 Maran<\/h2>\t\t<\/div>\n\t\t\t\t<\/div>\n\t\t\t\t\t\t<\/div>\n\t\t\t\t\t<\/div>\n\t\t<\/div>\n\t\t\t\t\t\t\t\t<\/div>\n\t\t\t\t\t<\/div>\n\t\t<\/section>\n\t\t\t\t\t\t<\/div>\n\t\t\t\t\t<\/div>\n\t\t<\/div>\n\t\t\t\t\t\t\t\t<\/div>\n\t\t\t\t\t<\/div>\n\t\t<\/section>\n\t\t\t\t<section class=\"elementor-section elementor-top-section elementor-element elementor-element-bfd12f2 elementor-section-boxed elementor-section-height-default elementor-section-height-default\" data-id=\"bfd12f2\" data-element_type=\"section\">\n\t\t\t\t\t\t<div class=\"elementor-container elementor-column-gap-default\">\n\t\t\t\t\t\t\t<div class=\"elementor-row\">\n\t\t\t\t\t<div class=\"elementor-column elementor-col-100 elementor-top-column elementor-element elementor-element-504e1c0\" data-id=\"504e1c0\" data-element_type=\"column\">\n\t\t\t<div class=\"elementor-column-wrap elementor-element-populated\">\n\t\t\t\t\t\t\t<div class=\"elementor-widget-wrap\">\n\t\t\t\t\t\t<div class=\"elementor-element elementor-element-8cc2d6c elementor-widget elementor-widget-text-editor\" data-id=\"8cc2d6c\" data-element_type=\"widget\" data-widget_type=\"text-editor.default\">\n\t\t\t\t<div class=\"elementor-widget-container\">\n\t\t\t\t\t\t\t\t<div class=\"elementor-text-editor elementor-clearfix\">\n\t\t\t\t<ul><li>R\u00e9ception et fabrication du texte litt\u00e9raire francophone dans la presse fran\u00e7aise du Prix Goncourt \u00e0 Ren\u00e9 Maran 1921 aux lendemains des soleils des ind\u00e9pendances 1970 Ferroudja Allouache \u2013 Directeur\u00a0: Zineb Ali \u2013 Benali Paris 8 01\/12\/2015<\/li><\/ul><ul><li>Une partie d\u2019un m\u00e9moire de Bacar Niang (Dakar Fann) 1987 sur Ren\u00e9 Maran 1923-1960 \u2013 Directeur\u00a0: Bernard Baritaud<\/li><\/ul><ul><li>Buata Bundu Malela, L&rsquo;Homme pareil aux autres : strat\u00e9gies et postures identitaires de l&rsquo;\u00e9crivain afro-antillais \u00e0 Paris (1920-1960). Th\u00e8se de doctorat pr\u00e9sent\u00e9e en cotutelle sous la dir. de P. Aron et P. Halen en vue de l&rsquo;obtention du titre de Docteur de Philosophie et Lettres, orientation Langues et litt\u00e9ratures (ULB) et de Docteur en Litt\u00e9rature g\u00e9n\u00e9rale et compar\u00e9e (UPVM). Universit\u00e9 Libre de Bruxelles \/ Universit\u00e9 Paul Verlaine &#8211; Metz. Ann\u00e9e acad\u00e9mique [2005-2006], un volume de 536 p. Soutenance le 20 octobre 2006.<\/li><\/ul><ul><li>Travail sur Maran et Ebou\u00e9 par John Alfred Dennis jnr 1987 \u2013 Universit\u00e9 de Stanford aux USA (en anglais)<\/li><\/ul><ul><li>Phileas Lesbegue et ses correspondants en France et dans le monde de 1890 \u00e0 1958 Fran\u00e7ois Beauvy Th\u00e8se de Doctorat 2003 Paris X \u2013 Nanterre \u2013 674 pages<\/li><\/ul><ul><li>R\u00e9volte, critique sociale et tradition dans la litt\u00e9rature n\u00e9gro africaine des origines \u00e0 1960 Thierry Sinda Cergy Pontoise 2000 &#8211; 445 pages (th\u00e8se de lettres)<\/li><\/ul><ul><li>Batouala\u00a0: point de d\u00e9part de la nouvelle litt\u00e9rature noire de langue fran\u00e7aise par J Van Droogenbroeck \u2013 Gand 14\/08\/64<\/li><\/ul><ul><li>Ren\u00e9 Maran et son \u0153uvre par Abb\u00e9 Boniface Musoni \u2013 Louvain 06\/62<\/li><\/ul><ul><li>L\u2019\u0153uvre africaine de Ren\u00e9 Maran par Iheanocho Tobras George Egonu \u2013 Edmonto Alberta 19\/09\/1978<\/li><\/ul><ul><li>Rene Maran\u2019s Batouala Jazz Text Susan Allen Ed Peter Lang \u2013 Bern 2015<\/li><\/ul><ul><li>Demoteness and proximity : the parallel ethnographies of Alejo Carpentier et Ren\u00e9 Maran (2012). Symposium : a quarterly journal in modern literatures Paul Miller (university of North California Chapel Hill department France et Italie)<\/li><\/ul><ul><li>Ren\u00e9 Maran, un destin sacrifi\u00e9 pour l\u2019\u00e9mancipation de l\u2019homme noir, un homme sacrifi\u00e9 Richard Djiropo \u2013 De d\u00e9fense d\u2019aimer \u00e0 un Homme pareil aux autres, du litt\u00e9raire \u00e0 l\u2019existentiel 23\/11\/2014<\/li><\/ul><ul><li>The practice of diaspora : literature, translation and the rise of black internationalism Chap 2- Harward University Cambridge 2003\/ Brent Hayes Edwards<\/li><\/ul><ul><li>Les repr\u00e9sentations de la soci\u00e9t\u00e9 traditionnelle de l\u2019Afrique Noire\u00a0: du roman colonial au roman contemporain africain \u2013 Universit\u00e9 Paris 8 9\/12\/2002 Jean Alla Koffi<\/li><\/ul><ul><li>La m\u00e9moire de l\u2019Afrique dans la soci\u00e9t\u00e9 et la litt\u00e9rature guyanaises\u00a0: r\u00e9alit\u00e9s et mythes dans la gen\u00e8se d\u2019une culture par L\u00e9one Michotte Cerol sous la direction de Jacques Chevrier \u2013 Paris 12 &#8211; 1986<\/li><\/ul><ul><li>Les \u00e9crivains noirs de langue fran\u00e7aise L Kesteloot \u2013 Universit\u00e9 Libre de Bruxelles \u2013 1963<\/li><\/ul>\t\t\t\t\t<\/div>\n\t\t\t\t\t\t<\/div>\n\t\t\t\t<\/div>\n\t\t\t\t\t\t<\/div>\n\t\t\t\t\t<\/div>\n\t\t<\/div>\n\t\t\t\t\t\t\t\t<\/div>\n\t\t\t\t\t<\/div>\n\t\t<\/section>\n\t\t\t\t\t\t\t\t\t<\/div>\n\t\t\t<\/div>\n\t\t\t\t\t<\/div>\n\t\t","protected":false},"excerpt":{"rendered":"<p>Th\u00e8ses autour de Ren\u00e9 Maran R\u00e9ception et fabrication du texte litt\u00e9raire francophone dans la presse fran\u00e7aise du Prix Goncourt \u00e0 Ren\u00e9 Maran 1921 aux lendemains des soleils des ind\u00e9pendances 1970 Ferroudja Allouache \u2013 Directeur\u00a0: Zineb Ali \u2013 Benali Paris 8 01\/12\/2015 Une partie d\u2019un m\u00e9moire de Bacar Niang (Dakar Fann) 1987 sur Ren\u00e9 Maran 1923-1960 [&hellip;]<\/p>\n","protected":false},"author":2,"featured_media":0,"parent":0,"menu_order":0,"comment_status":"closed","ping_status":"closed","template":"","meta":{"ocean_post_layout":"","ocean_both_sidebars_style":"","ocean_both_sidebars_content_width":0,"ocean_both_sidebars_sidebars_width":0,"ocean_sidebar":"0","ocean_second_sidebar":"0","ocean_disable_margins":"enable","ocean_add_body_class":"","ocean_shortcode_before_top_bar":"","ocean_shortcode_after_top_bar":"","ocean_shortcode_before_header":"","ocean_shortcode_after_header":"","ocean_has_shortcode":"","ocean_shortcode_after_title":"","ocean_shortcode_before_footer_widgets":"","ocean_shortcode_after_footer_widgets":"","ocean_shortcode_before_footer_bottom":"","ocean_shortcode_after_footer_bottom":"","ocean_display_top_bar":"default","ocean_display_header":"default","ocean_header_style":"","ocean_center_header_left_menu":"0","ocean_custom_header_template":"0","ocean_custom_logo":0,"ocean_custom_retina_logo":0,"ocean_custom_logo_max_width":0,"ocean_custom_logo_tablet_max_width":0,"ocean_custom_logo_mobile_max_width":0,"ocean_custom_logo_max_height":0,"ocean_custom_logo_tablet_max_height":0,"ocean_custom_logo_mobile_max_height":0,"ocean_header_custom_menu":"0","ocean_menu_typo_font_family":"0","ocean_menu_typo_font_subset":"","ocean_menu_typo_font_size":0,"ocean_menu_typo_font_size_tablet":0,"ocean_menu_typo_font_size_mobile":0,"ocean_menu_typo_font_size_unit":"px","ocean_menu_typo_font_weight":"","ocean_menu_typo_font_weight_tablet":"","ocean_menu_typo_font_weight_mobile":"","ocean_menu_typo_transform":"","ocean_menu_typo_transform_tablet":"","ocean_menu_typo_transform_mobile":"","ocean_menu_typo_line_height":0,"ocean_menu_typo_line_height_tablet":0,"ocean_menu_typo_line_height_mobile":0,"ocean_menu_typo_line_height_unit":"","ocean_menu_typo_spacing":0,"ocean_menu_typo_spacing_tablet":0,"ocean_menu_typo_spacing_mobile":0,"ocean_menu_typo_spacing_unit":"","ocean_menu_link_color":"","ocean_menu_link_color_hover":"","ocean_menu_link_color_active":"","ocean_menu_link_background":"","ocean_menu_link_hover_background":"","ocean_menu_link_active_background":"","ocean_menu_social_links_bg":"","ocean_menu_social_hover_links_bg":"","ocean_menu_social_links_color":"","ocean_menu_social_hover_links_color":"","ocean_disable_title":"on","ocean_disable_heading":"default","ocean_post_title":"","ocean_post_subheading":"","ocean_post_title_style":"","ocean_post_title_background_color":"","ocean_post_title_background":0,"ocean_post_title_bg_image_position":"","ocean_post_title_bg_image_attachment":"","ocean_post_title_bg_image_repeat":"","ocean_post_title_bg_image_size":"","ocean_post_title_height":0,"ocean_post_title_bg_overlay":0.5,"ocean_post_title_bg_overlay_color":"","ocean_disable_breadcrumbs":"default","ocean_breadcrumbs_color":"","ocean_breadcrumbs_separator_color":"","ocean_breadcrumbs_links_color":"","ocean_breadcrumbs_links_hover_color":"","ocean_display_footer_widgets":"default","ocean_display_footer_bottom":"default","ocean_custom_footer_template":"0"},"yoast_head":"<!-- This site is optimized with the Yoast SEO plugin v18.4.1 - https:\/\/yoast.com\/wordpress\/plugins\/seo\/ -->\n<title>Th\u00e8ses - Ren\u00e9 Maran<\/title>\n<meta name=\"robots\" content=\"index, follow, max-snippet:-1, max-image-preview:large, max-video-preview:-1\" \/>\n<link rel=\"canonical\" href=\"https:\/\/renemaran.com\/index.php\/theses\/\" \/>\n<meta property=\"og:locale\" content=\"fr_FR\" \/>\n<meta property=\"og:type\" content=\"article\" \/>\n<meta property=\"og:title\" content=\"Th\u00e8ses - Ren\u00e9 Maran\" \/>\n<meta property=\"og:description\" content=\"Th\u00e8ses autour de Ren\u00e9 Maran R\u00e9ception et fabrication du texte litt\u00e9raire francophone dans la presse fran\u00e7aise du Prix Goncourt \u00e0 Ren\u00e9 Maran 1921 aux lendemains des soleils des ind\u00e9pendances 1970 Ferroudja Allouache \u2013 Directeur\u00a0: Zineb Ali \u2013 Benali Paris 8 01\/12\/2015 Une partie d\u2019un m\u00e9moire de Bacar Niang (Dakar Fann) 1987 sur Ren\u00e9 Maran 1923-1960 [&hellip;]\" \/>\n<meta property=\"og:url\" content=\"https:\/\/renemaran.com\/index.php\/theses\/\" \/>\n<meta property=\"og:site_name\" content=\"Ren\u00e9 Maran\" \/>\n<meta property=\"article:modified_time\" content=\"2021-04-29T18:24:24+00:00\" \/>\n<meta name=\"twitter:card\" content=\"summary_large_image\" \/>\n<meta name=\"twitter:label1\" content=\"Dur\u00e9e de lecture estim\u00e9e\" \/>\n\t<meta name=\"twitter:data1\" content=\"2 minutes\" \/>\n<script type=\"application\/ld+json\" class=\"yoast-schema-graph\">{\"@context\":\"https:\/\/schema.org\",\"@graph\":[{\"@type\":[\"Person\",\"Organization\"],\"@id\":\"https:\/\/renemaran.com\/#\/schema\/person\/c9f293ce270dbc362db19c0ee539baf5\",\"name\":\"Jimmy Brisset\",\"logo\":{\"@id\":\"https:\/\/renemaran.com\/#personlogo\"}},{\"@type\":\"WebSite\",\"@id\":\"https:\/\/renemaran.com\/#website\",\"url\":\"https:\/\/renemaran.com\/\",\"name\":\"Ren\u00e9 Maran\",\"description\":\"Premier \u00e9crivain noir \u00e0 obtenir le prix Goncourt en 1921\",\"publisher\":{\"@id\":\"https:\/\/renemaran.com\/#\/schema\/person\/c9f293ce270dbc362db19c0ee539baf5\"},\"potentialAction\":[{\"@type\":\"SearchAction\",\"target\":{\"@type\":\"EntryPoint\",\"urlTemplate\":\"https:\/\/renemaran.com\/?s={search_term_string}\"},\"query-input\":\"required name=search_term_string\"}],\"inLanguage\":\"fr-FR\"},{\"@type\":\"WebPage\",\"@id\":\"https:\/\/renemaran.com\/index.php\/theses\/#webpage\",\"url\":\"https:\/\/renemaran.com\/index.php\/theses\/\",\"name\":\"Th\u00e8ses - Ren\u00e9 Maran\",\"isPartOf\":{\"@id\":\"https:\/\/renemaran.com\/#website\"},\"datePublished\":\"2020-12-10T10:58:50+00:00\",\"dateModified\":\"2021-04-29T18:24:24+00:00\",\"breadcrumb\":{\"@id\":\"https:\/\/renemaran.com\/index.php\/theses\/#breadcrumb\"},\"inLanguage\":\"fr-FR\",\"potentialAction\":[{\"@type\":\"ReadAction\",\"target\":[\"https:\/\/renemaran.com\/index.php\/theses\/\"]}]},{\"@type\":\"BreadcrumbList\",\"@id\":\"https:\/\/renemaran.com\/index.php\/theses\/#breadcrumb\",\"itemListElement\":[{\"@type\":\"ListItem\",\"position\":1,\"name\":\"Accueil\",\"item\":\"https:\/\/renemaran.com\/\"},{\"@type\":\"ListItem\",\"position\":2,\"name\":\"Th\u00e8ses\"}]}]}<\/script>\n<!-- \/ Yoast SEO plugin. -->","yoast_head_json":{"title":"Th\u00e8ses - Ren\u00e9 Maran","robots":{"index":"index","follow":"follow","max-snippet":"max-snippet:-1","max-image-preview":"max-image-preview:large","max-video-preview":"max-video-preview:-1"},"canonical":"https:\/\/renemaran.com\/index.php\/theses\/","og_locale":"fr_FR","og_type":"article","og_title":"Th\u00e8ses - Ren\u00e9 Maran","og_description":"Th\u00e8ses autour de Ren\u00e9 Maran R\u00e9ception et fabrication du texte litt\u00e9raire francophone dans la presse fran\u00e7aise du Prix Goncourt \u00e0 Ren\u00e9 Maran 1921 aux lendemains des soleils des ind\u00e9pendances 1970 Ferroudja Allouache \u2013 Directeur\u00a0: Zineb Ali \u2013 Benali Paris 8 01\/12\/2015 Une partie d\u2019un m\u00e9moire de Bacar Niang (Dakar Fann) 1987 sur Ren\u00e9 Maran 1923-1960 [&hellip;]","og_url":"https:\/\/renemaran.com\/index.php\/theses\/","og_site_name":"Ren\u00e9 Maran","article_modified_time":"2021-04-29T18:24:24+00:00","twitter_card":"summary_large_image","twitter_misc":{"Dur\u00e9e de lecture estim\u00e9e":"2 minutes"},"schema":{"@context":"https:\/\/schema.org","@graph":[{"@type":["Person","Organization"],"@id":"https:\/\/renemaran.com\/#\/schema\/person\/c9f293ce270dbc362db19c0ee539baf5","name":"Jimmy Brisset","logo":{"@id":"https:\/\/renemaran.com\/#personlogo"}},{"@type":"WebSite","@id":"https:\/\/renemaran.com\/#website","url":"https:\/\/renemaran.com\/","name":"Ren\u00e9 Maran","description":"Premier \u00e9crivain noir \u00e0 obtenir le prix Goncourt en 1921","publisher":{"@id":"https:\/\/renemaran.com\/#\/schema\/person\/c9f293ce270dbc362db19c0ee539baf5"},"potentialAction":[{"@type":"SearchAction","target":{"@type":"EntryPoint","urlTemplate":"https:\/\/renemaran.com\/?s={search_term_string}"},"query-input":"required name=search_term_string"}],"inLanguage":"fr-FR"},{"@type":"WebPage","@id":"https:\/\/renemaran.com\/index.php\/theses\/#webpage","url":"https:\/\/renemaran.com\/index.php\/theses\/","name":"Th\u00e8ses - Ren\u00e9 Maran","isPartOf":{"@id":"https:\/\/renemaran.com\/#website"},"datePublished":"2020-12-10T10:58:50+00:00","dateModified":"2021-04-29T18:24:24+00:00","breadcrumb":{"@id":"https:\/\/renemaran.com\/index.php\/theses\/#breadcrumb"},"inLanguage":"fr-FR","potentialAction":[{"@type":"ReadAction","target":["https:\/\/renemaran.com\/index.php\/theses\/"]}]},{"@type":"BreadcrumbList","@id":"https:\/\/renemaran.com\/index.php\/theses\/#breadcrumb","itemListElement":[{"@type":"ListItem","position":1,"name":"Accueil","item":"https:\/\/renemaran.com\/"},{"@type":"ListItem","position":2,"name":"Th\u00e8ses"}]}]}},"_links":{"self":[{"href":"https:\/\/renemaran.com\/index.php\/wp-json\/wp\/v2\/pages\/2314"}],"collection":[{"href":"https:\/\/renemaran.com\/index.php\/wp-json\/wp\/v2\/pages"}],"about":[{"href":"https:\/\/renemaran.com\/index.php\/wp-json\/wp\/v2\/types\/page"}],"author":[{"embeddable":true,"href":"https:\/\/renemaran.com\/index.php\/wp-json\/wp\/v2\/users\/2"}],"replies":[{"embeddable":true,"href":"https:\/\/renemaran.com\/index.php\/wp-json\/wp\/v2\/comments?post=2314"}],"version-history":[{"count":28,"href":"https:\/\/renemaran.com\/index.php\/wp-json\/wp\/v2\/pages\/2314\/revisions"}],"predecessor-version":[{"id":3860,"href":"https:\/\/renemaran.com\/index.php\/wp-json\/wp\/v2\/pages\/2314\/revisions\/3860"}],"wp:attachment":[{"href":"https:\/\/renemaran.com\/index.php\/wp-json\/wp\/v2\/media?parent=2314"}],"curies":[{"name":"wp","href":"https:\/\/api.w.org\/{rel}","templated":true}]}}