{"id":2475,"date":"2020-12-14T15:41:12","date_gmt":"2020-12-14T14:41:12","guid":{"rendered":"https:\/\/renemaran.com\/?page_id=2475"},"modified":"2020-12-15T15:50:43","modified_gmt":"2020-12-15T14:50:43","slug":"loubangui","status":"publish","type":"page","link":"https:\/\/renemaran.com\/index.php\/loubangui\/","title":{"rendered":"L&rsquo;Oubangui"},"content":{"rendered":"\t\t<div data-elementor-type=\"wp-page\" data-elementor-id=\"2475\" class=\"elementor elementor-2475\">\n\t\t\t\t\t\t<div class=\"elementor-inner\">\n\t\t\t\t<div class=\"elementor-section-wrap\">\n\t\t\t\t\t\t\t\t\t<section class=\"elementor-section elementor-top-section elementor-element elementor-element-46843a1 elementor-section-boxed elementor-section-height-default elementor-section-height-default\" data-id=\"46843a1\" data-element_type=\"section\">\n\t\t\t\t\t\t<div class=\"elementor-container elementor-column-gap-default\">\n\t\t\t\t\t\t\t<div class=\"elementor-row\">\n\t\t\t\t\t<div class=\"elementor-column elementor-col-100 elementor-top-column elementor-element elementor-element-56b7587\" data-id=\"56b7587\" data-element_type=\"column\">\n\t\t\t<div class=\"elementor-column-wrap elementor-element-populated\">\n\t\t\t\t\t\t\t<div class=\"elementor-widget-wrap\">\n\t\t\t\t\t\t<div class=\"elementor-element elementor-element-af684f8 elementor-widget elementor-widget-heading\" data-id=\"af684f8\" data-element_type=\"widget\" data-widget_type=\"heading.default\">\n\t\t\t\t<div class=\"elementor-widget-container\">\n\t\t\t<h2 class=\"elementor-heading-title elementor-size-default\">Pour consulter les articles veuillez cliquer sur les cartes:<\/h2>\t\t<\/div>\n\t\t\t\t<\/div>\n\t\t\t\t<div class=\"elementor-element elementor-element-04fc8a2 elementor-widget elementor-widget-image\" data-id=\"04fc8a2\" data-element_type=\"widget\" data-widget_type=\"image.default\">\n\t\t\t\t<div class=\"elementor-widget-container\">\n\t\t\t\t\t\t\t\t<div class=\"elementor-image\">\n\t\t\t\t\t\t\t\t\t\t\t\t\t<a href=\"https:\/\/fr.wikipedia.org\/wiki\/Oubangui-Chari\">\n\t\t\t\t\t\t\t<img width=\"1744\" height=\"1090\" src=\"https:\/\/renemaran.com\/wp-content\/uploads\/2020\/12\/Capture-de\u0301cran-2020-12-14-a\u0300-15.37.17.png\" class=\"attachment-2048x2048 size-2048x2048 wp-image-2476\" alt=\"\" loading=\"lazy\" srcset=\"https:\/\/renemaran.com\/wp-content\/uploads\/2020\/12\/Capture-de\u0301cran-2020-12-14-a\u0300-15.37.17.png 1744w, https:\/\/renemaran.com\/wp-content\/uploads\/2020\/12\/Capture-de\u0301cran-2020-12-14-a\u0300-15.37.17-300x188.png 300w, https:\/\/renemaran.com\/wp-content\/uploads\/2020\/12\/Capture-de\u0301cran-2020-12-14-a\u0300-15.37.17-500x313.png 500w, https:\/\/renemaran.com\/wp-content\/uploads\/2020\/12\/Capture-de\u0301cran-2020-12-14-a\u0300-15.37.17-768x480.png 768w, https:\/\/renemaran.com\/wp-content\/uploads\/2020\/12\/Capture-de\u0301cran-2020-12-14-a\u0300-15.37.17-1536x960.png 1536w\" sizes=\"(max-width: 1744px) 100vw, 1744px\" \/>\t\t\t\t\t\t\t\t<\/a>\n\t\t\t\t\t\t\t\t\t\t\t\t\t\t<\/div>\n\t\t\t\t\t\t<\/div>\n\t\t\t\t<\/div>\n\t\t\t\t<div class=\"elementor-element elementor-element-c5f56c7 elementor-widget-divider--view-line elementor-widget elementor-widget-divider\" data-id=\"c5f56c7\" data-element_type=\"widget\" data-widget_type=\"divider.default\">\n\t\t\t\t<div class=\"elementor-widget-container\">\n\t\t\t\t\t<div class=\"elementor-divider\">\n\t\t\t<span class=\"elementor-divider-separator\">\n\t\t\t\t\t\t<\/span>\n\t\t<\/div>\n\t\t\t\t<\/div>\n\t\t\t\t<\/div>\n\t\t\t\t\t\t<\/div>\n\t\t\t\t\t<\/div>\n\t\t<\/div>\n\t\t\t\t\t\t\t\t<\/div>\n\t\t\t\t\t<\/div>\n\t\t<\/section>\n\t\t\t\t<section class=\"elementor-section elementor-top-section elementor-element elementor-element-95c1204 elementor-section-boxed elementor-section-height-default elementor-section-height-default\" data-id=\"95c1204\" data-element_type=\"section\">\n\t\t\t\t\t\t<div class=\"elementor-container elementor-column-gap-default\">\n\t\t\t\t\t\t\t<div class=\"elementor-row\">\n\t\t\t\t\t<div class=\"elementor-column elementor-col-100 elementor-top-column elementor-element elementor-element-ea39917\" data-id=\"ea39917\" data-element_type=\"column\">\n\t\t\t<div class=\"elementor-column-wrap elementor-element-populated\">\n\t\t\t\t\t\t\t<div class=\"elementor-widget-wrap\">\n\t\t\t\t\t\t<div class=\"elementor-element elementor-element-169db8d elementor-widget elementor-widget-image\" data-id=\"169db8d\" data-element_type=\"widget\" data-widget_type=\"image.default\">\n\t\t\t\t<div class=\"elementor-widget-container\">\n\t\t\t\t\t\t\t\t<div class=\"elementor-image\">\n\t\t\t\t\t\t\t\t\t\t\t\t\t<a href=\"https:\/\/centralafricanrepublicnews.wordpress.com\/population-et-differentes-langues\/\">\n\t\t\t\t\t\t\t<img width=\"835\" height=\"499\" src=\"https:\/\/renemaran.com\/wp-content\/uploads\/2020\/12\/peuple.jpg\" class=\"attachment-2048x2048 size-2048x2048 wp-image-2487\" alt=\"\" loading=\"lazy\" srcset=\"https:\/\/renemaran.com\/wp-content\/uploads\/2020\/12\/peuple.jpg 835w, https:\/\/renemaran.com\/wp-content\/uploads\/2020\/12\/peuple-300x179.jpg 300w, https:\/\/renemaran.com\/wp-content\/uploads\/2020\/12\/peuple-500x299.jpg 500w, https:\/\/renemaran.com\/wp-content\/uploads\/2020\/12\/peuple-768x459.jpg 768w\" sizes=\"(max-width: 835px) 100vw, 835px\" \/>\t\t\t\t\t\t\t\t<\/a>\n\t\t\t\t\t\t\t\t\t\t\t\t\t\t<\/div>\n\t\t\t\t\t\t<\/div>\n\t\t\t\t<\/div>\n\t\t\t\t<div class=\"elementor-element elementor-element-6c6d052 elementor-widget elementor-widget-spacer\" data-id=\"6c6d052\" data-element_type=\"widget\" data-widget_type=\"spacer.default\">\n\t\t\t\t<div class=\"elementor-widget-container\">\n\t\t\t\t\t<div class=\"elementor-spacer\">\n\t\t\t<div class=\"elementor-spacer-inner\"><\/div>\n\t\t<\/div>\n\t\t\t\t<\/div>\n\t\t\t\t<\/div>\n\t\t\t\t<div class=\"elementor-element elementor-element-6fe0d38 elementor-widget-divider--view-line elementor-widget elementor-widget-divider\" data-id=\"6fe0d38\" data-element_type=\"widget\" data-widget_type=\"divider.default\">\n\t\t\t\t<div class=\"elementor-widget-container\">\n\t\t\t\t\t<div class=\"elementor-divider\">\n\t\t\t<span class=\"elementor-divider-separator\">\n\t\t\t\t\t\t<\/span>\n\t\t<\/div>\n\t\t\t\t<\/div>\n\t\t\t\t<\/div>\n\t\t\t\t\t\t<\/div>\n\t\t\t\t\t<\/div>\n\t\t<\/div>\n\t\t\t\t\t\t\t\t<\/div>\n\t\t\t\t\t<\/div>\n\t\t<\/section>\n\t\t\t\t<section class=\"elementor-section elementor-top-section elementor-element elementor-element-a67308a elementor-section-boxed elementor-section-height-default elementor-section-height-default\" data-id=\"a67308a\" data-element_type=\"section\">\n\t\t\t\t\t\t<div class=\"elementor-container elementor-column-gap-default\">\n\t\t\t\t\t\t\t<div class=\"elementor-row\">\n\t\t\t\t\t<div class=\"elementor-column elementor-col-100 elementor-top-column elementor-element elementor-element-579a2cd\" data-id=\"579a2cd\" data-element_type=\"column\">\n\t\t\t<div class=\"elementor-column-wrap elementor-element-populated\">\n\t\t\t\t\t\t\t<div class=\"elementor-widget-wrap\">\n\t\t\t\t\t\t<div class=\"elementor-element elementor-element-26678e1 elementor-align-center elementor-widget elementor-widget-button\" data-id=\"26678e1\" data-element_type=\"widget\" data-widget_type=\"button.default\">\n\t\t\t\t<div class=\"elementor-widget-container\">\n\t\t\t\t\t<div class=\"elementor-button-wrapper\">\n\t\t\t<a href=\"https:\/\/fr.wikipedia.org\/wiki\/Liste_des_administrateurs_coloniaux_en_Oubangui-Chari\" class=\"elementor-button-link elementor-button elementor-size-sm\" role=\"button\">\n\t\t\t\t\t\t<span class=\"elementor-button-content-wrapper\">\n\t\t\t\t\t\t<span class=\"elementor-button-text\"><h2 class=\"elementor-heading-title elementor-size-default elementor-inline-editing pen\" data-elementor-setting-key=\"title\" data-pen-placeholder=\"\u00c9crivez ici...\" style=\"font-variant-ligatures: normal; font-variant-caps: normal; font-family: var( --e-global-typography-primary-font-family ), Sans-serif; font-style: normal; font-weight: var( --e-global-typography-primary-font-weight ); color: rgb(0, 0, 0);\">Pour consulter la liste des administrateurs coloniaux de 1903 \u00e0 1960 Cliquez ici<\/h2><\/span>\n\t\t<\/span>\n\t\t\t\t\t<\/a>\n\t\t<\/div>\n\t\t\t\t<\/div>\n\t\t\t\t<\/div>\n\t\t\t\t\t\t<\/div>\n\t\t\t\t\t<\/div>\n\t\t<\/div>\n\t\t\t\t\t\t\t\t<\/div>\n\t\t\t\t\t<\/div>\n\t\t<\/section>\n\t\t\t\t<section class=\"elementor-section elementor-top-section elementor-element elementor-element-aa4ba6a elementor-section-boxed elementor-section-height-default elementor-section-height-default\" data-id=\"aa4ba6a\" data-element_type=\"section\">\n\t\t\t\t\t\t<div class=\"elementor-container elementor-column-gap-default\">\n\t\t\t\t\t\t\t<div class=\"elementor-row\">\n\t\t\t\t\t<div class=\"elementor-column elementor-col-100 elementor-top-column elementor-element elementor-element-2a47634\" data-id=\"2a47634\" data-element_type=\"column\">\n\t\t\t<div class=\"elementor-column-wrap elementor-element-populated\">\n\t\t\t\t\t\t\t<div class=\"elementor-widget-wrap\">\n\t\t\t\t\t\t<div class=\"elementor-element elementor-element-46ce15e elementor-widget-divider--view-line elementor-widget elementor-widget-divider\" data-id=\"46ce15e\" data-element_type=\"widget\" data-widget_type=\"divider.default\">\n\t\t\t\t<div class=\"elementor-widget-container\">\n\t\t\t\t\t<div class=\"elementor-divider\">\n\t\t\t<span class=\"elementor-divider-separator\">\n\t\t\t\t\t\t<\/span>\n\t\t<\/div>\n\t\t\t\t<\/div>\n\t\t\t\t<\/div>\n\t\t\t\t<div class=\"elementor-element elementor-element-71cd189 elementor-widget elementor-widget-spacer\" data-id=\"71cd189\" data-element_type=\"widget\" data-widget_type=\"spacer.default\">\n\t\t\t\t<div class=\"elementor-widget-container\">\n\t\t\t\t\t<div class=\"elementor-spacer\">\n\t\t\t<div class=\"elementor-spacer-inner\"><\/div>\n\t\t<\/div>\n\t\t\t\t<\/div>\n\t\t\t\t<\/div>\n\t\t\t\t<div class=\"elementor-element elementor-element-19e7fea elementor-widget elementor-widget-image\" data-id=\"19e7fea\" data-element_type=\"widget\" data-widget_type=\"image.default\">\n\t\t\t\t<div class=\"elementor-widget-container\">\n\t\t\t\t\t\t\t\t<div class=\"elementor-image\">\n\t\t\t\t\t\t\t\t\t\t\t\t<img width=\"768\" height=\"460\" src=\"https:\/\/renemaran.com\/wp-content\/uploads\/2020\/12\/Capture-de\u0301cran-2020-12-14-a\u0300-16.00.04-768x460.png\" class=\"attachment-medium_large size-medium_large wp-image-2522\" alt=\"\" loading=\"lazy\" srcset=\"https:\/\/renemaran.com\/wp-content\/uploads\/2020\/12\/Capture-de\u0301cran-2020-12-14-a\u0300-16.00.04-768x460.png 768w, https:\/\/renemaran.com\/wp-content\/uploads\/2020\/12\/Capture-de\u0301cran-2020-12-14-a\u0300-16.00.04-300x180.png 300w, https:\/\/renemaran.com\/wp-content\/uploads\/2020\/12\/Capture-de\u0301cran-2020-12-14-a\u0300-16.00.04-500x300.png 500w, https:\/\/renemaran.com\/wp-content\/uploads\/2020\/12\/Capture-de\u0301cran-2020-12-14-a\u0300-16.00.04.png 924w\" sizes=\"(max-width: 768px) 100vw, 768px\" \/>\t\t\t\t\t\t\t\t\t\t\t\t\t\t<\/div>\n\t\t\t\t\t\t<\/div>\n\t\t\t\t<\/div>\n\t\t\t\t\t\t<\/div>\n\t\t\t\t\t<\/div>\n\t\t<\/div>\n\t\t\t\t\t\t\t\t<\/div>\n\t\t\t\t\t<\/div>\n\t\t<\/section>\n\t\t\t\t<section class=\"elementor-section elementor-top-section elementor-element elementor-element-da76571 elementor-section-boxed elementor-section-height-default elementor-section-height-default\" data-id=\"da76571\" data-element_type=\"section\">\n\t\t\t\t\t\t<div class=\"elementor-container elementor-column-gap-default\">\n\t\t\t\t\t\t\t<div class=\"elementor-row\">\n\t\t\t\t\t<div class=\"elementor-column elementor-col-100 elementor-top-column elementor-element elementor-element-d6eed02\" data-id=\"d6eed02\" data-element_type=\"column\">\n\t\t\t<div class=\"elementor-column-wrap elementor-element-populated\">\n\t\t\t\t\t\t\t<div class=\"elementor-widget-wrap\">\n\t\t\t\t\t\t<div class=\"elementor-element elementor-element-c657939 elementor-align-center elementor-widget elementor-widget-button\" data-id=\"c657939\" data-element_type=\"widget\" data-widget_type=\"button.default\">\n\t\t\t\t<div class=\"elementor-widget-container\">\n\t\t\t\t\t<div class=\"elementor-button-wrapper\">\n\t\t\t<a href=\"https:\/\/www.imagesetmemoires.com\/doc\/Articles\/B34dcbechaud.pdf\" class=\"elementor-button-link elementor-button elementor-size-sm\" role=\"button\">\n\t\t\t\t\t\t<span class=\"elementor-button-content-wrapper\">\n\t\t\t\t\t\t<span class=\"elementor-button-text\"><span style=\"font-variant-ligatures: normal; font-variant-caps: normal; font-family: Calibri, sans-serif; font-size: 11pt; font-style: normal; font-weight: 400; text-decoration-thickness: initial; text-decoration-style: initial; text-decoration-color: initial; text-align: start; white-space: normal;\">Auguste Bechaud, marsouin et photographe dans le Haut Oubangui de 1909 1912<\/span><span style=\"font-family: Roboto, sans-serif; font-size: 18px; font-style: normal; font-variant-ligatures: normal; font-variant-caps: normal; font-weight: 500; text-decoration-thickness: initial; text-decoration-style: initial; text-decoration-color: initial;\"><\/span><\/span>\n\t\t<\/span>\n\t\t\t\t\t<\/a>\n\t\t<\/div>\n\t\t\t\t<\/div>\n\t\t\t\t<\/div>\n\t\t\t\t\t\t<\/div>\n\t\t\t\t\t<\/div>\n\t\t<\/div>\n\t\t\t\t\t\t\t\t<\/div>\n\t\t\t\t\t<\/div>\n\t\t<\/section>\n\t\t\t\t\t\t\t\t\t<\/div>\n\t\t\t<\/div>\n\t\t\t\t\t<\/div>\n\t\t","protected":false},"excerpt":{"rendered":"<p>Pour consulter les articles veuillez cliquer sur les cartes: Pour consulter la liste des administrateurs coloniaux de 1903 \u00e0 1960 Cliquez ici Auguste Bechaud, marsouin et photographe dans le Haut Oubangui de 1909 1912<\/p>\n","protected":false},"author":2,"featured_media":2476,"parent":0,"menu_order":0,"comment_status":"closed","ping_status":"closed","template":"","meta":{"ocean_post_layout":"","ocean_both_sidebars_style":"","ocean_both_sidebars_content_width":0,"ocean_both_sidebars_sidebars_width":0,"ocean_sidebar":"0","ocean_second_sidebar":"0","ocean_disable_margins":"enable","ocean_add_body_class":"","ocean_shortcode_before_top_bar":"","ocean_shortcode_after_top_bar":"","ocean_shortcode_before_header":"","ocean_shortcode_after_header":"","ocean_has_shortcode":"","ocean_shortcode_after_title":"","ocean_shortcode_before_footer_widgets":"","ocean_shortcode_after_footer_widgets":"","ocean_shortcode_before_footer_bottom":"","ocean_shortcode_after_footer_bottom":"","ocean_display_top_bar":"default","ocean_display_header":"default","ocean_header_style":"","ocean_center_header_left_menu":"0","ocean_custom_header_template":"0","ocean_custom_logo":0,"ocean_custom_retina_logo":0,"ocean_custom_logo_max_width":0,"ocean_custom_logo_tablet_max_width":0,"ocean_custom_logo_mobile_max_width":0,"ocean_custom_logo_max_height":0,"ocean_custom_logo_tablet_max_height":0,"ocean_custom_logo_mobile_max_height":0,"ocean_header_custom_menu":"0","ocean_menu_typo_font_family":"0","ocean_menu_typo_font_subset":"","ocean_menu_typo_font_size":0,"ocean_menu_typo_font_size_tablet":0,"ocean_menu_typo_font_size_mobile":0,"ocean_menu_typo_font_size_unit":"px","ocean_menu_typo_font_weight":"","ocean_menu_typo_font_weight_tablet":"","ocean_menu_typo_font_weight_mobile":"","ocean_menu_typo_transform":"","ocean_menu_typo_transform_tablet":"","ocean_menu_typo_transform_mobile":"","ocean_menu_typo_line_height":0,"ocean_menu_typo_line_height_tablet":0,"ocean_menu_typo_line_height_mobile":0,"ocean_menu_typo_line_height_unit":"","ocean_menu_typo_spacing":0,"ocean_menu_typo_spacing_tablet":0,"ocean_menu_typo_spacing_mobile":0,"ocean_menu_typo_spacing_unit":"","ocean_menu_link_color":"","ocean_menu_link_color_hover":"","ocean_menu_link_color_active":"","ocean_menu_link_background":"","ocean_menu_link_hover_background":"","ocean_menu_link_active_background":"","ocean_menu_social_links_bg":"","ocean_menu_social_hover_links_bg":"","ocean_menu_social_links_color":"","ocean_menu_social_hover_links_color":"","ocean_disable_title":"on","ocean_disable_heading":"default","ocean_post_title":"","ocean_post_subheading":"","ocean_post_title_style":"","ocean_post_title_background_color":"","ocean_post_title_background":0,"ocean_post_title_bg_image_position":"","ocean_post_title_bg_image_attachment":"","ocean_post_title_bg_image_repeat":"","ocean_post_title_bg_image_size":"","ocean_post_title_height":0,"ocean_post_title_bg_overlay":0.5,"ocean_post_title_bg_overlay_color":"","ocean_disable_breadcrumbs":"default","ocean_breadcrumbs_color":"","ocean_breadcrumbs_separator_color":"","ocean_breadcrumbs_links_color":"","ocean_breadcrumbs_links_hover_color":"","ocean_display_footer_widgets":"default","ocean_display_footer_bottom":"default","ocean_custom_footer_template":"0"},"yoast_head":"<!-- This site is optimized with the Yoast SEO plugin v18.4.1 - https:\/\/yoast.com\/wordpress\/plugins\/seo\/ -->\n<title>L&#039;Oubangui - Ren\u00e9 Maran<\/title>\n<meta name=\"robots\" content=\"index, follow, max-snippet:-1, max-image-preview:large, max-video-preview:-1\" \/>\n<link rel=\"canonical\" href=\"https:\/\/renemaran.com\/index.php\/loubangui\/\" \/>\n<meta property=\"og:locale\" content=\"fr_FR\" \/>\n<meta property=\"og:type\" content=\"article\" \/>\n<meta property=\"og:title\" content=\"L&#039;Oubangui - Ren\u00e9 Maran\" \/>\n<meta property=\"og:description\" content=\"Pour consulter les articles veuillez cliquer sur les cartes: Pour consulter la liste des administrateurs coloniaux de 1903 \u00e0 1960 Cliquez ici Auguste Bechaud, marsouin et photographe dans le Haut Oubangui de 1909 1912\" \/>\n<meta property=\"og:url\" content=\"https:\/\/renemaran.com\/index.php\/loubangui\/\" \/>\n<meta property=\"og:site_name\" content=\"Ren\u00e9 Maran\" \/>\n<meta property=\"article:modified_time\" content=\"2020-12-15T14:50:43+00:00\" \/>\n<meta property=\"og:image\" content=\"https:\/\/renemaran.com\/wp-content\/uploads\/2020\/12\/Capture-de\u0301cran-2020-12-14-a\u0300-15.37.17.png\" \/>\n\t<meta property=\"og:image:width\" content=\"1744\" \/>\n\t<meta property=\"og:image:height\" content=\"1090\" \/>\n\t<meta property=\"og:image:type\" content=\"image\/png\" \/>\n<meta name=\"twitter:card\" content=\"summary_large_image\" \/>\n<script type=\"application\/ld+json\" class=\"yoast-schema-graph\">{\"@context\":\"https:\/\/schema.org\",\"@graph\":[{\"@type\":[\"Person\",\"Organization\"],\"@id\":\"https:\/\/renemaran.com\/#\/schema\/person\/c9f293ce270dbc362db19c0ee539baf5\",\"name\":\"Jimmy Brisset\",\"logo\":{\"@id\":\"https:\/\/renemaran.com\/#personlogo\"}},{\"@type\":\"WebSite\",\"@id\":\"https:\/\/renemaran.com\/#website\",\"url\":\"https:\/\/renemaran.com\/\",\"name\":\"Ren\u00e9 Maran\",\"description\":\"Premier \u00e9crivain noir \u00e0 obtenir le prix Goncourt en 1921\",\"publisher\":{\"@id\":\"https:\/\/renemaran.com\/#\/schema\/person\/c9f293ce270dbc362db19c0ee539baf5\"},\"potentialAction\":[{\"@type\":\"SearchAction\",\"target\":{\"@type\":\"EntryPoint\",\"urlTemplate\":\"https:\/\/renemaran.com\/?s={search_term_string}\"},\"query-input\":\"required name=search_term_string\"}],\"inLanguage\":\"fr-FR\"},{\"@type\":\"ImageObject\",\"@id\":\"https:\/\/renemaran.com\/index.php\/loubangui\/#primaryimage\",\"inLanguage\":\"fr-FR\",\"url\":\"https:\/\/renemaran.com\/wp-content\/uploads\/2020\/12\/Capture-de\u0301cran-2020-12-14-a\u0300-15.37.17.png\",\"contentUrl\":\"https:\/\/renemaran.com\/wp-content\/uploads\/2020\/12\/Capture-de\u0301cran-2020-12-14-a\u0300-15.37.17.png\",\"width\":1744,\"height\":1090},{\"@type\":\"WebPage\",\"@id\":\"https:\/\/renemaran.com\/index.php\/loubangui\/#webpage\",\"url\":\"https:\/\/renemaran.com\/index.php\/loubangui\/\",\"name\":\"L'Oubangui - Ren\u00e9 Maran\",\"isPartOf\":{\"@id\":\"https:\/\/renemaran.com\/#website\"},\"primaryImageOfPage\":{\"@id\":\"https:\/\/renemaran.com\/index.php\/loubangui\/#primaryimage\"},\"datePublished\":\"2020-12-14T14:41:12+00:00\",\"dateModified\":\"2020-12-15T14:50:43+00:00\",\"breadcrumb\":{\"@id\":\"https:\/\/renemaran.com\/index.php\/loubangui\/#breadcrumb\"},\"inLanguage\":\"fr-FR\",\"potentialAction\":[{\"@type\":\"ReadAction\",\"target\":[\"https:\/\/renemaran.com\/index.php\/loubangui\/\"]}]},{\"@type\":\"BreadcrumbList\",\"@id\":\"https:\/\/renemaran.com\/index.php\/loubangui\/#breadcrumb\",\"itemListElement\":[{\"@type\":\"ListItem\",\"position\":1,\"name\":\"Accueil\",\"item\":\"https:\/\/renemaran.com\/\"},{\"@type\":\"ListItem\",\"position\":2,\"name\":\"L&rsquo;Oubangui\"}]}]}<\/script>\n<!-- \/ Yoast SEO plugin. -->","yoast_head_json":{"title":"L'Oubangui - Ren\u00e9 Maran","robots":{"index":"index","follow":"follow","max-snippet":"max-snippet:-1","max-image-preview":"max-image-preview:large","max-video-preview":"max-video-preview:-1"},"canonical":"https:\/\/renemaran.com\/index.php\/loubangui\/","og_locale":"fr_FR","og_type":"article","og_title":"L'Oubangui - Ren\u00e9 Maran","og_description":"Pour consulter les articles veuillez cliquer sur les cartes: Pour consulter la liste des administrateurs coloniaux de 1903 \u00e0 1960 Cliquez ici Auguste Bechaud, marsouin et photographe dans le Haut Oubangui de 1909 1912","og_url":"https:\/\/renemaran.com\/index.php\/loubangui\/","og_site_name":"Ren\u00e9 Maran","article_modified_time":"2020-12-15T14:50:43+00:00","og_image":[{"width":1744,"height":1090,"url":"https:\/\/renemaran.com\/wp-content\/uploads\/2020\/12\/Capture-de\u0301cran-2020-12-14-a\u0300-15.37.17.png","type":"image\/png"}],"twitter_card":"summary_large_image","schema":{"@context":"https:\/\/schema.org","@graph":[{"@type":["Person","Organization"],"@id":"https:\/\/renemaran.com\/#\/schema\/person\/c9f293ce270dbc362db19c0ee539baf5","name":"Jimmy Brisset","logo":{"@id":"https:\/\/renemaran.com\/#personlogo"}},{"@type":"WebSite","@id":"https:\/\/renemaran.com\/#website","url":"https:\/\/renemaran.com\/","name":"Ren\u00e9 Maran","description":"Premier \u00e9crivain noir \u00e0 obtenir le prix Goncourt en 1921","publisher":{"@id":"https:\/\/renemaran.com\/#\/schema\/person\/c9f293ce270dbc362db19c0ee539baf5"},"potentialAction":[{"@type":"SearchAction","target":{"@type":"EntryPoint","urlTemplate":"https:\/\/renemaran.com\/?s={search_term_string}"},"query-input":"required name=search_term_string"}],"inLanguage":"fr-FR"},{"@type":"ImageObject","@id":"https:\/\/renemaran.com\/index.php\/loubangui\/#primaryimage","inLanguage":"fr-FR","url":"https:\/\/renemaran.com\/wp-content\/uploads\/2020\/12\/Capture-de\u0301cran-2020-12-14-a\u0300-15.37.17.png","contentUrl":"https:\/\/renemaran.com\/wp-content\/uploads\/2020\/12\/Capture-de\u0301cran-2020-12-14-a\u0300-15.37.17.png","width":1744,"height":1090},{"@type":"WebPage","@id":"https:\/\/renemaran.com\/index.php\/loubangui\/#webpage","url":"https:\/\/renemaran.com\/index.php\/loubangui\/","name":"L'Oubangui - Ren\u00e9 Maran","isPartOf":{"@id":"https:\/\/renemaran.com\/#website"},"primaryImageOfPage":{"@id":"https:\/\/renemaran.com\/index.php\/loubangui\/#primaryimage"},"datePublished":"2020-12-14T14:41:12+00:00","dateModified":"2020-12-15T14:50:43+00:00","breadcrumb":{"@id":"https:\/\/renemaran.com\/index.php\/loubangui\/#breadcrumb"},"inLanguage":"fr-FR","potentialAction":[{"@type":"ReadAction","target":["https:\/\/renemaran.com\/index.php\/loubangui\/"]}]},{"@type":"BreadcrumbList","@id":"https:\/\/renemaran.com\/index.php\/loubangui\/#breadcrumb","itemListElement":[{"@type":"ListItem","position":1,"name":"Accueil","item":"https:\/\/renemaran.com\/"},{"@type":"ListItem","position":2,"name":"L&rsquo;Oubangui"}]}]}},"_links":{"self":[{"href":"https:\/\/renemaran.com\/index.php\/wp-json\/wp\/v2\/pages\/2475"}],"collection":[{"href":"https:\/\/renemaran.com\/index.php\/wp-json\/wp\/v2\/pages"}],"about":[{"href":"https:\/\/renemaran.com\/index.php\/wp-json\/wp\/v2\/types\/page"}],"author":[{"embeddable":true,"href":"https:\/\/renemaran.com\/index.php\/wp-json\/wp\/v2\/users\/2"}],"replies":[{"embeddable":true,"href":"https:\/\/renemaran.com\/index.php\/wp-json\/wp\/v2\/comments?post=2475"}],"version-history":[{"count":58,"href":"https:\/\/renemaran.com\/index.php\/wp-json\/wp\/v2\/pages\/2475\/revisions"}],"predecessor-version":[{"id":2620,"href":"https:\/\/renemaran.com\/index.php\/wp-json\/wp\/v2\/pages\/2475\/revisions\/2620"}],"wp:featuredmedia":[{"embeddable":true,"href":"https:\/\/renemaran.com\/index.php\/wp-json\/wp\/v2\/media\/2476"}],"wp:attachment":[{"href":"https:\/\/renemaran.com\/index.php\/wp-json\/wp\/v2\/media?parent=2475"}],"curies":[{"name":"wp","href":"https:\/\/api.w.org\/{rel}","templated":true}]}}