{"id":2624,"date":"2020-12-16T14:21:29","date_gmt":"2020-12-16T13:21:29","guid":{"rendered":"https:\/\/renemaran.com\/?page_id=2624"},"modified":"2021-04-29T20:12:57","modified_gmt":"2021-04-29T18:12:57","slug":"goncourt-1921","status":"publish","type":"page","link":"https:\/\/renemaran.com\/index.php\/goncourt-1921\/","title":{"rendered":"Goncourt 1921"},"content":{"rendered":"\t\t<div data-elementor-type=\"wp-page\" data-elementor-id=\"2624\" class=\"elementor elementor-2624\">\n\t\t\t\t\t\t<div class=\"elementor-inner\">\n\t\t\t\t<div class=\"elementor-section-wrap\">\n\t\t\t\t\t\t\t\t\t<section class=\"elementor-section elementor-top-section elementor-element elementor-element-3a9cd77 elementor-section-boxed elementor-section-height-default elementor-section-height-default\" data-id=\"3a9cd77\" data-element_type=\"section\">\n\t\t\t\t\t\t<div class=\"elementor-container elementor-column-gap-default\">\n\t\t\t\t\t\t\t<div class=\"elementor-row\">\n\t\t\t\t\t<div class=\"elementor-column elementor-col-100 elementor-top-column elementor-element elementor-element-2be142d\" data-id=\"2be142d\" data-element_type=\"column\">\n\t\t\t<div class=\"elementor-column-wrap elementor-element-populated\">\n\t\t\t\t\t\t\t<div class=\"elementor-widget-wrap\">\n\t\t\t\t\t\t<section class=\"elementor-section elementor-inner-section elementor-element elementor-element-85cb972 elementor-section-boxed elementor-section-height-default elementor-section-height-default\" data-id=\"85cb972\" data-element_type=\"section\">\n\t\t\t\t\t\t<div class=\"elementor-container elementor-column-gap-default\">\n\t\t\t\t\t\t\t<div class=\"elementor-row\">\n\t\t\t\t\t<div class=\"elementor-column elementor-col-50 elementor-inner-column elementor-element elementor-element-87fb625\" data-id=\"87fb625\" data-element_type=\"column\">\n\t\t\t<div class=\"elementor-column-wrap elementor-element-populated\">\n\t\t\t\t\t\t\t<div class=\"elementor-widget-wrap\">\n\t\t\t\t\t\t<div class=\"elementor-element elementor-element-11c497a elementor-widget elementor-widget-heading\" data-id=\"11c497a\" data-element_type=\"widget\" data-widget_type=\"heading.default\">\n\t\t\t\t<div class=\"elementor-widget-container\">\n\t\t\t<h2 class=\"elementor-heading-title elementor-size-default\">Liens Prix Goncourt:<\/h2>\t\t<\/div>\n\t\t\t\t<\/div>\n\t\t\t\t<div class=\"elementor-element elementor-element-2ef50fa elementor-widget elementor-widget-text-editor\" data-id=\"2ef50fa\" data-element_type=\"widget\" data-widget_type=\"text-editor.default\">\n\t\t\t\t<div class=\"elementor-widget-container\">\n\t\t\t\t\t\t\t\t<div class=\"elementor-text-editor elementor-clearfix\">\n\t\t\t\t<ul><li><a href=\"https:\/\/axar.eu\/redaction-doc\/6-Drouant_livret.pdf\" target=\"_blank\" rel=\"noopener\">Document concernant les 100 ans du prix Goncourt (1903-2003)<\/a><\/li><li><a href=\"https:\/\/www.lefigaro.fr\/culture\/2012\/11\/05\/03004-20121105ARTFIG00318-les-prix-litteraires-en10-questions.php\" target=\"_blank\" rel=\"noopener\">Les prix litt\u00e9raires en 10 questions (Le Figaro novembre 2012)<\/a><\/li><li><a href=\"https:\/\/www.rts.ch\/play\/radio\/forum\/audio\/le-goncourt-un-prix-litteraire-plus-que-centenaire-interview-de-robert-kopp?id=10795820\" target=\"_blank\" rel=\"noopener\">Interview de Robert Kopp\u00a0: le Goncourt un prix litt\u00e9raire plus que centenaire (2018)<\/a><\/li><li><a href=\"https:\/\/slam-livre.fr\/sites\/default\/files\/catalogs\/files\/catalogue%20Goncourt.pdf\" target=\"_blank\" rel=\"noopener\">Les batailles pour le Goncourt de 1903 \u00e0 2018<\/a><\/li><li><a href=\"https:\/\/books.openedition.org\/septentrion\/54454?lang=fr\" target=\"_blank\" rel=\"noopener\">Les Goncourt dans leur si\u00e8cle \u2013 PUF pages 305 \u00e0 316<\/a><\/li><li><a href=\"http:\/\/www.lestrompettesmarines.com\/\" target=\"_blank\" rel=\"noopener\">Site litt\u00e9raire les trompettes marine <\/a>(cliquez sur un jour un Goncourt)<\/li><\/ul>\t\t\t\t\t<\/div>\n\t\t\t\t\t\t<\/div>\n\t\t\t\t<\/div>\n\t\t\t\t\t\t<\/div>\n\t\t\t\t\t<\/div>\n\t\t<\/div>\n\t\t\t\t<div class=\"elementor-column elementor-col-50 elementor-inner-column elementor-element elementor-element-3df0a27\" data-id=\"3df0a27\" data-element_type=\"column\">\n\t\t\t<div class=\"elementor-column-wrap elementor-element-populated\">\n\t\t\t\t\t\t\t<div class=\"elementor-widget-wrap\">\n\t\t\t\t\t\t<div class=\"elementor-element elementor-element-a569268 elementor-widget elementor-widget-image\" data-id=\"a569268\" data-element_type=\"widget\" data-widget_type=\"image.default\">\n\t\t\t\t<div class=\"elementor-widget-container\">\n\t\t\t\t\t\t\t\t<div class=\"elementor-image\">\n\t\t\t\t\t\t\t\t\t\t\t\t<img width=\"344\" height=\"500\" src=\"https:\/\/renemaran.com\/wp-content\/uploads\/2007\/08\/images-1-344x500.jpeg\" class=\"attachment-large size-large wp-image-1720\" alt=\"\" loading=\"lazy\" srcset=\"https:\/\/renemaran.com\/wp-content\/uploads\/2007\/08\/images-1-344x500.jpeg 344w, https:\/\/renemaran.com\/wp-content\/uploads\/2007\/08\/images-1-206x300.jpeg 206w, https:\/\/renemaran.com\/wp-content\/uploads\/2007\/08\/images-1-768x1118.jpeg 768w, https:\/\/renemaran.com\/wp-content\/uploads\/2007\/08\/images-1-1055x1536.jpeg 1055w, https:\/\/renemaran.com\/wp-content\/uploads\/2007\/08\/images-1.jpeg 1407w\" sizes=\"(max-width: 344px) 100vw, 344px\" \/>\t\t\t\t\t\t\t\t\t\t\t\t\t\t<\/div>\n\t\t\t\t\t\t<\/div>\n\t\t\t\t<\/div>\n\t\t\t\t\t\t<\/div>\n\t\t\t\t\t<\/div>\n\t\t<\/div>\n\t\t\t\t\t\t\t\t<\/div>\n\t\t\t\t\t<\/div>\n\t\t<\/section>\n\t\t\t\t\t\t<\/div>\n\t\t\t\t\t<\/div>\n\t\t<\/div>\n\t\t\t\t\t\t\t\t<\/div>\n\t\t\t\t\t<\/div>\n\t\t<\/section>\n\t\t\t\t\t\t\t\t\t<\/div>\n\t\t\t<\/div>\n\t\t\t\t\t<\/div>\n\t\t","protected":false},"excerpt":{"rendered":"<p>Liens Prix Goncourt: Document concernant les 100 ans du prix Goncourt (1903-2003) Les prix litt\u00e9raires en 10 questions (Le Figaro novembre 2012) Interview de Robert Kopp\u00a0: le Goncourt un prix litt\u00e9raire plus que centenaire (2018) Les batailles pour le Goncourt de 1903 \u00e0 2018 Les Goncourt dans leur si\u00e8cle \u2013 PUF pages 305 \u00e0 316 [&hellip;]<\/p>\n","protected":false},"author":2,"featured_media":0,"parent":0,"menu_order":0,"comment_status":"closed","ping_status":"closed","template":"","meta":{"ocean_post_layout":"","ocean_both_sidebars_style":"","ocean_both_sidebars_content_width":0,"ocean_both_sidebars_sidebars_width":0,"ocean_sidebar":"0","ocean_second_sidebar":"0","ocean_disable_margins":"enable","ocean_add_body_class":"","ocean_shortcode_before_top_bar":"","ocean_shortcode_after_top_bar":"","ocean_shortcode_before_header":"","ocean_shortcode_after_header":"","ocean_has_shortcode":"","ocean_shortcode_after_title":"","ocean_shortcode_before_footer_widgets":"","ocean_shortcode_after_footer_widgets":"","ocean_shortcode_before_footer_bottom":"","ocean_shortcode_after_footer_bottom":"","ocean_display_top_bar":"default","ocean_display_header":"default","ocean_header_style":"","ocean_center_header_left_menu":"0","ocean_custom_header_template":"0","ocean_custom_logo":0,"ocean_custom_retina_logo":0,"ocean_custom_logo_max_width":0,"ocean_custom_logo_tablet_max_width":0,"ocean_custom_logo_mobile_max_width":0,"ocean_custom_logo_max_height":0,"ocean_custom_logo_tablet_max_height":0,"ocean_custom_logo_mobile_max_height":0,"ocean_header_custom_menu":"0","ocean_menu_typo_font_family":"0","ocean_menu_typo_font_subset":"","ocean_menu_typo_font_size":0,"ocean_menu_typo_font_size_tablet":0,"ocean_menu_typo_font_size_mobile":0,"ocean_menu_typo_font_size_unit":"px","ocean_menu_typo_font_weight":"","ocean_menu_typo_font_weight_tablet":"","ocean_menu_typo_font_weight_mobile":"","ocean_menu_typo_transform":"","ocean_menu_typo_transform_tablet":"","ocean_menu_typo_transform_mobile":"","ocean_menu_typo_line_height":0,"ocean_menu_typo_line_height_tablet":0,"ocean_menu_typo_line_height_mobile":0,"ocean_menu_typo_line_height_unit":"","ocean_menu_typo_spacing":0,"ocean_menu_typo_spacing_tablet":0,"ocean_menu_typo_spacing_mobile":0,"ocean_menu_typo_spacing_unit":"","ocean_menu_link_color":"","ocean_menu_link_color_hover":"","ocean_menu_link_color_active":"","ocean_menu_link_background":"","ocean_menu_link_hover_background":"","ocean_menu_link_active_background":"","ocean_menu_social_links_bg":"","ocean_menu_social_hover_links_bg":"","ocean_menu_social_links_color":"","ocean_menu_social_hover_links_color":"","ocean_disable_title":"on","ocean_disable_heading":"default","ocean_post_title":"","ocean_post_subheading":"","ocean_post_title_style":"","ocean_post_title_background_color":"","ocean_post_title_background":0,"ocean_post_title_bg_image_position":"","ocean_post_title_bg_image_attachment":"","ocean_post_title_bg_image_repeat":"","ocean_post_title_bg_image_size":"","ocean_post_title_height":0,"ocean_post_title_bg_overlay":0.5,"ocean_post_title_bg_overlay_color":"","ocean_disable_breadcrumbs":"default","ocean_breadcrumbs_color":"","ocean_breadcrumbs_separator_color":"","ocean_breadcrumbs_links_color":"","ocean_breadcrumbs_links_hover_color":"","ocean_display_footer_widgets":"default","ocean_display_footer_bottom":"default","ocean_custom_footer_template":"0"},"yoast_head":"<!-- This site is optimized with the Yoast SEO plugin v18.4.1 - https:\/\/yoast.com\/wordpress\/plugins\/seo\/ -->\n<title>Goncourt 1921 - Ren\u00e9 Maran<\/title>\n<meta name=\"robots\" content=\"index, follow, max-snippet:-1, max-image-preview:large, max-video-preview:-1\" \/>\n<link rel=\"canonical\" href=\"https:\/\/renemaran.com\/index.php\/goncourt-1921\/\" \/>\n<meta property=\"og:locale\" content=\"fr_FR\" \/>\n<meta property=\"og:type\" content=\"article\" \/>\n<meta property=\"og:title\" content=\"Goncourt 1921 - Ren\u00e9 Maran\" \/>\n<meta property=\"og:description\" content=\"Liens Prix Goncourt: Document concernant les 100 ans du prix Goncourt (1903-2003) Les prix litt\u00e9raires en 10 questions (Le Figaro novembre 2012) Interview de Robert Kopp\u00a0: le Goncourt un prix litt\u00e9raire plus que centenaire (2018) Les batailles pour le Goncourt de 1903 \u00e0 2018 Les Goncourt dans leur si\u00e8cle \u2013 PUF pages 305 \u00e0 316 [&hellip;]\" \/>\n<meta property=\"og:url\" content=\"https:\/\/renemaran.com\/index.php\/goncourt-1921\/\" \/>\n<meta property=\"og:site_name\" content=\"Ren\u00e9 Maran\" \/>\n<meta property=\"article:modified_time\" content=\"2021-04-29T18:12:57+00:00\" \/>\n<meta property=\"og:image\" content=\"https:\/\/renemaran.com\/wp-content\/uploads\/2007\/08\/images-1-344x500.jpeg\" \/>\n<meta name=\"twitter:card\" content=\"summary_large_image\" \/>\n<meta name=\"twitter:label1\" content=\"Dur\u00e9e de lecture estim\u00e9e\" \/>\n\t<meta name=\"twitter:data1\" content=\"1 minute\" \/>\n<script type=\"application\/ld+json\" class=\"yoast-schema-graph\">{\"@context\":\"https:\/\/schema.org\",\"@graph\":[{\"@type\":[\"Person\",\"Organization\"],\"@id\":\"https:\/\/renemaran.com\/#\/schema\/person\/c9f293ce270dbc362db19c0ee539baf5\",\"name\":\"Jimmy Brisset\",\"logo\":{\"@id\":\"https:\/\/renemaran.com\/#personlogo\"}},{\"@type\":\"WebSite\",\"@id\":\"https:\/\/renemaran.com\/#website\",\"url\":\"https:\/\/renemaran.com\/\",\"name\":\"Ren\u00e9 Maran\",\"description\":\"Premier \u00e9crivain noir \u00e0 obtenir le prix Goncourt en 1921\",\"publisher\":{\"@id\":\"https:\/\/renemaran.com\/#\/schema\/person\/c9f293ce270dbc362db19c0ee539baf5\"},\"potentialAction\":[{\"@type\":\"SearchAction\",\"target\":{\"@type\":\"EntryPoint\",\"urlTemplate\":\"https:\/\/renemaran.com\/?s={search_term_string}\"},\"query-input\":\"required name=search_term_string\"}],\"inLanguage\":\"fr-FR\"},{\"@type\":\"ImageObject\",\"@id\":\"https:\/\/renemaran.com\/index.php\/goncourt-1921\/#primaryimage\",\"inLanguage\":\"fr-FR\",\"url\":\"https:\/\/renemaran.com\/wp-content\/uploads\/2007\/08\/images-1.jpeg\",\"contentUrl\":\"https:\/\/renemaran.com\/wp-content\/uploads\/2007\/08\/images-1.jpeg\",\"width\":1407,\"height\":2048},{\"@type\":\"WebPage\",\"@id\":\"https:\/\/renemaran.com\/index.php\/goncourt-1921\/#webpage\",\"url\":\"https:\/\/renemaran.com\/index.php\/goncourt-1921\/\",\"name\":\"Goncourt 1921 - Ren\u00e9 Maran\",\"isPartOf\":{\"@id\":\"https:\/\/renemaran.com\/#website\"},\"primaryImageOfPage\":{\"@id\":\"https:\/\/renemaran.com\/index.php\/goncourt-1921\/#primaryimage\"},\"datePublished\":\"2020-12-16T13:21:29+00:00\",\"dateModified\":\"2021-04-29T18:12:57+00:00\",\"breadcrumb\":{\"@id\":\"https:\/\/renemaran.com\/index.php\/goncourt-1921\/#breadcrumb\"},\"inLanguage\":\"fr-FR\",\"potentialAction\":[{\"@type\":\"ReadAction\",\"target\":[\"https:\/\/renemaran.com\/index.php\/goncourt-1921\/\"]}]},{\"@type\":\"BreadcrumbList\",\"@id\":\"https:\/\/renemaran.com\/index.php\/goncourt-1921\/#breadcrumb\",\"itemListElement\":[{\"@type\":\"ListItem\",\"position\":1,\"name\":\"Accueil\",\"item\":\"https:\/\/renemaran.com\/\"},{\"@type\":\"ListItem\",\"position\":2,\"name\":\"Goncourt 1921\"}]}]}<\/script>\n<!-- \/ Yoast SEO plugin. -->","yoast_head_json":{"title":"Goncourt 1921 - Ren\u00e9 Maran","robots":{"index":"index","follow":"follow","max-snippet":"max-snippet:-1","max-image-preview":"max-image-preview:large","max-video-preview":"max-video-preview:-1"},"canonical":"https:\/\/renemaran.com\/index.php\/goncourt-1921\/","og_locale":"fr_FR","og_type":"article","og_title":"Goncourt 1921 - Ren\u00e9 Maran","og_description":"Liens Prix Goncourt: Document concernant les 100 ans du prix Goncourt (1903-2003) Les prix litt\u00e9raires en 10 questions (Le Figaro novembre 2012) Interview de Robert Kopp\u00a0: le Goncourt un prix litt\u00e9raire plus que centenaire (2018) Les batailles pour le Goncourt de 1903 \u00e0 2018 Les Goncourt dans leur si\u00e8cle \u2013 PUF pages 305 \u00e0 316 [&hellip;]","og_url":"https:\/\/renemaran.com\/index.php\/goncourt-1921\/","og_site_name":"Ren\u00e9 Maran","article_modified_time":"2021-04-29T18:12:57+00:00","og_image":[{"url":"https:\/\/renemaran.com\/wp-content\/uploads\/2007\/08\/images-1-344x500.jpeg"}],"twitter_card":"summary_large_image","twitter_misc":{"Dur\u00e9e de lecture estim\u00e9e":"1 minute"},"schema":{"@context":"https:\/\/schema.org","@graph":[{"@type":["Person","Organization"],"@id":"https:\/\/renemaran.com\/#\/schema\/person\/c9f293ce270dbc362db19c0ee539baf5","name":"Jimmy Brisset","logo":{"@id":"https:\/\/renemaran.com\/#personlogo"}},{"@type":"WebSite","@id":"https:\/\/renemaran.com\/#website","url":"https:\/\/renemaran.com\/","name":"Ren\u00e9 Maran","description":"Premier \u00e9crivain noir \u00e0 obtenir le prix Goncourt en 1921","publisher":{"@id":"https:\/\/renemaran.com\/#\/schema\/person\/c9f293ce270dbc362db19c0ee539baf5"},"potentialAction":[{"@type":"SearchAction","target":{"@type":"EntryPoint","urlTemplate":"https:\/\/renemaran.com\/?s={search_term_string}"},"query-input":"required name=search_term_string"}],"inLanguage":"fr-FR"},{"@type":"ImageObject","@id":"https:\/\/renemaran.com\/index.php\/goncourt-1921\/#primaryimage","inLanguage":"fr-FR","url":"https:\/\/renemaran.com\/wp-content\/uploads\/2007\/08\/images-1.jpeg","contentUrl":"https:\/\/renemaran.com\/wp-content\/uploads\/2007\/08\/images-1.jpeg","width":1407,"height":2048},{"@type":"WebPage","@id":"https:\/\/renemaran.com\/index.php\/goncourt-1921\/#webpage","url":"https:\/\/renemaran.com\/index.php\/goncourt-1921\/","name":"Goncourt 1921 - Ren\u00e9 Maran","isPartOf":{"@id":"https:\/\/renemaran.com\/#website"},"primaryImageOfPage":{"@id":"https:\/\/renemaran.com\/index.php\/goncourt-1921\/#primaryimage"},"datePublished":"2020-12-16T13:21:29+00:00","dateModified":"2021-04-29T18:12:57+00:00","breadcrumb":{"@id":"https:\/\/renemaran.com\/index.php\/goncourt-1921\/#breadcrumb"},"inLanguage":"fr-FR","potentialAction":[{"@type":"ReadAction","target":["https:\/\/renemaran.com\/index.php\/goncourt-1921\/"]}]},{"@type":"BreadcrumbList","@id":"https:\/\/renemaran.com\/index.php\/goncourt-1921\/#breadcrumb","itemListElement":[{"@type":"ListItem","position":1,"name":"Accueil","item":"https:\/\/renemaran.com\/"},{"@type":"ListItem","position":2,"name":"Goncourt 1921"}]}]}},"_links":{"self":[{"href":"https:\/\/renemaran.com\/index.php\/wp-json\/wp\/v2\/pages\/2624"}],"collection":[{"href":"https:\/\/renemaran.com\/index.php\/wp-json\/wp\/v2\/pages"}],"about":[{"href":"https:\/\/renemaran.com\/index.php\/wp-json\/wp\/v2\/types\/page"}],"author":[{"embeddable":true,"href":"https:\/\/renemaran.com\/index.php\/wp-json\/wp\/v2\/users\/2"}],"replies":[{"embeddable":true,"href":"https:\/\/renemaran.com\/index.php\/wp-json\/wp\/v2\/comments?post=2624"}],"version-history":[{"count":58,"href":"https:\/\/renemaran.com\/index.php\/wp-json\/wp\/v2\/pages\/2624\/revisions"}],"predecessor-version":[{"id":3853,"href":"https:\/\/renemaran.com\/index.php\/wp-json\/wp\/v2\/pages\/2624\/revisions\/3853"}],"wp:attachment":[{"href":"https:\/\/renemaran.com\/index.php\/wp-json\/wp\/v2\/media?parent=2624"}],"curies":[{"name":"wp","href":"https:\/\/api.w.org\/{rel}","templated":true}]}}