{"id":2753,"date":"2020-12-16T17:09:55","date_gmt":"2020-12-16T16:09:55","guid":{"rendered":"https:\/\/renemaran.com\/?page_id=2753"},"modified":"2021-04-23T12:23:47","modified_gmt":"2021-04-23T10:23:47","slug":"negritude","status":"publish","type":"page","link":"https:\/\/renemaran.com\/index.php\/negritude\/","title":{"rendered":"N\u00e9gritude"},"content":{"rendered":"\t\t<div data-elementor-type=\"wp-page\" data-elementor-id=\"2753\" class=\"elementor elementor-2753\">\n\t\t\t\t\t\t<div class=\"elementor-inner\">\n\t\t\t\t<div class=\"elementor-section-wrap\">\n\t\t\t\t\t\t\t\t\t<section class=\"elementor-section elementor-top-section elementor-element elementor-element-ad441d0 elementor-section-boxed elementor-section-height-default elementor-section-height-default\" data-id=\"ad441d0\" data-element_type=\"section\">\n\t\t\t\t\t\t<div class=\"elementor-container elementor-column-gap-default\">\n\t\t\t\t\t\t\t<div class=\"elementor-row\">\n\t\t\t\t\t<div class=\"elementor-column elementor-col-100 elementor-top-column elementor-element elementor-element-56de090\" data-id=\"56de090\" data-element_type=\"column\">\n\t\t\t<div class=\"elementor-column-wrap elementor-element-populated\">\n\t\t\t\t\t\t\t<div class=\"elementor-widget-wrap\">\n\t\t\t\t\t\t<div class=\"elementor-element elementor-element-d137da4 elementor-widget elementor-widget-text-editor\" data-id=\"d137da4\" data-element_type=\"widget\" data-widget_type=\"text-editor.default\">\n\t\t\t\t<div class=\"elementor-widget-container\">\n\t\t\t\t\t\t\t\t<div class=\"elementor-text-editor elementor-clearfix\">\n\t\t\t\t<div class=\"clr tax-desc\"><p>Ren\u00e9 Maran exprime des r\u00e9serves sur le mouvement naissant de la\u00a0<a href=\"http:\/\/dictionnaire.sensagent.leparisien.fr\/N%C3%A9gritude\/fr-fr\/\" target=\"_blank\" rel=\"noopener\" data-saferedirecturl=\"https:\/\/www.google.com\/url?q=http:\/\/dictionnaire.sensagent.leparisien.fr\/N%C3%A9gritude\/fr-fr\/&amp;source=gmail&amp;ust=1607696678211000&amp;usg=AFQjCNEqXy-hmeY4ERhHG2KDjPkfS0h3mg\">n\u00e9gritude<\/a>\u00a0dont il d\u00e9nonce les dangers\u00a0:<\/p><p>\u00ab\u00a0Consid\u00e9r\u00e9 par les Noirs comme un pr\u00e9curseur de la\u00a0<em>n\u00e9gritude<\/em>, il avouait qu\u2019il la comprenait mal et avait tendance \u00e0 y voir un\u00a0<a href=\"http:\/\/dictionnaire.sensagent.leparisien.fr\/Racisme\/fr-fr\/\" target=\"_blank\" rel=\"noopener\" data-saferedirecturl=\"https:\/\/www.google.com\/url?q=http:\/\/dictionnaire.sensagent.leparisien.fr\/Racisme\/fr-fr\/&amp;source=gmail&amp;ust=1607696678211000&amp;usg=AFQjCNHXXr-tEvkfZa2vRyL1AAkILAmPxw\">racisme<\/a>\u00a0plus qu\u2019une nouvelle forme d\u2019<a href=\"http:\/\/dictionnaire.sensagent.leparisien.fr\/Humanisme\/fr-fr\/\" target=\"_blank\" rel=\"noopener\" data-saferedirecturl=\"https:\/\/www.google.com\/url?q=http:\/\/dictionnaire.sensagent.leparisien.fr\/Humanisme\/fr-fr\/&amp;source=gmail&amp;ust=1607696678211000&amp;usg=AFQjCNHy6aU76EtmE-shpPrMkPuZCXD3LQ\">humanisme<\/a>. Il se voulait, par-dessus tout et avec obstination \u00ab\u00a0un homme pareil aux autres\u00a0\u00bb\u00a0\u00bb<\/p><p>\u2014\u00a0<a href=\"http:\/\/dictionnaire.sensagent.leparisien.fr\/Lilyan%20Kesteloot\/fr-fr\/\" target=\"_blank\" rel=\"noopener\" data-saferedirecturl=\"https:\/\/www.google.com\/url?q=http:\/\/dictionnaire.sensagent.leparisien.fr\/Lilyan%2520Kesteloot\/fr-fr\/&amp;source=gmail&amp;ust=1607696678211000&amp;usg=AFQjCNHH5SmDD5gEvM5ixgmmqpx4_FnCFQ\">Lilyan Kesteloot<\/a><\/p><ul><li>\u00a0Lilyan Kesteloot,\u00a0<a href=\"http:\/\/books.google.fr\/books?id=mILSu_PmT2kC&amp;lpg=PA57&amp;ots=TvveOMp7nh&amp;dq=Ren%C3%A9%20Maran%20N%C3%A9gritude&amp;pg=PA57#v=onepage&amp;q=&amp;f=false\" target=\"_blank\" rel=\"noopener\" data-saferedirecturl=\"https:\/\/www.google.com\/url?q=http:\/\/books.google.fr\/books?id%3DmILSu_PmT2kC%26lpg%3DPA57%26ots%3DTvveOMp7nh%26dq%3DRen%25C3%25A9%2520Maran%2520N%25C3%25A9gritude%26pg%3DPA57%23v%3Donepage%26q%3D%26f%3Dfalse&amp;source=gmail&amp;ust=1607696678211000&amp;usg=AFQjCNFzmyZAUUeRAusT3uUvI3L3xBPPFw\">Histoire de la litt\u00e9rature n\u00e9gro-africaine<\/a>:\u00a0<em>XX<\/em><sup>e<\/sup>\u2009\u2011\u2009<em>XXI<\/em><sup>e<\/sup>\u00a0si\u00e8cle\u00a0: 1930-2001, Paris, Karthala Editions, 2001.(notice\u00a0<a href=\"http:\/\/dictionnaire.sensagent.leparisien.fr\/Biblioth%C3%A8que%20nationale%20de%20France\/fr-fr\/\" target=\"_blank\" rel=\"noopener\" data-saferedirecturl=\"https:\/\/www.google.com\/url?q=http:\/\/dictionnaire.sensagent.leparisien.fr\/Biblioth%C3%A8que%2520nationale%2520de%2520France\/fr-fr\/&amp;source=gmail&amp;ust=1607696678211000&amp;usg=AFQjCNF1YV9cEy3k89Tv06Oqt0HPnRPcUw\">BNF<\/a>\u00a0n<sup>o<\/sup>\u00a0<a href=\"http:\/\/catalogue.bnf.fr\/ark:\/12148\/cb37651181r\/PUBLIC\" target=\"_blank\" rel=\"noopener\" data-saferedirecturl=\"https:\/\/www.google.com\/url?q=http:\/\/catalogue.bnf.fr\/ark:\/12148\/cb37651181r\/PUBLIC&amp;source=gmail&amp;ust=1607696678211000&amp;usg=AFQjCNHHN_qY51OP0KrMl2Rnk58a--muIQ\">FRBNF37651181r<\/a>)<br \/>Consulter fascicule\u00a0<em>Le fonds Ren\u00e9<\/em>\u00a0Maran \u00e0 la biblioth\u00e8que municipale\u00a0<em>(B.M. Bordeaux, 2007, 19 p.<\/em>Jean Michel Andrault, \u00ab\u00a0<a href=\"http:\/\/www.imagesetmemoires.com\/doc\/Articles\/Hommages_Rene_Maran.pdf\" target=\"_blank\" rel=\"noopener\" data-saferedirecturl=\"https:\/\/www.google.com\/url?q=http:\/\/www.imagesetmemoires.com\/doc\/Articles\/Hommages_Rene_Maran.pdf&amp;source=gmail&amp;ust=1607696678211000&amp;usg=AFQjCNHuvC3AU7V-Lp77aX9bcNeqlyUUcQ\">Batouala (1921) et Ren\u00e9 Maran<\/a>\u00a0\u00bb, Jean Michel Andrault, Hommages Ren\u00e9 Maran.pdf, 2006<\/li><\/ul><\/div><div id=\"blog-entries\" class=\"entries clr\"><article id=\"post-2341\" class=\"blog-entry clr no-featured-image large-entry post-2341 post type-post status-publish format-standard hentry category-negritude entry\"><div class=\"blog-entry-inner clr\"><header class=\"blog-entry-header clr\"><h2 class=\"blog-entry-title entry-title\">\u00a0<\/h2><\/header><\/div><\/article><\/div>\t\t\t\t\t<\/div>\n\t\t\t\t\t\t<\/div>\n\t\t\t\t<\/div>\n\t\t\t\t<div class=\"elementor-element elementor-element-7b4dd70 elementor-widget elementor-widget-shortcode\" data-id=\"7b4dd70\" data-element_type=\"widget\" data-widget_type=\"shortcode.default\">\n\t\t\t\t<div class=\"elementor-widget-container\">\n\t\t\t\t\t<div class=\"elementor-shortcode\">\n\t<div class=\"wp-spaios-slider-wrap wp-spaios-row-clearfix\" data-conf=\"&quot;&quot;\">\n\t\t<div class=\"wp-spaios-slider wp-spaios-polaroids-gallery wp-spaios-gallery photostack\" id=\"wp-spaios-polaroids-gallery-1\" style=\"\">\n\t\t\t\t\t\t<div class=\"\">\n\t\t\t\r\n<figure>\r\n\t\t\t<a class=\"wp-spaios-img-link\" href=\"https:\/\/renemaran.com\/wp-content\/uploads\/2020\/12\/Page-1-ne\u0301gritude.jpg\" data-fancybox=\"gallery\" data-options=\"{&quot;loop&quot;:&quot;true&quot;,&quot;transitionEffect&quot;:&quot;slide&quot;}\">\r\n\t\t\t<img class=\"wp-spaios-slider-image\" src=\"https:\/\/renemaran.com\/wp-content\/uploads\/2020\/12\/Page-1-ne\u0301gritude.jpg\" alt=\"\" title=\"Page 1 ne\u0301gritude\" \/>\r\n\t\t<\/a>\r\n\t<\/figure>\r\n<figure>\r\n\t\t\t<a class=\"wp-spaios-img-link\" href=\"https:\/\/renemaran.com\/wp-content\/uploads\/2020\/12\/Page-2-3.jpg\" data-fancybox=\"gallery\" data-options=\"{&quot;loop&quot;:&quot;true&quot;,&quot;transitionEffect&quot;:&quot;slide&quot;}\">\r\n\t\t\t<img class=\"wp-spaios-slider-image\" src=\"https:\/\/renemaran.com\/wp-content\/uploads\/2020\/12\/Page-2-3.jpg\" alt=\"\" title=\"Page 2 (3)\" \/>\r\n\t\t<\/a>\r\n\t<\/figure>\r\n<figure>\r\n\t\t\t<a class=\"wp-spaios-img-link\" href=\"https:\/\/renemaran.com\/wp-content\/uploads\/2020\/12\/Page-3-3.jpg\" data-fancybox=\"gallery\" data-options=\"{&quot;loop&quot;:&quot;true&quot;,&quot;transitionEffect&quot;:&quot;slide&quot;}\">\r\n\t\t\t<img class=\"wp-spaios-slider-image\" src=\"https:\/\/renemaran.com\/wp-content\/uploads\/2020\/12\/Page-3-3.jpg\" alt=\"\" title=\"Page 3 (3)\" \/>\r\n\t\t<\/a>\r\n\t<\/figure>\r\n<figure>\r\n\t\t\t<a class=\"wp-spaios-img-link\" href=\"https:\/\/renemaran.com\/wp-content\/uploads\/2020\/12\/Page-4-3.jpg\" data-fancybox=\"gallery\" data-options=\"{&quot;loop&quot;:&quot;true&quot;,&quot;transitionEffect&quot;:&quot;slide&quot;}\">\r\n\t\t\t<img class=\"wp-spaios-slider-image\" src=\"https:\/\/renemaran.com\/wp-content\/uploads\/2020\/12\/Page-4-3.jpg\" alt=\"\" title=\"Page 4 (3)\" \/>\r\n\t\t<\/a>\r\n\t<\/figure>\r\n<figure>\r\n\t\t\t<a class=\"wp-spaios-img-link\" href=\"https:\/\/renemaran.com\/wp-content\/uploads\/2020\/12\/Page-5-3.jpg\" data-fancybox=\"gallery\" data-options=\"{&quot;loop&quot;:&quot;true&quot;,&quot;transitionEffect&quot;:&quot;slide&quot;}\">\r\n\t\t\t<img class=\"wp-spaios-slider-image\" src=\"https:\/\/renemaran.com\/wp-content\/uploads\/2020\/12\/Page-5-3.jpg\" alt=\"\" title=\"Page 5 (3)\" \/>\r\n\t\t<\/a>\r\n\t<\/figure>\t\t\t\t\t\t<\/div>\n\t\t\t\t\t<\/div>\n\t<\/div>\n\t<\/div>\n\t\t\t\t<\/div>\n\t\t\t\t<\/div>\n\t\t\t\t\t\t<\/div>\n\t\t\t\t\t<\/div>\n\t\t<\/div>\n\t\t\t\t\t\t\t\t<\/div>\n\t\t\t\t\t<\/div>\n\t\t<\/section>\n\t\t\t\t\t\t\t\t\t<\/div>\n\t\t\t<\/div>\n\t\t\t\t\t<\/div>\n\t\t","protected":false},"excerpt":{"rendered":"<p>Ren\u00e9 Maran exprime des r\u00e9serves sur le mouvement naissant de la\u00a0n\u00e9gritude\u00a0dont il d\u00e9nonce les dangers\u00a0: \u00ab\u00a0Consid\u00e9r\u00e9 par les Noirs comme un pr\u00e9curseur de la\u00a0n\u00e9gritude, il avouait qu\u2019il la comprenait mal et avait tendance \u00e0 y voir un\u00a0racisme\u00a0plus qu\u2019une nouvelle forme d\u2019humanisme. Il se voulait, par-dessus tout et avec obstination \u00ab\u00a0un homme pareil aux autres\u00a0\u00bb\u00a0\u00bb \u2014\u00a0Lilyan [&hellip;]<\/p>\n","protected":false},"author":2,"featured_media":0,"parent":0,"menu_order":0,"comment_status":"closed","ping_status":"closed","template":"","meta":{"ocean_post_layout":"","ocean_both_sidebars_style":"","ocean_both_sidebars_content_width":0,"ocean_both_sidebars_sidebars_width":0,"ocean_sidebar":"0","ocean_second_sidebar":"0","ocean_disable_margins":"enable","ocean_add_body_class":"","ocean_shortcode_before_top_bar":"","ocean_shortcode_after_top_bar":"","ocean_shortcode_before_header":"","ocean_shortcode_after_header":"","ocean_has_shortcode":"","ocean_shortcode_after_title":"","ocean_shortcode_before_footer_widgets":"","ocean_shortcode_after_footer_widgets":"","ocean_shortcode_before_footer_bottom":"","ocean_shortcode_after_footer_bottom":"","ocean_display_top_bar":"default","ocean_display_header":"default","ocean_header_style":"","ocean_center_header_left_menu":"0","ocean_custom_header_template":"0","ocean_custom_logo":0,"ocean_custom_retina_logo":0,"ocean_custom_logo_max_width":0,"ocean_custom_logo_tablet_max_width":0,"ocean_custom_logo_mobile_max_width":0,"ocean_custom_logo_max_height":0,"ocean_custom_logo_tablet_max_height":0,"ocean_custom_logo_mobile_max_height":0,"ocean_header_custom_menu":"0","ocean_menu_typo_font_family":"0","ocean_menu_typo_font_subset":"","ocean_menu_typo_font_size":0,"ocean_menu_typo_font_size_tablet":0,"ocean_menu_typo_font_size_mobile":0,"ocean_menu_typo_font_size_unit":"px","ocean_menu_typo_font_weight":"","ocean_menu_typo_font_weight_tablet":"","ocean_menu_typo_font_weight_mobile":"","ocean_menu_typo_transform":"","ocean_menu_typo_transform_tablet":"","ocean_menu_typo_transform_mobile":"","ocean_menu_typo_line_height":0,"ocean_menu_typo_line_height_tablet":0,"ocean_menu_typo_line_height_mobile":0,"ocean_menu_typo_line_height_unit":"","ocean_menu_typo_spacing":0,"ocean_menu_typo_spacing_tablet":0,"ocean_menu_typo_spacing_mobile":0,"ocean_menu_typo_spacing_unit":"","ocean_menu_link_color":"","ocean_menu_link_color_hover":"","ocean_menu_link_color_active":"","ocean_menu_link_background":"","ocean_menu_link_hover_background":"","ocean_menu_link_active_background":"","ocean_menu_social_links_bg":"","ocean_menu_social_hover_links_bg":"","ocean_menu_social_links_color":"","ocean_menu_social_hover_links_color":"","ocean_disable_title":"on","ocean_disable_heading":"default","ocean_post_title":"","ocean_post_subheading":"","ocean_post_title_style":"","ocean_post_title_background_color":"","ocean_post_title_background":0,"ocean_post_title_bg_image_position":"","ocean_post_title_bg_image_attachment":"","ocean_post_title_bg_image_repeat":"","ocean_post_title_bg_image_size":"","ocean_post_title_height":0,"ocean_post_title_bg_overlay":0.5,"ocean_post_title_bg_overlay_color":"","ocean_disable_breadcrumbs":"default","ocean_breadcrumbs_color":"","ocean_breadcrumbs_separator_color":"","ocean_breadcrumbs_links_color":"","ocean_breadcrumbs_links_hover_color":"","ocean_display_footer_widgets":"default","ocean_display_footer_bottom":"default","ocean_custom_footer_template":"0"},"yoast_head":"<!-- This site is optimized with the Yoast SEO plugin v18.4.1 - https:\/\/yoast.com\/wordpress\/plugins\/seo\/ -->\n<title>N\u00e9gritude - Ren\u00e9 Maran<\/title>\n<meta name=\"robots\" content=\"index, follow, max-snippet:-1, max-image-preview:large, max-video-preview:-1\" \/>\n<link rel=\"canonical\" href=\"https:\/\/renemaran.com\/index.php\/negritude\/\" \/>\n<meta property=\"og:locale\" content=\"fr_FR\" \/>\n<meta property=\"og:type\" content=\"article\" \/>\n<meta property=\"og:title\" content=\"N\u00e9gritude - Ren\u00e9 Maran\" \/>\n<meta property=\"og:description\" content=\"Ren\u00e9 Maran exprime des r\u00e9serves sur le mouvement naissant de la\u00a0n\u00e9gritude\u00a0dont il d\u00e9nonce les dangers\u00a0: \u00ab\u00a0Consid\u00e9r\u00e9 par les Noirs comme un pr\u00e9curseur de la\u00a0n\u00e9gritude, il avouait qu\u2019il la comprenait mal et avait tendance \u00e0 y voir un\u00a0racisme\u00a0plus qu\u2019une nouvelle forme d\u2019humanisme. Il se voulait, par-dessus tout et avec obstination \u00ab\u00a0un homme pareil aux autres\u00a0\u00bb\u00a0\u00bb \u2014\u00a0Lilyan [&hellip;]\" \/>\n<meta property=\"og:url\" content=\"https:\/\/renemaran.com\/index.php\/negritude\/\" \/>\n<meta property=\"og:site_name\" content=\"Ren\u00e9 Maran\" \/>\n<meta property=\"article:modified_time\" content=\"2021-04-23T10:23:47+00:00\" \/>\n<meta name=\"twitter:card\" content=\"summary_large_image\" \/>\n<meta name=\"twitter:label1\" content=\"Dur\u00e9e de lecture estim\u00e9e\" \/>\n\t<meta name=\"twitter:data1\" content=\"2 minutes\" \/>\n<script type=\"application\/ld+json\" class=\"yoast-schema-graph\">{\"@context\":\"https:\/\/schema.org\",\"@graph\":[{\"@type\":[\"Person\",\"Organization\"],\"@id\":\"https:\/\/renemaran.com\/#\/schema\/person\/c9f293ce270dbc362db19c0ee539baf5\",\"name\":\"Jimmy Brisset\",\"logo\":{\"@id\":\"https:\/\/renemaran.com\/#personlogo\"}},{\"@type\":\"WebSite\",\"@id\":\"https:\/\/renemaran.com\/#website\",\"url\":\"https:\/\/renemaran.com\/\",\"name\":\"Ren\u00e9 Maran\",\"description\":\"Premier \u00e9crivain noir \u00e0 obtenir le prix Goncourt en 1921\",\"publisher\":{\"@id\":\"https:\/\/renemaran.com\/#\/schema\/person\/c9f293ce270dbc362db19c0ee539baf5\"},\"potentialAction\":[{\"@type\":\"SearchAction\",\"target\":{\"@type\":\"EntryPoint\",\"urlTemplate\":\"https:\/\/renemaran.com\/?s={search_term_string}\"},\"query-input\":\"required name=search_term_string\"}],\"inLanguage\":\"fr-FR\"},{\"@type\":\"WebPage\",\"@id\":\"https:\/\/renemaran.com\/index.php\/negritude\/#webpage\",\"url\":\"https:\/\/renemaran.com\/index.php\/negritude\/\",\"name\":\"N\u00e9gritude - Ren\u00e9 Maran\",\"isPartOf\":{\"@id\":\"https:\/\/renemaran.com\/#website\"},\"datePublished\":\"2020-12-16T16:09:55+00:00\",\"dateModified\":\"2021-04-23T10:23:47+00:00\",\"breadcrumb\":{\"@id\":\"https:\/\/renemaran.com\/index.php\/negritude\/#breadcrumb\"},\"inLanguage\":\"fr-FR\",\"potentialAction\":[{\"@type\":\"ReadAction\",\"target\":[\"https:\/\/renemaran.com\/index.php\/negritude\/\"]}]},{\"@type\":\"BreadcrumbList\",\"@id\":\"https:\/\/renemaran.com\/index.php\/negritude\/#breadcrumb\",\"itemListElement\":[{\"@type\":\"ListItem\",\"position\":1,\"name\":\"Accueil\",\"item\":\"https:\/\/renemaran.com\/\"},{\"@type\":\"ListItem\",\"position\":2,\"name\":\"N\u00e9gritude\"}]}]}<\/script>\n<!-- \/ Yoast SEO plugin. -->","yoast_head_json":{"title":"N\u00e9gritude - Ren\u00e9 Maran","robots":{"index":"index","follow":"follow","max-snippet":"max-snippet:-1","max-image-preview":"max-image-preview:large","max-video-preview":"max-video-preview:-1"},"canonical":"https:\/\/renemaran.com\/index.php\/negritude\/","og_locale":"fr_FR","og_type":"article","og_title":"N\u00e9gritude - Ren\u00e9 Maran","og_description":"Ren\u00e9 Maran exprime des r\u00e9serves sur le mouvement naissant de la\u00a0n\u00e9gritude\u00a0dont il d\u00e9nonce les dangers\u00a0: \u00ab\u00a0Consid\u00e9r\u00e9 par les Noirs comme un pr\u00e9curseur de la\u00a0n\u00e9gritude, il avouait qu\u2019il la comprenait mal et avait tendance \u00e0 y voir un\u00a0racisme\u00a0plus qu\u2019une nouvelle forme d\u2019humanisme. Il se voulait, par-dessus tout et avec obstination \u00ab\u00a0un homme pareil aux autres\u00a0\u00bb\u00a0\u00bb \u2014\u00a0Lilyan [&hellip;]","og_url":"https:\/\/renemaran.com\/index.php\/negritude\/","og_site_name":"Ren\u00e9 Maran","article_modified_time":"2021-04-23T10:23:47+00:00","twitter_card":"summary_large_image","twitter_misc":{"Dur\u00e9e de lecture estim\u00e9e":"2 minutes"},"schema":{"@context":"https:\/\/schema.org","@graph":[{"@type":["Person","Organization"],"@id":"https:\/\/renemaran.com\/#\/schema\/person\/c9f293ce270dbc362db19c0ee539baf5","name":"Jimmy Brisset","logo":{"@id":"https:\/\/renemaran.com\/#personlogo"}},{"@type":"WebSite","@id":"https:\/\/renemaran.com\/#website","url":"https:\/\/renemaran.com\/","name":"Ren\u00e9 Maran","description":"Premier \u00e9crivain noir \u00e0 obtenir le prix Goncourt en 1921","publisher":{"@id":"https:\/\/renemaran.com\/#\/schema\/person\/c9f293ce270dbc362db19c0ee539baf5"},"potentialAction":[{"@type":"SearchAction","target":{"@type":"EntryPoint","urlTemplate":"https:\/\/renemaran.com\/?s={search_term_string}"},"query-input":"required name=search_term_string"}],"inLanguage":"fr-FR"},{"@type":"WebPage","@id":"https:\/\/renemaran.com\/index.php\/negritude\/#webpage","url":"https:\/\/renemaran.com\/index.php\/negritude\/","name":"N\u00e9gritude - Ren\u00e9 Maran","isPartOf":{"@id":"https:\/\/renemaran.com\/#website"},"datePublished":"2020-12-16T16:09:55+00:00","dateModified":"2021-04-23T10:23:47+00:00","breadcrumb":{"@id":"https:\/\/renemaran.com\/index.php\/negritude\/#breadcrumb"},"inLanguage":"fr-FR","potentialAction":[{"@type":"ReadAction","target":["https:\/\/renemaran.com\/index.php\/negritude\/"]}]},{"@type":"BreadcrumbList","@id":"https:\/\/renemaran.com\/index.php\/negritude\/#breadcrumb","itemListElement":[{"@type":"ListItem","position":1,"name":"Accueil","item":"https:\/\/renemaran.com\/"},{"@type":"ListItem","position":2,"name":"N\u00e9gritude"}]}]}},"_links":{"self":[{"href":"https:\/\/renemaran.com\/index.php\/wp-json\/wp\/v2\/pages\/2753"}],"collection":[{"href":"https:\/\/renemaran.com\/index.php\/wp-json\/wp\/v2\/pages"}],"about":[{"href":"https:\/\/renemaran.com\/index.php\/wp-json\/wp\/v2\/types\/page"}],"author":[{"embeddable":true,"href":"https:\/\/renemaran.com\/index.php\/wp-json\/wp\/v2\/users\/2"}],"replies":[{"embeddable":true,"href":"https:\/\/renemaran.com\/index.php\/wp-json\/wp\/v2\/comments?post=2753"}],"version-history":[{"count":31,"href":"https:\/\/renemaran.com\/index.php\/wp-json\/wp\/v2\/pages\/2753\/revisions"}],"predecessor-version":[{"id":3682,"href":"https:\/\/renemaran.com\/index.php\/wp-json\/wp\/v2\/pages\/2753\/revisions\/3682"}],"wp:attachment":[{"href":"https:\/\/renemaran.com\/index.php\/wp-json\/wp\/v2\/media?parent=2753"}],"curies":[{"name":"wp","href":"https:\/\/api.w.org\/{rel}","templated":true}]}}